{"id":1486,"date":"2026-01-20T12:11:11","date_gmt":"2026-01-20T12:11:11","guid":{"rendered":"https:\/\/bonuskongcasino.com\/login-and-registration\/"},"modified":"2026-03-24T07:53:12","modified_gmt":"2026-03-24T07:53:12","slug":"logowanie-i-rejestracja","status":"publish","type":"page","link":"https:\/\/thecowboyspin.org\/pl\/logowanie-i-rejestracja\/","title":{"rendered":"Logowanie i rejestracja"},"content":{"rendered":"<h1>Konfiguracja konta i logowanie do Cowboyspin<\/h1>\n<p>Niezale\u017cnie od tego, z jakiego urz\u0105dzenia korzystasz, Cowboyspin login jest szybki i \u0142atwy. Po skonfigurowaniu danych logowania zalogowanie si\u0119 na komputerze, tablecie lub telefonie zajmuje tylko kilka sekund. Polscy u\u017cytkownicy, kt\u00f3rzy graj\u0105 po raz pierwszy, musz\u0105 za\u0142o\u017cy\u0107 konto przed rozpocz\u0119ciem gry; proces ten nie zajmuje zbyt du\u017co czasu.<\/p>\n<p><div class=\"banner-wrap\" aria-label=\"Banner\"><img src=\"https:\/\/thecowboyspin.org\/wp-content\/uploads\/2026\/03\/banner-desktop2x.webp\" class=\"w-100 d-none d-lg-block img-pc main-banner-img\" alt=\"Cowboyspin bonus desktop\" fetchpriority=\"high\" decoding=\"async\"><img src=\"https:\/\/thecowboyspin.org\/wp-content\/uploads\/2026\/03\/banner-mobile2x.webp\" class=\"w-100 d-none d-md-block d-lg-none main-banner-img\" alt=\"Cowboyspin mobile\" fetchpriority=\"high\" decoding=\"async\"><img src=\"https:\/\/thecowboyspin.org\/wp-content\/uploads\/2026\/03\/banner-mobile2x.webp\" class=\"w-100 d-md-none\" alt=\"Cowboyspin mobile\" fetchpriority=\"high\" decoding=\"async\"><div class=\"banner-description\">\n<div class=\"banner-title\">Bonusy powitalne<\/div>\n<p class=\"banner-header-title\">1500 \u20ac<\/p>\n<div class=\"banner-header-AdditionalText\">+ 250 Darmowe spiny<\/div>\n<button data-item=\"homepage_banner_link\" class=\"goto m-button m-gradient-border m-button--primary m-button--large banner-button btn-orange\">\n            <div class=\"m-button-content\">\n                <span>Zarejestruj si\u0119 teraz<\/span>\n                <span><\/span>\n            <\/div>\n        <\/button>\n<\/div>\n<div class=\"WelcomePack\">\n<p><img loading=\"lazy\" decoding=\"async\" class=\"alignnone size-full wp-image-1848\" src=\"https:\/\/thecowboyspin.org\/wp-content\/uploads\/2026\/03\/welcome-crown-1.png\" alt=\"welcome crown\" width=\"25\" height=\"26\" \/><\/p>\n<div class=\"WelcomePack-Info\">Cotygodniowy zwrot got\u00f3wki do 25%<\/div>\n<p><img loading=\"lazy\" decoding=\"async\" class=\"alignnone size-full wp-image-1848\" src=\"https:\/\/thecowboyspin.org\/wp-content\/uploads\/2026\/03\/welcome-crown-1.png\" alt=\"welcome crown\" width=\"25\" height=\"26\" \/><\/p>\n<\/div>\n<\/div><div class=\"scrollable-content-wrap my-5\"><div class=\"scrollable-content-inner\"><h2>Rejestracja nowego u\u017cytkownika w Cowboyspin<\/h2>\n<p>Tylko zarejestrowani gracze maj\u0105 dost\u0119p do pe\u0142nej platformy kasyna Cowboyspin. Utworzenie konta odblokowuje ponad 6 000 gier, system bonus\u00f3w, kt\u00f3ry spe\u0142nia swoje obietnice, oraz funkcje, kt\u00f3re poprawiaj\u0105 wra\u017cenia z gry. Po zako\u0144czeniu procesu logowania do Cowboyspin zarz\u0105dzanie wp\u0142atami i wyp\u0142atami staje si\u0119 niezwykle \u0142atwe.<\/p>\n<p>Dost\u0119pne s\u0105 narz\u0119dzia odpowiedzialnej gry, kt\u00f3re pomog\u0105 Ci ustali\u0107 zdrowe granice, a tak\u017ce b\u0119dziesz mie\u0107 mn\u00f3stwo okazji do udzia\u0142u w promocjach. \u015arodki bezpiecze\u0144stwa w po\u0142\u0105czeniu z nowoczesnymi standardami szyfrowania chroni\u0105 Twoje konto przed pr\u00f3bami nieautoryzowanego dost\u0119pu i podejrzan\u0105 aktywno\u015bci\u0105 logowania.<\/p>\n<table>\n<tbody>\n<tr>\n<td>Co pojawia si\u0119 po rejestracji<\/td>\n<td>Szczeg\u00f3\u0142y<\/td>\n<td>Dlaczego to ma znaczenie<\/td>\n<\/tr>\n<tr>\n<td>1 500 \u20ac bonusu<\/td>\n<td>Roz\u0142o\u017cone na pierwsze trzy wp\u0142aty, a nie wyp\u0142acane jednorazowo<\/td>\n<td>Trwa tygodniami, zamiast znikn\u0105\u0107 w ci\u0105gu jednej nocy<\/td>\n<\/tr>\n<tr>\n<td>250 darmowych spin\u00f3w<\/td>\n<td>Otrzymujesz mniejsz\u0105 liczb\u0119, kt\u00f3r\u0105 faktycznie mo\u017cesz wykorzysta\u0107<\/td>\n<td>Nie tracisz 250 spin\u00f3w, zanim jutro wygasn\u0105<\/td>\n<\/tr>\n<tr>\n<td>Pe\u0142ny dost\u0119p do gier w Cowboy Spin Casino<\/td>\n<td>Ka\u017cda gra z biblioteki licz\u0105cej ponad 6 000 tytu\u0142\u00f3w jest dost\u0119pna od razu<\/td>\n<td>Nie mamy \u017cadnych ogranicze\u0144 typu \u201etylko dla cz\u0142onk\u00f3w VIP\u201d, kt\u00f3re blokowa\u0142yby dost\u0119p do dobrych ofert<\/td>\n<\/tr>\n<tr>\n<td>Turnieje<\/td>\n<td>Codzienne i cotygodniowe zawody, w kt\u00f3rych mo\u017cesz wzi\u0105\u0107 udzia\u0142 od razu<\/td>\n<td>U\u017cytkownicy mog\u0105 zacz\u0105\u0107 rywalizowa\u0107 o prawdziwe nagrody<\/td>\n<\/tr>\n<tr>\n<td>Kontrola bezpiecze\u0144stwa<\/td>\n<td>W ustawieniach konta dost\u0119pne s\u0105 limity wp\u0142at i opcja samowykluczenia<\/td>\n<td>Mo\u017cesz ustawi\u0107 granice, aby gra\u0107 odpowiedzialnie<\/td>\n<\/tr>\n<\/tbody>\n<\/table>\n<h3>Bonusy za rejestracj\u0119<\/h3>\n<p>Gdy tylko Twoja pierwsza wp\u0142ata zostanie zrealizowana, nowe konta automatycznie otrzymuj\u0105 pakiet powitalny Cowboyspin. To nie jest ma\u0142y prezent; to 1 500 \u20ac w postaci bonus\u00f3w pieni\u0119\u017cnych i 250 darmowych spin\u00f3w roz\u0142o\u017conych na pierwsze trzy wp\u0142aty, dzi\u0119ki czemu zabawa nie ko\u0144czy si\u0119 po pierwszym dniu.<\/p>\n<p>Wymagania dotycz\u0105ce obrotu pakietem powitalnym s\u0105 uczciwe. Kasyno Cowboyspin jasno okre\u015bla, co musisz zrobi\u0107. Nie ma \u017cadnych ukrytych mno\u017cnik\u00f3w w przypisach, kt\u00f3re zaskoczy\u0142yby Ci\u0119 w momencie wyp\u0142aty.<\/p>\n<h3>Za\u0142\u00f3\u017c konto<\/h3>\n<p>Aby rozpocz\u0105\u0107, kliknij przycisk \u201eZarejestruj si\u0119\u201d, aby otworzy\u0107 stron\u0119 rejestracji w Cowboy Spin.<\/p>\n<ol>\n<li>Najpierw wprowad\u017a sw\u00f3j adres e-mail i has\u0142o. Upewnij si\u0119, \u017ce has\u0142o jest silne, u\u017cywaj\u0105c liter, cyfr i symboli.<\/li>\n<li>Przeczytaj regulamin przed klikni\u0119ciem \u201eAkceptuj\u0119\u201d. Nast\u0119pnie kliknij \u201eZarejestruj si\u0119\u201d, aby przej\u015b\u0107 dalej.<\/li>\n<li>W kolejnym oknie nale\u017cy poda\u0107 imi\u0119 i nazwisko, dat\u0119 urodzenia, numer telefonu oraz inne podstawowe dane osobowe niezb\u0119dne do za\u0142o\u017cenia konta.<\/li>\n<li>Kliknij \u201eZapisz\u201d, aby przes\u0142a\u0107 wszystkie dane, a nast\u0119pnie potwierd\u017a sw\u00f3j adres e-mail za pomoc\u0105 linku, aby aktywowa\u0107 konto.<\/li>\n<\/ol>\n<p><img loading=\"lazy\" decoding=\"async\" class=\"alignnone size-full wp-image-2006\" src=\"https:\/\/thecowboyspin.org\/wp-content\/uploads\/2026\/03\/Cowboyspin.webp\" alt=\"Cowboyspin login\" width=\"1248\" height=\"536\" srcset=\"https:\/\/thecowboyspin.org\/wp-content\/uploads\/2026\/03\/Cowboyspin.webp 1248w, https:\/\/thecowboyspin.org\/wp-content\/uploads\/2026\/03\/Cowboyspin-300x129.webp 300w, https:\/\/thecowboyspin.org\/wp-content\/uploads\/2026\/03\/Cowboyspin-1024x440.webp 1024w, https:\/\/thecowboyspin.org\/wp-content\/uploads\/2026\/03\/Cowboyspin-768x330.webp 768w\" sizes=\"auto, (max-width: 1248px) 100vw, 1248px\" \/><\/p>\n<h2>Zarz\u0105dzanie kontem Cowboyspin<\/h2>\n<p>Logowanie do Cowboyspin jest nadal \u0142atwe i szybkie. Mo\u017cesz korzysta\u0107 z dowolnego urz\u0105dzenia, aby uzyska\u0107 nieograniczony dost\u0119p do wszystkich funkcji kasyna. Po zalogowaniu si\u0119 do Cowboyspin mo\u017cesz wykonywa\u0107 wszystkie czynno\u015bci, od zarz\u0105dzania kontem po granie w gry i \u015bledzenie swojej aktywno\u015bci, a wszystko to z poziomu tego samego panelu.<\/p>\n<p>Kliknij przycisk logowania, wpisz sw\u00f3j adres e-mail i has\u0142o, a nast\u0119pnie ponownie kliknij \u201eZaloguj si\u0119\u201d. Po zalogowaniu si\u0119 mo\u017cesz natychmiast uzyska\u0107 dost\u0119p do ustawie\u0144 konta, wp\u0142at, wyp\u0142at i post\u0119p\u00f3w w grach. Promocje, nagrody dla VIP-\u00f3w i mo\u017cliwo\u015b\u0107 udzia\u0142u w turniejach s\u0105 dost\u0119pne w tym samym miejscu.<\/p>\n<p>Z poziomu swojego konta w Cowboy Spin Casino mo\u017cesz:<\/p>\n<ul>\n<li>Graj we wszelkiego rodzaju automaty online, gry sto\u0142owe, gry kasynowe na \u017cywo oraz gry z natychmiastowymi wygranymi.<\/li>\n<li>Przegl\u0105da\u0107 ca\u0142\u0105 histori\u0119 gry, \u015bledz\u0105c sesje i wyniki.<\/li>\n<li>Wyp\u0142aci\u0107 wygrane, gdy uda Ci si\u0119 zdoby\u0107 co\u015b, co warto spieni\u0119\u017cy\u0107.<\/li>\n<li>Bra\u0107 udzia\u0142 w wydarzeniach i promocjach organizowanych na ca\u0142ej platformie.<\/li>\n<li>Je\u015bli uznasz, \u017ce warto wprowadzi\u0107 ograniczenia, w\u0142\u0105cz narz\u0119dzia odpowiedzialnej gry.<\/li>\n<li>Zmie\u0144 swoje ustawienia osobiste, gdy Twoje dane ulegn\u0105 zmianie.<\/li>\n<li>Do\u0142\u0105cz do turniej\u00f3w Cowboyspin, w kt\u00f3rych mo\u017cesz wygra\u0107 nagrody, graj\u0105c przeciwko innym graczom.<\/li>\n<\/ul>\n<h3>Zapomnia\u0142e\u015b has\u0142a?<\/h3>\n<p>Czasami has\u0142a po prostu znikaj\u0105 z pami\u0119ci. Nie martw si\u0119 tym; zdarza si\u0119 to ka\u017cdemu. Powr\u00f3t do kasyna i zako\u0144czenie procesu logowania w Cowboyspin zajmuje tylko kilka minut.<\/p>\n<ol>\n<li>Najpierw przejd\u017a do strony logowania Cowboy Spin.<\/li>\n<li>Kliknij \u201eNie pami\u0119tasz has\u0142a?\u201d w widocznym miejscu obok p\u00f3l logowania.<\/li>\n<li>Podaj sw\u00f3j zarejestrowany adres e-mail, aby system m\u00f3g\u0142 znale\u017a\u0107 w\u0142a\u015bciwe konto do zresetowania.<\/li>\n<li>W skrzynce odbiorczej powinna pojawi\u0107 si\u0119 wiadomo\u015b\u0107 e-mail od kasyna Cowboyspin z linkiem do zmiany has\u0142a.<\/li>\n<li>Utw\u00f3rz nowe, silne has\u0142o, a nast\u0119pnie u\u017cyj go do zalogowania si\u0119.<\/li>\n<\/ol>\n<h2>Weryfikacja konta w kasynie Cowboyspin i \u015brodki bezpiecze\u0144stwa<\/h2>\n<p>Weryfikujemy ka\u017cde konto w Cowboyspin, aby zapewni\u0107 bezpiecze\u0144stwo graczy i zachowa\u0107 integralno\u015b\u0107 strony. Aby zweryfikowa\u0107 swoj\u0105 to\u017csamo\u015b\u0107, musisz dostarczy\u0107 wyra\u017an\u0105 dokumentacj\u0119 i potwierdzi\u0107 sw\u00f3j adres. Tylko zweryfikowane konta mog\u0105 wyp\u0142aca\u0107 pieni\u0105dze i otrzymywa\u0107 bonusy.<\/p>\n<p>Nasz zesp\u00f3\u0142 sprawdza dokumenty w ci\u0105gu 48 godzin, cho\u0107 proces ten mo\u017ce przebiega\u0107 szybciej, je\u015bli nie ma zbyt wielu zg\u0142osze\u0144. Proces weryfikacji jest cz\u0119\u015bci\u0105 procedury KYC w Cowboy Spin. Procedura ta obejmuje przesy\u0142anie zaszyfrowanych danych, oferowanie u\u017cytkownikom uwierzytelniania dwusk\u0142adnikowego oraz r\u0119czne monitorowanie transakcji pod k\u0105tem podejrzanej aktywno\u015bci.<\/p>\n<h2>FAQ<\/h2>\n<h3>Co mam zrobi\u0107, je\u015bli moje konto jest zablokowane?<\/h3>\n<p>W wi\u0119kszo\u015bci przypadk\u00f3w to \u015brodki bezpiecze\u0144stwa powoduj\u0105 zablokowanie kont w kasynie Cowboyspin. Wyloguj si\u0119, a nast\u0119pnie zaloguj ponownie. Mo\u017ce to rozwi\u0105za\u0107 problem tymczasowych blokad. Upewnij si\u0119, \u017ce Twoje po\u0142\u0105czenie internetowe jest stabilne.<\/p>\n<p>Je\u015bli nadal nie mo\u017cesz si\u0119 zalogowa\u0107, skontaktuj si\u0119 z zespo\u0142em pomocy technicznej Cowboyspin. Nasza wieloj\u0119zyczna obs\u0142uga klienta jest gotowa pom\u00f3c Ci poprzez czat na \u017cywo w przypadku kr\u00f3tkich pyta\u0144 lub e-mailem, je\u015bli potrzebujesz bardziej szczeg\u00f3\u0142owej odpowiedzi.<\/p>\n<h3>Jak zaktualizowa\u0107 has\u0142o lub adres e-mail?<\/h3>\n<p>W ustawieniach konta Cowboy Spin \u0142atwo zmienisz adres e-mail lub has\u0142o. Na stronie swojego profilu kliknij \u201eUstawienia konta\u201d, a potem wybierz, co chcesz edytowa\u0107. Wpisz nowe dane i sprawd\u017a, czy wszystko jest w porz\u0105dku. System od razu zaktualizuje dane, bez czekania czy zatwierdzania. Po tym b\u0119dziesz m\u00f3g\u0142 bez problemu zalogowa\u0107 si\u0119 do Cowboyspin.<\/p>\n<h3>Czy mog\u0119 w\u0142\u0105czy\u0107 lub wy\u0142\u0105czy\u0107 uwierzytelnianie dwusk\u0142adnikowe?<\/h3>\n<p>W dowolnym momencie mo\u017cesz w\u0142\u0105czy\u0107 lub wy\u0142\u0105czy\u0107 uwierzytelnianie dwusk\u0142adnikowe w ustawieniach bezpiecze\u0144stwa konta. Aby si\u0119 zalogowa\u0107, b\u0119dziesz potrzebowa\u0107 has\u0142a oraz tokenu czasowego z aplikacji uwierzytelniaj\u0105cej, takiej jak Google Authenticator. Zapewnia to dodatkow\u0105 warstw\u0119 bezpiecze\u0144stwa. Nawet je\u015bli kto\u015b zdob\u0119dzie Twoje has\u0142o, przej\u0119cie Twojego konta b\u0119dzie dla niego trudniejsze. Je\u015bli wy\u0142\u0105czysz t\u0119 funkcj\u0119, nie b\u0119dziesz musia\u0142 wykonywa\u0107 tego kroku, co sprawi, \u017ce logowanie do Cowboyspin b\u0119dzie szybsze, ale mniej bezpieczne.<\/p>\n<\/div><\/div><\/p>\n","protected":false},"excerpt":{"rendered":"<p>Konfiguracja konta i logowanie do Cowboyspin Niezale\u017cnie od tego, z jakiego urz\u0105dzenia korzystasz, Cowboyspin login jest szybki i \u0142atwy. Po skonfigurowaniu danych logowania zalogowanie si\u0119 na komputerze, tablecie lub telefonie zajmuje tylko kilka sekund. Polscy u\u017cytkownicy, kt\u00f3rzy graj\u0105 po raz pierwszy, musz\u0105 za\u0142o\u017cy\u0107 konto przed rozpocz\u0119ciem gry; proces ten nie zajmuje zbyt du\u017co czasu.<\/p>\n","protected":false},"author":1,"featured_media":0,"parent":0,"menu_order":0,"comment_status":"closed","ping_status":"closed","template":"template-builder.php","meta":{"_acf_changed":false,"inline_featured_image":false,"footnotes":""},"class_list":["post-1486","page","type-page","status-publish","hentry"],"acf":[],"yoast_head":"<!-- This site is optimized with the Yoast SEO plugin v27.3 - https:\/\/yoast.com\/product\/yoast-seo-wordpress\/ -->\n<title>Cowboyspin Login | Zaloguj si\u0119 lub utw\u00f3rz nowe konto<\/title>\n<meta name=\"description\" content=\"Tw\u00f3j osobisty login Cowboyspin zapewnia szybki dost\u0119p do Twojego konta. Rejestracja nowych graczy jest szybka i w pe\u0142ni bezpieczna. Dost\u0119p do narz\u0119dzi zarz\u0105dzania kontem gwarantuje p\u0142ynn\u0105 rozgrywk\u0119 przez ca\u0142\u0105 dob\u0119.\" \/>\n<meta name=\"robots\" content=\"index, follow, max-snippet:-1, max-image-preview:large, max-video-preview:-1\" \/>\n<link rel=\"canonical\" href=\"https:\/\/thecowboyspin.org\/pl\/logowanie-i-rejestracja\/\" \/>\n<meta property=\"og:locale\" content=\"pl_PL\" \/>\n<meta property=\"og:type\" content=\"article\" \/>\n<meta property=\"og:title\" content=\"Cowboyspin Login | Zaloguj si\u0119 lub utw\u00f3rz nowe konto\" \/>\n<meta property=\"og:description\" content=\"Tw\u00f3j osobisty login Cowboyspin zapewnia szybki dost\u0119p do Twojego konta. Rejestracja nowych graczy jest szybka i w pe\u0142ni bezpieczna. Dost\u0119p do narz\u0119dzi zarz\u0105dzania kontem gwarantuje p\u0142ynn\u0105 rozgrywk\u0119 przez ca\u0142\u0105 dob\u0119.\" \/>\n<meta property=\"og:url\" content=\"https:\/\/thecowboyspin.org\/pl\/logowanie-i-rejestracja\/\" \/>\n<meta property=\"og:site_name\" content=\"cowboyspin\" \/>\n<meta property=\"article:modified_time\" content=\"2026-03-24T07:53:12+00:00\" \/>\n<meta name=\"twitter:card\" content=\"summary_large_image\" \/>\n<meta name=\"twitter:label1\" content=\"Est. reading time\" \/>\n\t<meta name=\"twitter:data1\" content=\"1 minute\" \/>\n<script type=\"application\/ld+json\" class=\"yoast-schema-graph\">{\"@context\":\"https:\\\/\\\/schema.org\",\"@graph\":[{\"@type\":\"WebPage\",\"@id\":\"https:\\\/\\\/thecowboyspin.org\\\/pl\\\/logowanie-i-rejestracja\\\/\",\"url\":\"https:\\\/\\\/thecowboyspin.org\\\/pl\\\/logowanie-i-rejestracja\\\/\",\"name\":\"Cowboyspin Login | Zaloguj si\u0119 lub utw\u00f3rz nowe konto\",\"isPartOf\":{\"@id\":\"https:\\\/\\\/thecowboyspin.org\\\/pl\\\/#website\"},\"datePublished\":\"2026-01-20T12:11:11+00:00\",\"dateModified\":\"2026-03-24T07:53:12+00:00\",\"description\":\"Tw\u00f3j osobisty login Cowboyspin zapewnia szybki dost\u0119p do Twojego konta. Rejestracja nowych graczy jest szybka i w pe\u0142ni bezpieczna. Dost\u0119p do narz\u0119dzi zarz\u0105dzania kontem gwarantuje p\u0142ynn\u0105 rozgrywk\u0119 przez ca\u0142\u0105 dob\u0119.\",\"breadcrumb\":{\"@id\":\"https:\\\/\\\/thecowboyspin.org\\\/pl\\\/logowanie-i-rejestracja\\\/#breadcrumb\"},\"inLanguage\":\"pl-PL\",\"potentialAction\":[{\"@type\":\"ReadAction\",\"target\":[\"https:\\\/\\\/thecowboyspin.org\\\/pl\\\/logowanie-i-rejestracja\\\/\"]}]},{\"@type\":\"BreadcrumbList\",\"@id\":\"https:\\\/\\\/thecowboyspin.org\\\/pl\\\/logowanie-i-rejestracja\\\/#breadcrumb\",\"itemListElement\":[{\"@type\":\"ListItem\",\"position\":1,\"name\":\"Cowboyspin\",\"item\":\"https:\\\/\\\/thecowboyspin.org\\\/pl\\\/\"},{\"@type\":\"ListItem\",\"position\":2,\"name\":\"Logowanie i rejestracja\"}]},{\"@type\":\"WebSite\",\"@id\":\"https:\\\/\\\/thecowboyspin.org\\\/pl\\\/#website\",\"url\":\"https:\\\/\\\/thecowboyspin.org\\\/pl\\\/\",\"name\":\"Cowboyspin\",\"description\":\"\",\"publisher\":{\"@id\":\"https:\\\/\\\/thecowboyspin.org\\\/pl\\\/#organization\"},\"potentialAction\":[{\"@type\":\"SearchAction\",\"target\":{\"@type\":\"EntryPoint\",\"urlTemplate\":\"https:\\\/\\\/thecowboyspin.org\\\/pl\\\/?s={search_term_string}\"},\"query-input\":{\"@type\":\"PropertyValueSpecification\",\"valueRequired\":true,\"valueName\":\"search_term_string\"}}],\"inLanguage\":\"pl-PL\"},{\"@type\":\"Organization\",\"@id\":\"https:\\\/\\\/thecowboyspin.org\\\/pl\\\/#organization\",\"name\":\"Cowboyspin\",\"url\":\"https:\\\/\\\/thecowboyspin.org\\\/pl\\\/\",\"logo\":{\"@type\":\"ImageObject\",\"inLanguage\":\"pl-PL\",\"@id\":\"https:\\\/\\\/thecowboyspin.org\\\/pl\\\/#\\\/schema\\\/logo\\\/image\\\/\",\"url\":\"https:\\\/\\\/thecowboyspin.org\\\/wp-content\\\/uploads\\\/2026\\\/03\\\/cowboyspin-logo.png\",\"contentUrl\":\"https:\\\/\\\/thecowboyspin.org\\\/wp-content\\\/uploads\\\/2026\\\/03\\\/cowboyspin-logo.png\",\"width\":180,\"height\":66,\"caption\":\"Cowboyspin\"},\"image\":{\"@id\":\"https:\\\/\\\/thecowboyspin.org\\\/pl\\\/#\\\/schema\\\/logo\\\/image\\\/\"}}]}<\/script>\n<!-- \/ Yoast SEO plugin. -->","yoast_head_json":{"title":"Cowboyspin Login | Zaloguj si\u0119 lub utw\u00f3rz nowe konto","description":"Tw\u00f3j osobisty login Cowboyspin zapewnia szybki dost\u0119p do Twojego konta. Rejestracja nowych graczy jest szybka i w pe\u0142ni bezpieczna. Dost\u0119p do narz\u0119dzi zarz\u0105dzania kontem gwarantuje p\u0142ynn\u0105 rozgrywk\u0119 przez ca\u0142\u0105 dob\u0119.","robots":{"index":"index","follow":"follow","max-snippet":"max-snippet:-1","max-image-preview":"max-image-preview:large","max-video-preview":"max-video-preview:-1"},"canonical":"https:\/\/thecowboyspin.org\/pl\/logowanie-i-rejestracja\/","og_locale":"pl_PL","og_type":"article","og_title":"Cowboyspin Login | Zaloguj si\u0119 lub utw\u00f3rz nowe konto","og_description":"Tw\u00f3j osobisty login Cowboyspin zapewnia szybki dost\u0119p do Twojego konta. Rejestracja nowych graczy jest szybka i w pe\u0142ni bezpieczna. Dost\u0119p do narz\u0119dzi zarz\u0105dzania kontem gwarantuje p\u0142ynn\u0105 rozgrywk\u0119 przez ca\u0142\u0105 dob\u0119.","og_url":"https:\/\/thecowboyspin.org\/pl\/logowanie-i-rejestracja\/","og_site_name":"cowboyspin","article_modified_time":"2026-03-24T07:53:12+00:00","twitter_card":"summary_large_image","twitter_misc":{"Est. reading time":"1 minute"},"schema":{"@context":"https:\/\/schema.org","@graph":[{"@type":"WebPage","@id":"https:\/\/thecowboyspin.org\/pl\/logowanie-i-rejestracja\/","url":"https:\/\/thecowboyspin.org\/pl\/logowanie-i-rejestracja\/","name":"Cowboyspin Login | Zaloguj si\u0119 lub utw\u00f3rz nowe konto","isPartOf":{"@id":"https:\/\/thecowboyspin.org\/pl\/#website"},"datePublished":"2026-01-20T12:11:11+00:00","dateModified":"2026-03-24T07:53:12+00:00","description":"Tw\u00f3j osobisty login Cowboyspin zapewnia szybki dost\u0119p do Twojego konta. Rejestracja nowych graczy jest szybka i w pe\u0142ni bezpieczna. Dost\u0119p do narz\u0119dzi zarz\u0105dzania kontem gwarantuje p\u0142ynn\u0105 rozgrywk\u0119 przez ca\u0142\u0105 dob\u0119.","breadcrumb":{"@id":"https:\/\/thecowboyspin.org\/pl\/logowanie-i-rejestracja\/#breadcrumb"},"inLanguage":"pl-PL","potentialAction":[{"@type":"ReadAction","target":["https:\/\/thecowboyspin.org\/pl\/logowanie-i-rejestracja\/"]}]},{"@type":"BreadcrumbList","@id":"https:\/\/thecowboyspin.org\/pl\/logowanie-i-rejestracja\/#breadcrumb","itemListElement":[{"@type":"ListItem","position":1,"name":"Cowboyspin","item":"https:\/\/thecowboyspin.org\/pl\/"},{"@type":"ListItem","position":2,"name":"Logowanie i rejestracja"}]},{"@type":"WebSite","@id":"https:\/\/thecowboyspin.org\/pl\/#website","url":"https:\/\/thecowboyspin.org\/pl\/","name":"Cowboyspin","description":"","publisher":{"@id":"https:\/\/thecowboyspin.org\/pl\/#organization"},"potentialAction":[{"@type":"SearchAction","target":{"@type":"EntryPoint","urlTemplate":"https:\/\/thecowboyspin.org\/pl\/?s={search_term_string}"},"query-input":{"@type":"PropertyValueSpecification","valueRequired":true,"valueName":"search_term_string"}}],"inLanguage":"pl-PL"},{"@type":"Organization","@id":"https:\/\/thecowboyspin.org\/pl\/#organization","name":"Cowboyspin","url":"https:\/\/thecowboyspin.org\/pl\/","logo":{"@type":"ImageObject","inLanguage":"pl-PL","@id":"https:\/\/thecowboyspin.org\/pl\/#\/schema\/logo\/image\/","url":"https:\/\/thecowboyspin.org\/wp-content\/uploads\/2026\/03\/cowboyspin-logo.png","contentUrl":"https:\/\/thecowboyspin.org\/wp-content\/uploads\/2026\/03\/cowboyspin-logo.png","width":180,"height":66,"caption":"Cowboyspin"},"image":{"@id":"https:\/\/thecowboyspin.org\/pl\/#\/schema\/logo\/image\/"}}]}},"_links":{"self":[{"href":"https:\/\/thecowboyspin.org\/pl\/wp-json\/wp\/v2\/pages\/1486","targetHints":{"allow":["GET"]}}],"collection":[{"href":"https:\/\/thecowboyspin.org\/pl\/wp-json\/wp\/v2\/pages"}],"about":[{"href":"https:\/\/thecowboyspin.org\/pl\/wp-json\/wp\/v2\/types\/page"}],"author":[{"embeddable":true,"href":"https:\/\/thecowboyspin.org\/pl\/wp-json\/wp\/v2\/users\/1"}],"replies":[{"embeddable":true,"href":"https:\/\/thecowboyspin.org\/pl\/wp-json\/wp\/v2\/comments?post=1486"}],"version-history":[{"count":3,"href":"https:\/\/thecowboyspin.org\/pl\/wp-json\/wp\/v2\/pages\/1486\/revisions"}],"predecessor-version":[{"id":2068,"href":"https:\/\/thecowboyspin.org\/pl\/wp-json\/wp\/v2\/pages\/1486\/revisions\/2068"}],"wp:attachment":[{"href":"https:\/\/thecowboyspin.org\/pl\/wp-json\/wp\/v2\/media?parent=1486"}],"curies":[{"name":"wp","href":"https:\/\/api.w.org\/{rel}","templated":true}]}}