{"id":1447,"date":"2026-01-20T12:08:23","date_gmt":"2026-01-20T12:08:23","guid":{"rendered":"https:\/\/bonuskongcasino.com\/app\/"},"modified":"2026-03-24T07:50:34","modified_gmt":"2026-03-24T07:50:34","slug":"aplikacja","status":"publish","type":"page","link":"https:\/\/thecowboyspin.org\/pl\/aplikacja\/","title":{"rendered":"Aplikacja"},"content":{"rendered":"<h1>Korzystanie z Cowboy Spin na urz\u0105dzeniach mobilnych<\/h1>\n<p>Cowboyspin App nadaje mobilnym grom kasynowym nowy wymiar, kt\u00f3ry dzia\u0142a dok\u0142adnie tak, jak tego oczekuj\u0105 gracze z Polski. Oprogramowanie dzia\u0142a zar\u00f3wno na smartfonach z systemem Android, jak i iOS i zapewnia pe\u0142ny dost\u0119p do wszystkich gier oraz narz\u0119dzi do zarz\u0105dzania kasynem.<\/p>\n<p>Niezale\u017cnie od rozmiaru ekranu, z kt\u00f3rego korzystasz \u2013 telefonu, tabletu czy innego urz\u0105dzenia \u2013 interfejs Cowboyspin b\u0119dzie do niego dopasowany. G\u0142\u00f3wne funkcje s\u0105 nadal \u0142atwe do znalezienia, poniewa\u017c wszystko zosta\u0142o stworzone z my\u015bl\u0105 o prostocie i wygodzie u\u017cytkowania.<\/p>\n<div class=\"banner-wrap\" aria-label=\"Banner\"><img src=\"https:\/\/thecowboyspin.org\/wp-content\/uploads\/2026\/03\/banner-desktop2x.webp\" class=\"w-100 d-none d-lg-block img-pc main-banner-img\" alt=\"Cowboyspin bonus desktop\" fetchpriority=\"high\" decoding=\"async\"><img src=\"https:\/\/thecowboyspin.org\/wp-content\/uploads\/2026\/03\/banner-mobile2x.webp\" class=\"w-100 d-none d-md-block d-lg-none main-banner-img\" alt=\"Cowboyspin mobile\" fetchpriority=\"high\" decoding=\"async\"><img src=\"https:\/\/thecowboyspin.org\/wp-content\/uploads\/2026\/03\/banner-mobile2x.webp\" class=\"w-100 d-md-none\" alt=\"Cowboyspin mobile\" fetchpriority=\"high\" decoding=\"async\"><div class=\"banner-description\">\n<div class=\"banner-title\">Bonusy powitalne<\/div>\n<p class=\"banner-header-title\">1500 \u20ac<\/p>\n<div class=\"banner-header-AdditionalText\">+ 250 Darmowe spiny<\/div>\n<button data-item=\"homepage_banner_link\" class=\"goto m-button m-gradient-border m-button--primary m-button--large banner-button btn-orange\">\n            <div class=\"m-button-content\">\n                <span>Zarejestruj si\u0119 teraz<\/span>\n                <span><\/span>\n            <\/div>\n        <\/button>\n<\/div>\n<div class=\"WelcomePack\">\n<p><img loading=\"lazy\" decoding=\"async\" class=\"alignnone size-full wp-image-1848\" src=\"https:\/\/thecowboyspin.org\/wp-content\/uploads\/2026\/03\/welcome-crown-1.png\" alt=\"welcome crown\" width=\"25\" height=\"26\" \/><\/p>\n<div class=\"WelcomePack-Info\">Cotygodniowy zwrot got\u00f3wki do 25%<\/div>\n<p><img loading=\"lazy\" decoding=\"async\" class=\"alignnone size-full wp-image-1848\" src=\"https:\/\/thecowboyspin.org\/wp-content\/uploads\/2026\/03\/welcome-crown-1.png\" alt=\"welcome crown\" width=\"25\" height=\"26\" \/><\/p>\n<\/div>\n<\/div>\n<h2>Dost\u0119p mobilny w Cowboyspin<\/h2>\n<p>Kasyno Cowboyspin oferuje zar\u00f3wno aplikacj\u0119 mobiln\u0105, jak i wersj\u0119 na komputer, z kt\u00f3rych ka\u017cda ma swoje zalety. Obie zapewniaj\u0105 pe\u0142ny dost\u0119p do gier, obs\u0142ugi p\u0142atno\u015bci i innych narz\u0119dzi platformy. G\u0142\u00f3wna r\u00f3\u017cnica polega na tym, gdzie i jak grasz.<\/p>\n<p>W gry kasynowe mo\u017cna gra\u0107 wsz\u0119dzie tam, gdzie masz telefon i zainstalowan\u0105 aplikacj\u0119 Cowboyspin. Nie musisz najpierw otwiera\u0107 przegl\u0105darki, aby uruchomi\u0107 oprogramowanie. Powiadomienia push to najlepsza funkcja aplikacji, poniewa\u017c na bie\u017c\u0105co informuj\u0105 graczy o wszystkim, co dzieje si\u0119 na platformie Cowboy Spin, np. o nowych promocjach, wynikach turniej\u00f3w i innych wa\u017cnych wiadomo\u015bciach.<\/p>\n<p>Wersja na komputery PC zapewnia wi\u0119kszy ekran. Jest to szczeg\u00f3lnie przydatne w przypadku automat\u00f3w online i gier z krupierem na \u017cywo, gdzie wa\u017cne jest prawid\u0142owe wy\u015bwietlanie informacji. Obie wersje obs\u0142uguj\u0105 wp\u0142aty i wyp\u0142aty w ten sam spos\u00f3b, bezproblemowo przeprowadzaj\u0105 u\u017cytkownika przez proces weryfikacji oraz zapewniaj\u0105 dost\u0119p do narz\u0119dzi odpowiedzialnej gry, kt\u00f3re pozwalaj\u0105 zachowa\u0107 kontrol\u0119 nad sytuacj\u0105.<\/p>\n<p><div class=\"scrollable-content-wrap my-5\"><div class=\"scrollable-content-inner\"><h2>Aplikacja Cowboyspin na iOS<\/h2>\n<p>Z aplikacji Cowboyspin mo\u017cna korzysta\u0107 na ka\u017cdym iPhonie lub iPadzie. Dzia\u0142a ona w przegl\u0105darce Safari, a tak\u017ce s\u0142u\u017cy jako skr\u00f3t zapewniaj\u0105cy szybki dost\u0119p. Gracze otrzymuj\u0105 powiadomienia o:<\/p>\n<ul>\n<li>nowych promocjach,<\/li>\n<li>wyniki turniej\u00f3w,<\/li>\n<li>zmianach na platformie,<\/li>\n<li>oraz nowych gier dodanych do biblioteki.<\/li>\n<\/ul>\n<p>Mo\u017cesz od razu przej\u015b\u0107 do kasyna Cowboyspin, klikaj\u0105c ikon\u0119 na ekranie g\u0142\u00f3wnym.<\/p>\n<h3>Jak zainstalowa\u0107 aplikacj\u0119 Cowboyspin Casino na iOS<\/h3>\n<p>Ka\u017cdy mo\u017ce \u0142atwo pobra\u0107 aplikacj\u0119 na swojego iPhone&#8217;a lub iPada:<\/p>\n<ol>\n<li>Po otwarciu strony internetowej Cowboyspin poszukaj przycisku \u201eUdost\u0119pnij\u201d u do\u0142u ekranu. Po jego dotkni\u0119ciu pojawi si\u0119 menu z r\u00f3\u017cnymi opcjami.<\/li>\n<li>Przewi\u0144 w d\u00f3\u0142 i dotknij \u201eDodaj do ekranu g\u0142\u00f3wnego\u201d.<\/li>\n<li>Safari pozwala zobaczy\u0107, jak ikona b\u0119dzie wygl\u0105da\u0107 na ekranie g\u0142\u00f3wnym. Mo\u017cesz nawet j\u0105 zmieni\u0107, je\u015bli nie podoba Ci si\u0119 domy\u015blna nazwa lub chcesz, \u017ceby by\u0142a kr\u00f3tsza.<\/li>\n<li>Po dotkni\u0119ciu przycisku \u201eDodaj\u201d w prawym g\u00f3rnym rogu w celu potwierdzenia, ikona aplikacji Cowboy Spin pojawi si\u0119 na ekranie g\u0142\u00f3wnym wraz z innymi aplikacjami.<\/li>\n<li>Aby teraz otworzy\u0107 kasyno, wystarczy dotkn\u0105\u0107 ikony, tak jak w przypadku ka\u017cdej innej aplikacji.<\/li>\n<\/ol>\n<p><img loading=\"lazy\" decoding=\"async\" class=\"alignnone size-full wp-image-1996\" src=\"https:\/\/thecowboyspin.org\/wp-content\/uploads\/2026\/03\/Cowboyspin-iOS-App.webp\" alt=\"Cowboyspin iOS App\" width=\"1248\" height=\"536\" srcset=\"https:\/\/thecowboyspin.org\/wp-content\/uploads\/2026\/03\/Cowboyspin-iOS-App.webp 1248w, https:\/\/thecowboyspin.org\/wp-content\/uploads\/2026\/03\/Cowboyspin-iOS-App-300x129.webp 300w, https:\/\/thecowboyspin.org\/wp-content\/uploads\/2026\/03\/Cowboyspin-iOS-App-1024x440.webp 1024w, https:\/\/thecowboyspin.org\/wp-content\/uploads\/2026\/03\/Cowboyspin-iOS-App-768x330.webp 768w\" sizes=\"auto, (max-width: 1248px) 100vw, 1248px\" \/><\/p>\n<\/div><\/div><div style=\"clear: both\"><\/div><div class=\"d-flex justify-content-center\"><button data-item=\"decouvrez_link\" data-group=\"website_links\" class=\"goto fw-bold rounded-pill btn btn-orange\" aria-label=\"Pobierz aplikacj\u0119 Cowboyspin\" >Pobierz aplikacj\u0119 Cowboyspin<\/button><\/div><div class=\"scrollable-content-wrap my-5\"><div class=\"scrollable-content-inner\"><h2>Aplikacja Cowboyspin na Androida<\/h2>\n<p>Android otrzymuje aplikacj\u0119 Cowboyspin jako progresywn\u0105 aplikacj\u0119 internetow\u0105, kt\u00f3ra w og\u00f3le nie wymaga plik\u00f3w APK. Mo\u017cesz zainstalowa\u0107 PWA bezpo\u015brednio ze strony internetowej, dodaj\u0105c j\u0105 do ekranu g\u0142\u00f3wnego, a b\u0119dzie ona dzia\u0142a\u0107 w przegl\u0105darce bez \u017cadnych zewn\u0119trznych \u017ar\u00f3de\u0142. Ten format u\u0142atwia szybki dost\u0119p do wszystkich funkcji. Domy\u015blnie otrzymujesz pe\u0142ny dost\u0119p do wszystkich gier i narz\u0119dzi kasyna Cowboyspin. Granie na smartfonach z systemem Android zapewnia wspania\u0142e wra\u017cenia z gry, nie zajmuj\u0105c zbyt du\u017co miejsca.<\/p>\n<p>Wersja aplikacji Cowboy Spin na Androida jest szybka i \u0142atwa w u\u017cyciu. Mo\u017cesz gra\u0107 w gry, dokonywa\u0107 p\u0142atno\u015bci, otrzymywa\u0107 bonusy i zmienia\u0107 ustawienia konta tak samo, jak na innych platformach. Kasyno Cowboyspin b\u0119dzie wysy\u0142a\u0107 Ci powiadomienia, aby\u015b by\u0142 na bie\u017c\u0105co z tym, co dzieje si\u0119 na platformie.<\/p>\n<p><img loading=\"lazy\" decoding=\"async\" class=\"alignnone size-full wp-image-1980\" src=\"https:\/\/thecowboyspin.org\/wp-content\/uploads\/2026\/03\/Cowboyspin-Android-App.webp\" alt=\"Cowboyspin Android App\" width=\"1248\" height=\"536\" srcset=\"https:\/\/thecowboyspin.org\/wp-content\/uploads\/2026\/03\/Cowboyspin-Android-App.webp 1248w, https:\/\/thecowboyspin.org\/wp-content\/uploads\/2026\/03\/Cowboyspin-Android-App-300x129.webp 300w, https:\/\/thecowboyspin.org\/wp-content\/uploads\/2026\/03\/Cowboyspin-Android-App-1024x440.webp 1024w, https:\/\/thecowboyspin.org\/wp-content\/uploads\/2026\/03\/Cowboyspin-Android-App-768x330.webp 768w\" sizes=\"auto, (max-width: 1248px) 100vw, 1248px\" \/><\/p>\n<\/div><\/div><div style=\"clear: both\"><\/div><div class=\"d-flex justify-content-center\"><button data-item=\"decouvrez_link\" data-group=\"website_links\" class=\"goto fw-bold rounded-pill btn btn-orange\" aria-label=\"Pobierz aplikacj\u0119 Cowboyspin\" >Pobierz aplikacj\u0119 Cowboyspin<\/button><\/div><div class=\"scrollable-content-wrap my-5\"><div class=\"scrollable-content-inner\"><h2>Aplikacje na Windows i Mac<\/h2>\n<p>Aplikacja Cowboyspin Casino dzia\u0142a zar\u00f3wno na komputerach z systemem Windows, jak i Mac. Nie ma skomplikowanych konfiguracji ani ogromnych plik\u00f3w do pobrania. Gracze tworz\u0105 skr\u00f3ty na pulpicie, kt\u00f3re przenosz\u0105 ich bezpo\u015brednio na stron\u0119 kasyna. Skr\u00f3ty te dzia\u0142aj\u0105 jak niezale\u017cne aplikacje internetowe, kt\u00f3re pozwalaj\u0105 graczom uzyska\u0107 dost\u0119p do strony za pomoc\u0105 jednego klikni\u0119cia.<\/p>\n<p>Interfejs zosta\u0142 zaprojektowany z my\u015bl\u0105 o du\u017cych ekranach komputer\u00f3w stacjonarnych i obs\u0142uguje strumieniowanie w wysokiej jako\u015bci, co pozwala w pe\u0142ni wykorzysta\u0107 potencja\u0142 rozmiaru monitora. Komputery stacjonarne s\u0105 szybsze ni\u017c procesory urz\u0105dze\u0144 mobilnych, dzi\u0119ki czemu gry s\u0105 przesy\u0142ane strumieniowo w doskona\u0142ej jako\u015bci.<\/p>\n<h3>Zalety bezpiecze\u0144stwa PWA<\/h3>\n<p>Architektura aplikacji internetowej Cowboyspin oferuje rzeczywiste korzy\u015bci w zakresie bezpiecze\u0144stwa, opr\u00f3cz \u0142atwo\u015bci u\u017cytkowania. Je\u015bli nie pobierasz \u017cadnych plik\u00f3w, nie ma mo\u017cliwo\u015bci zainfekowania wirusem. Po prostu korzystasz z przegl\u0105darki, aby uzyska\u0107 dost\u0119p do bezpiecznej platformy internetowej. Wszystko dzia\u0142a w protokole HTTPS, co oznacza, \u017ce dane s\u0105 domy\u015blnie szyfrowane. Aktualizacje odbywaj\u0105 si\u0119 po prostu po otwarciu aplikacji PWA, wi\u0119c nigdy nie uruchomisz przez pomy\u0142k\u0119 starej, podatnej na ataki wersji aplikacji, kt\u00f3ra zawiera luki w zabezpieczeniach.<\/p>\n<table>\n<tbody>\n<tr>\n<td>Funkcja bezpiecze\u0144stwa Cowboyspin<\/td>\n<td>Jak chroni u\u017cytkownika<\/td>\n<td>Co zyskujesz<\/td>\n<\/tr>\n<tr>\n<td>\u015arodowisko typu sandbox<\/td>\n<td>Aplikacja PWA uzyskuje dost\u0119p tylko do tych informacji, kt\u00f3rych potrzebuje, wi\u0119c Twoje dane osobowe pozostaj\u0105 oddzielone<\/td>\n<td>Twoje kontakty, zdj\u0119cia i informacje s\u0105 bezpieczne i poufne<\/td>\n<\/tr>\n<tr>\n<td>Brak konieczno\u015bci pobierania plik\u00f3w<\/td>\n<td>Nie musisz niczego instalowa\u0107, aby z niej korzysta\u0107; dzia\u0142a ona bezpo\u015brednio w przegl\u0105darce<\/td>\n<td>Urz\u0105dzenie czyste, bez zb\u0119dnych plik\u00f3w i ukrytych informacji<\/td>\n<\/tr>\n<tr>\n<td>Zawsze w\u0142\u0105czony protok\u00f3\u0142 HTTPS<\/td>\n<td>Ka\u017cdy bit danych jest przesy\u0142any w postaci zaszyfrowanej mi\u0119dzy Tob\u0105 a Cowboy Spin<\/td>\n<td>Twoje has\u0142a, p\u0142atno\u015bci i dane osobowe s\u0105 bezpieczne dzi\u0119ki szyfrowaniu na poziomie bankowym<\/td>\n<\/tr>\n<tr>\n<td>Automatyczne aktualizacje<\/td>\n<td>Najnowsze aktualizacje zabezpiecze\u0144 wchodz\u0105 w \u017cycie natychmiast w tle<\/td>\n<td>Dzi\u0119ki najnowszym zabezpieczeniom jeste\u015b zawsze bezpieczny i nie musisz nic robi\u0107, aby z nich korzysta\u0107<\/td>\n<\/tr>\n<\/tbody>\n<\/table>\n<p><img loading=\"lazy\" decoding=\"async\" class=\"alignnone size-full wp-image-1988\" src=\"https:\/\/thecowboyspin.org\/wp-content\/uploads\/2026\/03\/Cowboyspin-Desktop.webp\" alt=\"Cowboyspin Desktop\" width=\"1248\" height=\"536\" srcset=\"https:\/\/thecowboyspin.org\/wp-content\/uploads\/2026\/03\/Cowboyspin-Desktop.webp 1248w, https:\/\/thecowboyspin.org\/wp-content\/uploads\/2026\/03\/Cowboyspin-Desktop-300x129.webp 300w, https:\/\/thecowboyspin.org\/wp-content\/uploads\/2026\/03\/Cowboyspin-Desktop-1024x440.webp 1024w, https:\/\/thecowboyspin.org\/wp-content\/uploads\/2026\/03\/Cowboyspin-Desktop-768x330.webp 768w\" sizes=\"auto, (max-width: 1248px) 100vw, 1248px\" \/><\/p>\n<\/div><\/div><div style=\"clear: both\"><\/div><div class=\"d-flex justify-content-center\"><button data-item=\"decouvrez_link\" data-group=\"website_links\" class=\"goto fw-bold rounded-pill btn btn-orange\" aria-label=\"Pobierz aplikacj\u0119 Cowboyspin\" >Pobierz aplikacj\u0119 Cowboyspin<\/button><\/div><div class=\"scrollable-content-wrap my-5\"><div class=\"scrollable-content-inner\"><h2>Cz\u0119sto zadawane pytania<\/h2>\n<h3>Czy mog\u0119 zainstalowa\u0107 aplikacj\u0119 poza oficjalnymi sklepami z aplikacjami?<\/h3>\n<p>W\u0142a\u015bnie o to chodzi w Cowboyspin, kt\u00f3ry wykorzystuje technologi\u0119 PWA. Mo\u017cesz zainstalowa\u0107 j\u0105 bezpo\u015brednio ze strony internetowej za pomoc\u0105 przegl\u0105darki, bez konieczno\u015bci przechodzenia przez App Store lub Google Play. Po prostu wejd\u017a na stron\u0119 i samodzielnie dodaj j\u0105 do ekranu g\u0142\u00f3wnego.<\/p>\n<h3>Czy do korzystania z aplikacji Cowboyspin konieczne jest utworzenie konta?<\/h3>\n<p>Zanim zaczniesz korzysta\u0107 z aplikacji Cowboy Spin, musisz za\u0142o\u017cy\u0107 konto. Po rejestracji mo\u017cesz gra\u0107 w gry, otrzymywa\u0107 bonusy, wp\u0142aca\u0107 pieni\u0105dze i je wyp\u0142aca\u0107. Bez konta platforma pozostaje zablokowana, poniewa\u017c tryb demo nie obejmuje wszystkich funkcji.<\/p>\n<h3>Czy aplikacja kasyna oferuje obs\u0142ug\u0119 klienta?<\/h3>\n<p>Aplikacja Cowboyspin Casino posiada wbudowan\u0105 w interfejs funkcj\u0119 czatu na \u017cywo, kt\u00f3ra pozwala na natychmiastowy kontakt z obs\u0142ug\u0105 klienta. Obs\u0142uga klienta jest dost\u0119pna 24 godziny na dob\u0119, 7 dni w tygodniu i szybko odpowiada na pytania. Zesp\u00f3\u0142 ekspert\u00f3w mo\u017ce pom\u00f3c w ka\u017cdej sprawie. Je\u015bli Twoja sprawa wymaga wi\u0119cej wyja\u015bnie\u0144 ni\u017c pozwala na to czat, dost\u0119pna jest r\u00f3wnie\u017c pomoc przez e-mail.<\/p>\n<\/div><\/div><\/p>\n","protected":false},"excerpt":{"rendered":"<p>Korzystanie z Cowboy Spin na urz\u0105dzeniach mobilnych Cowboyspin App nadaje mobilnym grom kasynowym nowy wymiar, kt\u00f3ry dzia\u0142a dok\u0142adnie tak, jak tego oczekuj\u0105 gracze z Polski. Oprogramowanie dzia\u0142a zar\u00f3wno na smartfonach z systemem Android, jak i iOS i zapewnia pe\u0142ny dost\u0119p do wszystkich gier oraz narz\u0119dzi do zarz\u0105dzania kasynem. Niezale\u017cnie od rozmiaru ekranu, z kt\u00f3rego korzystasz [&hellip;]<\/p>\n","protected":false},"author":1,"featured_media":0,"parent":0,"menu_order":0,"comment_status":"closed","ping_status":"closed","template":"template-builder.php","meta":{"_acf_changed":false,"inline_featured_image":false,"footnotes":""},"class_list":["post-1447","page","type-page","status-publish","hentry"],"acf":[],"yoast_head":"<!-- This site is optimized with the Yoast SEO plugin v27.3 - https:\/\/yoast.com\/product\/yoast-seo-wordpress\/ -->\n<title>Cowboyspin Casino Aplikacja | Pobierz na telefon<\/title>\n<meta name=\"description\" content=\"Aplikacja Cowboyspin zapewnia dost\u0119p do wszystkich ulubionych gier na smartfonach, tabletach i komputerach stacjonarnych. Gracze mog\u0105 cieszy\u0107 si\u0119 szybkim czasem \u0142adowania, bezpiecznymi transakcjami bankowymi w aplikacji oraz zsynchronizowanymi bonusami i szczeg\u00f3\u0142ami konta.\" \/>\n<meta name=\"robots\" content=\"index, follow, max-snippet:-1, max-image-preview:large, max-video-preview:-1\" \/>\n<link rel=\"canonical\" href=\"https:\/\/thecowboyspin.org\/pl\/aplikacja\/\" \/>\n<meta property=\"og:locale\" content=\"pl_PL\" \/>\n<meta property=\"og:type\" content=\"article\" \/>\n<meta property=\"og:title\" content=\"Cowboyspin Casino Aplikacja | Pobierz na telefon\" \/>\n<meta property=\"og:description\" content=\"Aplikacja Cowboyspin zapewnia dost\u0119p do wszystkich ulubionych gier na smartfonach, tabletach i komputerach stacjonarnych. Gracze mog\u0105 cieszy\u0107 si\u0119 szybkim czasem \u0142adowania, bezpiecznymi transakcjami bankowymi w aplikacji oraz zsynchronizowanymi bonusami i szczeg\u00f3\u0142ami konta.\" \/>\n<meta property=\"og:url\" content=\"https:\/\/thecowboyspin.org\/pl\/aplikacja\/\" \/>\n<meta property=\"og:site_name\" content=\"cowboyspin\" \/>\n<meta property=\"article:modified_time\" content=\"2026-03-24T07:50:34+00:00\" \/>\n<meta name=\"twitter:card\" content=\"summary_large_image\" \/>\n<meta name=\"twitter:label1\" content=\"Est. reading time\" \/>\n\t<meta name=\"twitter:data1\" content=\"2 minutes\" \/>\n<script type=\"application\/ld+json\" class=\"yoast-schema-graph\">{\"@context\":\"https:\\\/\\\/schema.org\",\"@graph\":[{\"@type\":\"WebPage\",\"@id\":\"https:\\\/\\\/thecowboyspin.org\\\/pl\\\/aplikacja\\\/\",\"url\":\"https:\\\/\\\/thecowboyspin.org\\\/pl\\\/aplikacja\\\/\",\"name\":\"Cowboyspin Casino Aplikacja | Pobierz na telefon\",\"isPartOf\":{\"@id\":\"https:\\\/\\\/thecowboyspin.org\\\/pl\\\/#website\"},\"datePublished\":\"2026-01-20T12:08:23+00:00\",\"dateModified\":\"2026-03-24T07:50:34+00:00\",\"description\":\"Aplikacja Cowboyspin zapewnia dost\u0119p do wszystkich ulubionych gier na smartfonach, tabletach i komputerach stacjonarnych. Gracze mog\u0105 cieszy\u0107 si\u0119 szybkim czasem \u0142adowania, bezpiecznymi transakcjami bankowymi w aplikacji oraz zsynchronizowanymi bonusami i szczeg\u00f3\u0142ami konta.\",\"breadcrumb\":{\"@id\":\"https:\\\/\\\/thecowboyspin.org\\\/pl\\\/aplikacja\\\/#breadcrumb\"},\"inLanguage\":\"pl-PL\",\"potentialAction\":[{\"@type\":\"ReadAction\",\"target\":[\"https:\\\/\\\/thecowboyspin.org\\\/pl\\\/aplikacja\\\/\"]}]},{\"@type\":\"BreadcrumbList\",\"@id\":\"https:\\\/\\\/thecowboyspin.org\\\/pl\\\/aplikacja\\\/#breadcrumb\",\"itemListElement\":[{\"@type\":\"ListItem\",\"position\":1,\"name\":\"Cowboyspin\",\"item\":\"https:\\\/\\\/thecowboyspin.org\\\/pl\\\/\"},{\"@type\":\"ListItem\",\"position\":2,\"name\":\"Aplikacja\"}]},{\"@type\":\"WebSite\",\"@id\":\"https:\\\/\\\/thecowboyspin.org\\\/pl\\\/#website\",\"url\":\"https:\\\/\\\/thecowboyspin.org\\\/pl\\\/\",\"name\":\"Cowboyspin\",\"description\":\"\",\"publisher\":{\"@id\":\"https:\\\/\\\/thecowboyspin.org\\\/pl\\\/#organization\"},\"potentialAction\":[{\"@type\":\"SearchAction\",\"target\":{\"@type\":\"EntryPoint\",\"urlTemplate\":\"https:\\\/\\\/thecowboyspin.org\\\/pl\\\/?s={search_term_string}\"},\"query-input\":{\"@type\":\"PropertyValueSpecification\",\"valueRequired\":true,\"valueName\":\"search_term_string\"}}],\"inLanguage\":\"pl-PL\"},{\"@type\":\"Organization\",\"@id\":\"https:\\\/\\\/thecowboyspin.org\\\/pl\\\/#organization\",\"name\":\"Cowboyspin\",\"url\":\"https:\\\/\\\/thecowboyspin.org\\\/pl\\\/\",\"logo\":{\"@type\":\"ImageObject\",\"inLanguage\":\"pl-PL\",\"@id\":\"https:\\\/\\\/thecowboyspin.org\\\/pl\\\/#\\\/schema\\\/logo\\\/image\\\/\",\"url\":\"https:\\\/\\\/thecowboyspin.org\\\/wp-content\\\/uploads\\\/2026\\\/03\\\/cowboyspin-logo.png\",\"contentUrl\":\"https:\\\/\\\/thecowboyspin.org\\\/wp-content\\\/uploads\\\/2026\\\/03\\\/cowboyspin-logo.png\",\"width\":180,\"height\":66,\"caption\":\"Cowboyspin\"},\"image\":{\"@id\":\"https:\\\/\\\/thecowboyspin.org\\\/pl\\\/#\\\/schema\\\/logo\\\/image\\\/\"}}]}<\/script>\n<!-- \/ Yoast SEO plugin. -->","yoast_head_json":{"title":"Cowboyspin Casino Aplikacja | Pobierz na telefon","description":"Aplikacja Cowboyspin zapewnia dost\u0119p do wszystkich ulubionych gier na smartfonach, tabletach i komputerach stacjonarnych. Gracze mog\u0105 cieszy\u0107 si\u0119 szybkim czasem \u0142adowania, bezpiecznymi transakcjami bankowymi w aplikacji oraz zsynchronizowanymi bonusami i szczeg\u00f3\u0142ami konta.","robots":{"index":"index","follow":"follow","max-snippet":"max-snippet:-1","max-image-preview":"max-image-preview:large","max-video-preview":"max-video-preview:-1"},"canonical":"https:\/\/thecowboyspin.org\/pl\/aplikacja\/","og_locale":"pl_PL","og_type":"article","og_title":"Cowboyspin Casino Aplikacja | Pobierz na telefon","og_description":"Aplikacja Cowboyspin zapewnia dost\u0119p do wszystkich ulubionych gier na smartfonach, tabletach i komputerach stacjonarnych. Gracze mog\u0105 cieszy\u0107 si\u0119 szybkim czasem \u0142adowania, bezpiecznymi transakcjami bankowymi w aplikacji oraz zsynchronizowanymi bonusami i szczeg\u00f3\u0142ami konta.","og_url":"https:\/\/thecowboyspin.org\/pl\/aplikacja\/","og_site_name":"cowboyspin","article_modified_time":"2026-03-24T07:50:34+00:00","twitter_card":"summary_large_image","twitter_misc":{"Est. reading time":"2 minutes"},"schema":{"@context":"https:\/\/schema.org","@graph":[{"@type":"WebPage","@id":"https:\/\/thecowboyspin.org\/pl\/aplikacja\/","url":"https:\/\/thecowboyspin.org\/pl\/aplikacja\/","name":"Cowboyspin Casino Aplikacja | Pobierz na telefon","isPartOf":{"@id":"https:\/\/thecowboyspin.org\/pl\/#website"},"datePublished":"2026-01-20T12:08:23+00:00","dateModified":"2026-03-24T07:50:34+00:00","description":"Aplikacja Cowboyspin zapewnia dost\u0119p do wszystkich ulubionych gier na smartfonach, tabletach i komputerach stacjonarnych. Gracze mog\u0105 cieszy\u0107 si\u0119 szybkim czasem \u0142adowania, bezpiecznymi transakcjami bankowymi w aplikacji oraz zsynchronizowanymi bonusami i szczeg\u00f3\u0142ami konta.","breadcrumb":{"@id":"https:\/\/thecowboyspin.org\/pl\/aplikacja\/#breadcrumb"},"inLanguage":"pl-PL","potentialAction":[{"@type":"ReadAction","target":["https:\/\/thecowboyspin.org\/pl\/aplikacja\/"]}]},{"@type":"BreadcrumbList","@id":"https:\/\/thecowboyspin.org\/pl\/aplikacja\/#breadcrumb","itemListElement":[{"@type":"ListItem","position":1,"name":"Cowboyspin","item":"https:\/\/thecowboyspin.org\/pl\/"},{"@type":"ListItem","position":2,"name":"Aplikacja"}]},{"@type":"WebSite","@id":"https:\/\/thecowboyspin.org\/pl\/#website","url":"https:\/\/thecowboyspin.org\/pl\/","name":"Cowboyspin","description":"","publisher":{"@id":"https:\/\/thecowboyspin.org\/pl\/#organization"},"potentialAction":[{"@type":"SearchAction","target":{"@type":"EntryPoint","urlTemplate":"https:\/\/thecowboyspin.org\/pl\/?s={search_term_string}"},"query-input":{"@type":"PropertyValueSpecification","valueRequired":true,"valueName":"search_term_string"}}],"inLanguage":"pl-PL"},{"@type":"Organization","@id":"https:\/\/thecowboyspin.org\/pl\/#organization","name":"Cowboyspin","url":"https:\/\/thecowboyspin.org\/pl\/","logo":{"@type":"ImageObject","inLanguage":"pl-PL","@id":"https:\/\/thecowboyspin.org\/pl\/#\/schema\/logo\/image\/","url":"https:\/\/thecowboyspin.org\/wp-content\/uploads\/2026\/03\/cowboyspin-logo.png","contentUrl":"https:\/\/thecowboyspin.org\/wp-content\/uploads\/2026\/03\/cowboyspin-logo.png","width":180,"height":66,"caption":"Cowboyspin"},"image":{"@id":"https:\/\/thecowboyspin.org\/pl\/#\/schema\/logo\/image\/"}}]}},"_links":{"self":[{"href":"https:\/\/thecowboyspin.org\/pl\/wp-json\/wp\/v2\/pages\/1447","targetHints":{"allow":["GET"]}}],"collection":[{"href":"https:\/\/thecowboyspin.org\/pl\/wp-json\/wp\/v2\/pages"}],"about":[{"href":"https:\/\/thecowboyspin.org\/pl\/wp-json\/wp\/v2\/types\/page"}],"author":[{"embeddable":true,"href":"https:\/\/thecowboyspin.org\/pl\/wp-json\/wp\/v2\/users\/1"}],"replies":[{"embeddable":true,"href":"https:\/\/thecowboyspin.org\/pl\/wp-json\/wp\/v2\/comments?post=1447"}],"version-history":[{"count":4,"href":"https:\/\/thecowboyspin.org\/pl\/wp-json\/wp\/v2\/pages\/1447\/revisions"}],"predecessor-version":[{"id":2066,"href":"https:\/\/thecowboyspin.org\/pl\/wp-json\/wp\/v2\/pages\/1447\/revisions\/2066"}],"wp:attachment":[{"href":"https:\/\/thecowboyspin.org\/pl\/wp-json\/wp\/v2\/media?parent=1447"}],"curies":[{"name":"wp","href":"https:\/\/api.w.org\/{rel}","templated":true}]}}