{"id":1485,"date":"2026-01-20T12:11:11","date_gmt":"2026-01-20T12:11:11","guid":{"rendered":"https:\/\/bonuskongcasino.com\/login-and-registration\/"},"modified":"2026-03-24T08:13:16","modified_gmt":"2026-03-24T08:13:16","slug":"accesso-e-registrazione","status":"publish","type":"page","link":"https:\/\/thecowboyspin.org\/it\/accesso-e-registrazione\/","title":{"rendered":"Accesso e registrazione"},"content":{"rendered":"<h1>Configurazione dell&#8217;account Cowboyspin e accesso<\/h1>\n<p>Indipendentemente dal dispositivo che stai utilizzando, il Cowboyspin login \u00e8 facile e veloce. Una volta impostate le credenziali, bastano pochi secondi per effettuare l&#8217;accesso da computer, tablet o telefono. Gli utenti italiani che giocano per la prima volta devono creare un account prima dell&#8217;inizio del gioco; la procedura non richiede molto tempo.<\/p>\n<p><div class=\"banner-wrap\" aria-label=\"Banner\"><img src=\"https:\/\/thecowboyspin.org\/wp-content\/uploads\/2026\/03\/banner-desktop2x.webp\" class=\"w-100 d-none d-lg-block img-pc main-banner-img\" alt=\"Cowboyspin bonus desktop\" fetchpriority=\"high\" decoding=\"async\"><img src=\"https:\/\/thecowboyspin.org\/wp-content\/uploads\/2026\/03\/banner-mobile2x.webp\" class=\"w-100 d-none d-md-block d-lg-none main-banner-img\" alt=\"Cowboyspin mobile\" fetchpriority=\"high\" decoding=\"async\"><img src=\"https:\/\/thecowboyspin.org\/wp-content\/uploads\/2026\/03\/banner-mobile2x.webp\" class=\"w-100 d-md-none\" alt=\"Cowboyspin mobile\" fetchpriority=\"high\" decoding=\"async\"><div class=\"banner-description\">\n<div class=\"banner-title\">Bonus di benvenuto<\/div>\n<p class=\"banner-header-title\">1500 \u20ac<\/p>\n<div class=\"banner-header-AdditionalText\">+ 250 Giri gratuiti<\/div>\n<button data-item=\"homepage_banner_link\" class=\"goto m-button m-gradient-border m-button--primary m-button--large banner-button btn-orange\">\n            <div class=\"m-button-content\">\n                <span>Iscriviti ora<\/span>\n                <span><\/span>\n            <\/div>\n        <\/button>\n<\/div>\n<div class=\"WelcomePack\">\n<p><img loading=\"lazy\" decoding=\"async\" class=\"alignnone size-full wp-image-1847\" src=\"https:\/\/thecowboyspin.org\/wp-content\/uploads\/2026\/03\/welcome-crown-1.png\" alt=\"welcome crown\" width=\"25\" height=\"26\" \/><\/p>\n<div class=\"WelcomePack-Info\">Cashback settimanale fino al 25%<\/div>\n<p><img loading=\"lazy\" decoding=\"async\" class=\"alignnone size-full wp-image-1847\" src=\"https:\/\/thecowboyspin.org\/wp-content\/uploads\/2026\/03\/welcome-crown-1.png\" alt=\"welcome crown\" width=\"25\" height=\"26\" \/><\/p>\n<\/div>\n<\/div><div class=\"scrollable-content-wrap my-5\"><div class=\"scrollable-content-inner\"><h2>Registrazione di un nuovo utente su Cowboyspin<\/h2>\n<p>Solo i giocatori registrati possono accedere alla piattaforma completa di Cowboyspin Casino. La creazione di un account sblocca oltre 6.000 giochi, un sistema di bonus che mantiene le promesse e funzionalit\u00e0 che migliorano l&#8217;esperienza. Una volta completata la procedura di accesso a Cowboyspin, gestire depositi e prelievi diventa incredibilmente facile.<\/p>\n<p>Sono disponibili strumenti di gioco responsabile per aiutarti a stabilire limiti salutari e avrai molte opportunit\u00e0 di partecipare alle promozioni. Le misure di sicurezza abbinate a moderni standard di crittografia proteggono il tuo account da tentativi di accesso non autorizzati e attivit\u00e0 di accesso sospette.<\/p>\n<table>\n<tbody>\n<tr>\n<td>Cosa appare dopo la registrazione<\/td>\n<td>Dettagli<\/td>\n<td>Perch\u00e9 \u00e8 importante<\/td>\n<\/tr>\n<tr>\n<td>1.500 \u20ac di bonus<\/td>\n<td>Suddiviso tra i tuoi primi tre depositi, non erogato tutto in una volta<\/td>\n<td>Dura settimane invece di svanire in una notte<\/td>\n<\/tr>\n<tr>\n<td>250 giri gratuiti<\/td>\n<td>Ricevili in quantit\u00e0 pi\u00f9 piccole che puoi effettivamente utilizzare<\/td>\n<td>Non consumerai 250 giri prima che scadano domani<\/td>\n<\/tr>\n<tr>\n<td>Accesso completo ai giochi di Cowboy Spin Casino<\/td>\n<td>Tutti i giochi della libreria di oltre 6.000 titoli sono disponibili immediatamente<\/td>\n<td>Non abbiamo barriere &#8220;riservate ai membri VIP&#8221; che bloccano le migliori offerte<\/td>\n<\/tr>\n<tr>\n<td>Tornei<\/td>\n<td>Gare giornaliere e settimanali a cui puoi partecipare subito<\/td>\n<td>Gli utenti possono iniziare a competere per premi reali<\/td>\n<\/tr>\n<tr>\n<td>Controlli di sicurezza<\/td>\n<td>I limiti di deposito e l&#8217;autoesclusione sono a tua disposizione nelle impostazioni dell&#8217;account<\/td>\n<td>Puoi impostare dei limiti per giocare in modo responsabile<\/td>\n<\/tr>\n<\/tbody>\n<\/table>\n<h3>Bonus di iscrizione<\/h3>\n<p>Non appena il tuo primo deposito viene elaborato, i nuovi account ricevono automaticamente il pacchetto di benvenuto di Cowboyspin. Non si tratta di un regalo da poco: sono 1.500 \u20ac in bonus e 250 giri gratuiti distribuiti sui tuoi primi tre depositi, in modo che il divertimento non si fermi dopo il primo giorno.<\/p>\n<p>I requisiti di scommessa del pacchetto di benvenuto sono equi. Cowboyspin Casino \u00e8 chiaro su ci\u00f2 che devi fare. Non ci sono moltiplicatori segreti nelle note a pi\u00e8 di pagina che ti sorprenderanno al momento del prelievo.<\/p>\n<h3>Crea il tuo account<\/h3>\n<p>Per iniziare, clicca sul pulsante &#8220;Registrati&#8221; per aprire la pagina di registrazione su Cowboy Spin.<\/p>\n<ol>\n<li>Per prima cosa, inserisci il tuo indirizzo e-mail e la password. Assicurati che la tua password sia sicura utilizzando lettere, numeri e simboli.<\/li>\n<li>Leggi i termini e le condizioni prima di cliccare su &#8220;Accetta&#8221;. Quindi clicca su &#8220;Registrati&#8221; per proseguire.<\/li>\n<li>La casella seguente richiede il tuo nome e cognome, la data di nascita, il numero di telefono e altre informazioni personali di base necessarie per creare un account.<\/li>\n<li>Clicca su &#8220;Salva&#8221; per inviare i dati, quindi conferma la tua email tramite un link per attivare il tuo account.<\/li>\n<\/ol>\n<p><img loading=\"lazy\" decoding=\"async\" class=\"alignnone size-full wp-image-2005\" src=\"https:\/\/thecowboyspin.org\/wp-content\/uploads\/2026\/03\/Cowboyspin.webp\" alt=\"Cowboyspin login\" width=\"1248\" height=\"536\" srcset=\"https:\/\/thecowboyspin.org\/wp-content\/uploads\/2026\/03\/Cowboyspin.webp 1248w, https:\/\/thecowboyspin.org\/wp-content\/uploads\/2026\/03\/Cowboyspin-300x129.webp 300w, https:\/\/thecowboyspin.org\/wp-content\/uploads\/2026\/03\/Cowboyspin-1024x440.webp 1024w, https:\/\/thecowboyspin.org\/wp-content\/uploads\/2026\/03\/Cowboyspin-768x330.webp 768w\" sizes=\"auto, (max-width: 1248px) 100vw, 1248px\" \/><\/p>\n<h2>Gestione di un account Cowboyspin<\/h2>\n<p>L&#8217;accesso a Cowboyspin \u00e8 sempre facile e veloce. Puoi utilizzare qualsiasi dispositivo per accedere a tutte le funzionalit\u00e0 del casin\u00f2 senza alcun limite. Una volta effettuato l&#8217;accesso a Cowboyspin, puoi fare tutto, dalla gestione del tuo account al gioco e al monitoraggio delle tue attivit\u00e0, il tutto dalla stessa dashboard.<\/p>\n<p>Clicca sul pulsante di accesso, inserisci il tuo indirizzo e-mail e la password, quindi clicca nuovamente su &#8220;Accedi&#8221;. Una volta effettuato l&#8217;accesso, potrai accedere immediatamente alle impostazioni del tuo account, ai depositi, ai prelievi e ai progressi di gioco. Promozioni, premi per i VIP e la possibilit\u00e0 di partecipare ai tornei sono tutti a portata di mano.<\/p>\n<p>Dal tuo account Cowboy Spin Casino puoi:<\/p>\n<ul>\n<li>Giocare a tutti i tipi di slot online, giochi da tavolo, titoli di casin\u00f2 dal vivo e giochi a vincita immediata.<\/li>\n<li>Controlla tutte le tue sessioni di gioco e i risultati.<\/li>\n<li>Prelevare le vincite quando si ottiene qualcosa che vale la pena incassare.<\/li>\n<li>Partecipare agli eventi e alle offerte disponibili su tutta la piattaforma.<\/li>\n<li>Se ritieni opportuno impostare dei limiti, attiva gli strumenti per il gioco responsabile.<\/li>\n<li>Modifica le tue impostazioni personali quando le tue informazioni cambiano.<\/li>\n<li>Partecipa ai tornei di Cowboyspin dove puoi vincere premi giocando contro altre persone.<\/li>\n<\/ul>\n<h3>Hai dimenticato la password?<\/h3>\n<p>A volte le password svaniscono dalla memoria. Non preoccuparti, capita a tutti. Ci vogliono solo pochi minuti per rientrare nel casin\u00f2 e completare la procedura di accesso a Cowboyspin.<\/p>\n<ol>\n<li>Per prima cosa, vai alla pagina di accesso di Cowboy Spin.<\/li>\n<li>Clicca su &#8220;Hai dimenticato la password?&#8221; in un punto ben visibile accanto ai campi di accesso.<\/li>\n<li>Inserisci il tuo indirizzo e-mail registrato in modo che il sistema possa trovare l&#8217;account corretto da reimpostare.<\/li>\n<li>Dovresti ricevere un&#8217;e-mail da Cowboyspin Casino nella tua casella di posta con un link per modificare la tua password.<\/li>\n<li>Crea una nuova password complessa e utilizzala per effettuare l&#8217;accesso.<\/li>\n<\/ol>\n<h2>Verifica dell&#8217;account e misure di sicurezza di Cowboyspin Casino<\/h2>\n<p>Verifichiamo ogni account Cowboyspin per garantire la sicurezza dei giocatori e mantenere l&#8217;integrit\u00e0 del sito. Per verificare la tua identit\u00e0, devi fornire una documentazione chiara e confermare il tuo indirizzo. Solo gli account verificati possono prelevare denaro e ricevere bonus.<\/p>\n<p>Il nostro team esamina i documenti entro 48 ore, anche se questo processo pu\u00f2 essere completato pi\u00f9 rapidamente se non ci sono molte richieste. Il processo di verifica fa parte della procedura KYC di Cowboy Spin. Questa procedura include la trasmissione di dati crittografati, l&#8217;offerta agli utenti dell&#8217;autenticazione a due fattori e il monitoraggio manuale delle transazioni per individuare attivit\u00e0 sospette.<\/p>\n<h2>Domande frequenti<\/h2>\n<h3>Cosa devo fare se il mio account \u00e8 bloccato?<\/h3>\n<p>Nella maggior parte dei casi, sono le misure di sicurezza a bloccare gli account di Cowboyspin Casino. Esci e poi accedi nuovamente. Questo pu\u00f2 risolvere i blocchi che sono solo temporanei. Assicurati che la tua connessione Internet rimanga stabile.<\/p>\n<p>Se non riesci ancora ad accedere, contatta il team di assistenza di Cowboyspin. Il nostro supporto multilingue \u00e8 a tua disposizione tramite live chat per domande brevi o via e-mail se hai bisogno di una risposta pi\u00f9 approfondita.<\/p>\n<h3>Come aggiornare la password o l&#8217;indirizzo e-mail?<\/h3>\n<p>Nelle impostazioni del tuo account Cowboy Spin, \u00e8 facile modificare il tuo indirizzo e-mail o la password. Nella pagina del tuo profilo personale, clicca su &#8220;Impostazioni account&#8221; e poi scegli cosa desideri modificare. Inserisci le nuove informazioni e ricontrolla che siano corrette. Il sistema aggiorner\u00e0 i dati immediatamente, senza alcuna attesa o approvazione. Dopodich\u00e9, potrai effettuare il login su Cowboyspin senza alcun problema.<\/p>\n<h3>Posso abilitare o disabilitare l&#8217;autenticazione a due fattori?<\/h3>\n<p>Puoi attivare o disattivare l&#8217;autenticazione a due fattori nelle impostazioni di sicurezza del tuo account ogni volta che lo desideri. Per effettuare l&#8217;accesso, avrai bisogno della tua password e di un token a tempo proveniente da un&#8217;app di autenticazione come Google Authenticator. Questo aggiunge un ulteriore livello di sicurezza. Anche se qualcuno dovesse ottenere la tua password, sar\u00e0 pi\u00f9 difficile per lui prendere il controllo del tuo account. Se la disattivi, non dovrai eseguire quel passaggio, il che render\u00e0 l&#8217;accesso a Cowboyspin pi\u00f9 veloce ma meno sicuro.<\/p>\n<\/div><\/div><\/p>\n","protected":false},"excerpt":{"rendered":"<p>Configurazione dell&#8217;account Cowboyspin e accesso Indipendentemente dal dispositivo che stai utilizzando, il Cowboyspin login \u00e8 facile e veloce. Una volta impostate le credenziali, bastano pochi secondi per effettuare l&#8217;accesso da computer, tablet o telefono. Gli utenti italiani che giocano per la prima volta devono creare un account prima dell&#8217;inizio del gioco; la procedura non richiede [&hellip;]<\/p>\n","protected":false},"author":1,"featured_media":0,"parent":0,"menu_order":0,"comment_status":"closed","ping_status":"closed","template":"template-builder.php","meta":{"_acf_changed":false,"inline_featured_image":false,"footnotes":""},"class_list":["post-1485","page","type-page","status-publish","hentry"],"acf":[],"yoast_head":"<!-- This site is optimized with the Yoast SEO plugin v27.3 - https:\/\/yoast.com\/product\/yoast-seo-wordpress\/ -->\n<title>Cowboyspin Login | Accedi o crea un nuovo account<\/title>\n<meta name=\"description\" content=\"Il tuo login personale Cowboyspin ti consente di accedere rapidamente al tuo account. La registrazione per i nuovi giocatori \u00e8 veloce e completamente sicura. L&#039;accesso agli strumenti di gestione dell&#039;account garantisce un&#039;esperienza di gioco fluida 24 ore su 24.\" \/>\n<meta name=\"robots\" content=\"index, follow, max-snippet:-1, max-image-preview:large, max-video-preview:-1\" \/>\n<link rel=\"canonical\" href=\"https:\/\/thecowboyspin.org\/it\/accesso-e-registrazione\/\" \/>\n<meta property=\"og:locale\" content=\"it_IT\" \/>\n<meta property=\"og:type\" content=\"article\" \/>\n<meta property=\"og:title\" content=\"Cowboyspin Login | Accedi o crea un nuovo account\" \/>\n<meta property=\"og:description\" content=\"Il tuo login personale Cowboyspin ti consente di accedere rapidamente al tuo account. La registrazione per i nuovi giocatori \u00e8 veloce e completamente sicura. L&#039;accesso agli strumenti di gestione dell&#039;account garantisce un&#039;esperienza di gioco fluida 24 ore su 24.\" \/>\n<meta property=\"og:url\" content=\"https:\/\/thecowboyspin.org\/it\/accesso-e-registrazione\/\" \/>\n<meta property=\"og:site_name\" content=\"cowboyspin\" \/>\n<meta property=\"article:modified_time\" content=\"2026-03-24T08:13:16+00:00\" \/>\n<meta name=\"twitter:card\" content=\"summary_large_image\" \/>\n<meta name=\"twitter:label1\" content=\"Est. reading time\" \/>\n\t<meta name=\"twitter:data1\" content=\"1 minute\" \/>\n<script type=\"application\/ld+json\" class=\"yoast-schema-graph\">{\"@context\":\"https:\\\/\\\/schema.org\",\"@graph\":[{\"@type\":\"WebPage\",\"@id\":\"https:\\\/\\\/thecowboyspin.org\\\/it\\\/accesso-e-registrazione\\\/\",\"url\":\"https:\\\/\\\/thecowboyspin.org\\\/it\\\/accesso-e-registrazione\\\/\",\"name\":\"Cowboyspin Login | Accedi o crea un nuovo account\",\"isPartOf\":{\"@id\":\"https:\\\/\\\/thecowboyspin.org\\\/it\\\/#website\"},\"datePublished\":\"2026-01-20T12:11:11+00:00\",\"dateModified\":\"2026-03-24T08:13:16+00:00\",\"description\":\"Il tuo login personale Cowboyspin ti consente di accedere rapidamente al tuo account. La registrazione per i nuovi giocatori \u00e8 veloce e completamente sicura. L'accesso agli strumenti di gestione dell'account garantisce un'esperienza di gioco fluida 24 ore su 24.\",\"breadcrumb\":{\"@id\":\"https:\\\/\\\/thecowboyspin.org\\\/it\\\/accesso-e-registrazione\\\/#breadcrumb\"},\"inLanguage\":\"it-IT\",\"potentialAction\":[{\"@type\":\"ReadAction\",\"target\":[\"https:\\\/\\\/thecowboyspin.org\\\/it\\\/accesso-e-registrazione\\\/\"]}]},{\"@type\":\"BreadcrumbList\",\"@id\":\"https:\\\/\\\/thecowboyspin.org\\\/it\\\/accesso-e-registrazione\\\/#breadcrumb\",\"itemListElement\":[{\"@type\":\"ListItem\",\"position\":1,\"name\":\"Cowboyspin\",\"item\":\"https:\\\/\\\/thecowboyspin.org\\\/it\\\/\"},{\"@type\":\"ListItem\",\"position\":2,\"name\":\"Accesso e registrazione\"}]},{\"@type\":\"WebSite\",\"@id\":\"https:\\\/\\\/thecowboyspin.org\\\/it\\\/#website\",\"url\":\"https:\\\/\\\/thecowboyspin.org\\\/it\\\/\",\"name\":\"Cowboyspin\",\"description\":\"\",\"publisher\":{\"@id\":\"https:\\\/\\\/thecowboyspin.org\\\/it\\\/#organization\"},\"potentialAction\":[{\"@type\":\"SearchAction\",\"target\":{\"@type\":\"EntryPoint\",\"urlTemplate\":\"https:\\\/\\\/thecowboyspin.org\\\/it\\\/?s={search_term_string}\"},\"query-input\":{\"@type\":\"PropertyValueSpecification\",\"valueRequired\":true,\"valueName\":\"search_term_string\"}}],\"inLanguage\":\"it-IT\"},{\"@type\":\"Organization\",\"@id\":\"https:\\\/\\\/thecowboyspin.org\\\/it\\\/#organization\",\"name\":\"Cowboyspin\",\"url\":\"https:\\\/\\\/thecowboyspin.org\\\/it\\\/\",\"logo\":{\"@type\":\"ImageObject\",\"inLanguage\":\"it-IT\",\"@id\":\"https:\\\/\\\/thecowboyspin.org\\\/it\\\/#\\\/schema\\\/logo\\\/image\\\/\",\"url\":\"https:\\\/\\\/thecowboyspin.org\\\/wp-content\\\/uploads\\\/2026\\\/03\\\/cowboyspin-logo.png\",\"contentUrl\":\"https:\\\/\\\/thecowboyspin.org\\\/wp-content\\\/uploads\\\/2026\\\/03\\\/cowboyspin-logo.png\",\"width\":180,\"height\":66,\"caption\":\"Cowboyspin\"},\"image\":{\"@id\":\"https:\\\/\\\/thecowboyspin.org\\\/it\\\/#\\\/schema\\\/logo\\\/image\\\/\"}}]}<\/script>\n<!-- \/ Yoast SEO plugin. -->","yoast_head_json":{"title":"Cowboyspin Login | Accedi o crea un nuovo account","description":"Il tuo login personale Cowboyspin ti consente di accedere rapidamente al tuo account. La registrazione per i nuovi giocatori \u00e8 veloce e completamente sicura. L'accesso agli strumenti di gestione dell'account garantisce un'esperienza di gioco fluida 24 ore su 24.","robots":{"index":"index","follow":"follow","max-snippet":"max-snippet:-1","max-image-preview":"max-image-preview:large","max-video-preview":"max-video-preview:-1"},"canonical":"https:\/\/thecowboyspin.org\/it\/accesso-e-registrazione\/","og_locale":"it_IT","og_type":"article","og_title":"Cowboyspin Login | Accedi o crea un nuovo account","og_description":"Il tuo login personale Cowboyspin ti consente di accedere rapidamente al tuo account. La registrazione per i nuovi giocatori \u00e8 veloce e completamente sicura. L'accesso agli strumenti di gestione dell'account garantisce un'esperienza di gioco fluida 24 ore su 24.","og_url":"https:\/\/thecowboyspin.org\/it\/accesso-e-registrazione\/","og_site_name":"cowboyspin","article_modified_time":"2026-03-24T08:13:16+00:00","twitter_card":"summary_large_image","twitter_misc":{"Est. reading time":"1 minute"},"schema":{"@context":"https:\/\/schema.org","@graph":[{"@type":"WebPage","@id":"https:\/\/thecowboyspin.org\/it\/accesso-e-registrazione\/","url":"https:\/\/thecowboyspin.org\/it\/accesso-e-registrazione\/","name":"Cowboyspin Login | Accedi o crea un nuovo account","isPartOf":{"@id":"https:\/\/thecowboyspin.org\/it\/#website"},"datePublished":"2026-01-20T12:11:11+00:00","dateModified":"2026-03-24T08:13:16+00:00","description":"Il tuo login personale Cowboyspin ti consente di accedere rapidamente al tuo account. La registrazione per i nuovi giocatori \u00e8 veloce e completamente sicura. L'accesso agli strumenti di gestione dell'account garantisce un'esperienza di gioco fluida 24 ore su 24.","breadcrumb":{"@id":"https:\/\/thecowboyspin.org\/it\/accesso-e-registrazione\/#breadcrumb"},"inLanguage":"it-IT","potentialAction":[{"@type":"ReadAction","target":["https:\/\/thecowboyspin.org\/it\/accesso-e-registrazione\/"]}]},{"@type":"BreadcrumbList","@id":"https:\/\/thecowboyspin.org\/it\/accesso-e-registrazione\/#breadcrumb","itemListElement":[{"@type":"ListItem","position":1,"name":"Cowboyspin","item":"https:\/\/thecowboyspin.org\/it\/"},{"@type":"ListItem","position":2,"name":"Accesso e registrazione"}]},{"@type":"WebSite","@id":"https:\/\/thecowboyspin.org\/it\/#website","url":"https:\/\/thecowboyspin.org\/it\/","name":"Cowboyspin","description":"","publisher":{"@id":"https:\/\/thecowboyspin.org\/it\/#organization"},"potentialAction":[{"@type":"SearchAction","target":{"@type":"EntryPoint","urlTemplate":"https:\/\/thecowboyspin.org\/it\/?s={search_term_string}"},"query-input":{"@type":"PropertyValueSpecification","valueRequired":true,"valueName":"search_term_string"}}],"inLanguage":"it-IT"},{"@type":"Organization","@id":"https:\/\/thecowboyspin.org\/it\/#organization","name":"Cowboyspin","url":"https:\/\/thecowboyspin.org\/it\/","logo":{"@type":"ImageObject","inLanguage":"it-IT","@id":"https:\/\/thecowboyspin.org\/it\/#\/schema\/logo\/image\/","url":"https:\/\/thecowboyspin.org\/wp-content\/uploads\/2026\/03\/cowboyspin-logo.png","contentUrl":"https:\/\/thecowboyspin.org\/wp-content\/uploads\/2026\/03\/cowboyspin-logo.png","width":180,"height":66,"caption":"Cowboyspin"},"image":{"@id":"https:\/\/thecowboyspin.org\/it\/#\/schema\/logo\/image\/"}}]}},"_links":{"self":[{"href":"https:\/\/thecowboyspin.org\/it\/wp-json\/wp\/v2\/pages\/1485","targetHints":{"allow":["GET"]}}],"collection":[{"href":"https:\/\/thecowboyspin.org\/it\/wp-json\/wp\/v2\/pages"}],"about":[{"href":"https:\/\/thecowboyspin.org\/it\/wp-json\/wp\/v2\/types\/page"}],"author":[{"embeddable":true,"href":"https:\/\/thecowboyspin.org\/it\/wp-json\/wp\/v2\/users\/1"}],"replies":[{"embeddable":true,"href":"https:\/\/thecowboyspin.org\/it\/wp-json\/wp\/v2\/comments?post=1485"}],"version-history":[{"count":3,"href":"https:\/\/thecowboyspin.org\/it\/wp-json\/wp\/v2\/pages\/1485\/revisions"}],"predecessor-version":[{"id":2078,"href":"https:\/\/thecowboyspin.org\/it\/wp-json\/wp\/v2\/pages\/1485\/revisions\/2078"}],"wp:attachment":[{"href":"https:\/\/thecowboyspin.org\/it\/wp-json\/wp\/v2\/media?parent=1485"}],"curies":[{"name":"wp","href":"https:\/\/api.w.org\/{rel}","templated":true}]}}