{"id":1445,"date":"2026-01-20T12:08:23","date_gmt":"2026-01-20T12:08:23","guid":{"rendered":"https:\/\/bonuskongcasino.com\/app\/"},"modified":"2026-03-24T08:11:04","modified_gmt":"2026-03-24T08:11:04","slug":"applicazione","status":"publish","type":"page","link":"https:\/\/thecowboyspin.org\/it\/applicazione\/","title":{"rendered":"Applicazione"},"content":{"rendered":"<h1>Utilizzo di Cowboy Spin su dispositivi mobili<\/h1>\n<p>Cowboyspin App offre una nuova esperienza di gioco da casin\u00f2 mobile che funziona esattamente come desiderano i giocatori italiani. Il software funziona su smartphone Android e iOS e offre pieno accesso a tutti i giochi e agli strumenti di gestione del casin\u00f2.<\/p>\n<p>Indipendentemente dalle dimensioni dello schermo che stai utilizzando \u2013 telefono, tablet o altro \u2013 l&#8217;interfaccia di Cowboyspin si adatter\u00e0 perfettamente. Le funzioni principali sono comunque facili da trovare perch\u00e9 tutto \u00e8 stato realizzato pensando a un utilizzo semplice e comodo.<\/p>\n<div class=\"banner-wrap\" aria-label=\"Banner\"><img src=\"https:\/\/thecowboyspin.org\/wp-content\/uploads\/2026\/03\/banner-desktop2x.webp\" class=\"w-100 d-none d-lg-block img-pc main-banner-img\" alt=\"Cowboyspin bonus desktop\" fetchpriority=\"high\" decoding=\"async\"><img src=\"https:\/\/thecowboyspin.org\/wp-content\/uploads\/2026\/03\/banner-mobile2x.webp\" class=\"w-100 d-none d-md-block d-lg-none main-banner-img\" alt=\"Cowboyspin mobile\" fetchpriority=\"high\" decoding=\"async\"><img src=\"https:\/\/thecowboyspin.org\/wp-content\/uploads\/2026\/03\/banner-mobile2x.webp\" class=\"w-100 d-md-none\" alt=\"Cowboyspin mobile\" fetchpriority=\"high\" decoding=\"async\"><div class=\"banner-description\">\n<div class=\"banner-title\">Bonus di benvenuto<\/div>\n<p class=\"banner-header-title\">1500 \u20ac<\/p>\n<div class=\"banner-header-AdditionalText\">+ 250 Giri gratuiti<\/div>\n<button data-item=\"homepage_banner_link\" class=\"goto m-button m-gradient-border m-button--primary m-button--large banner-button btn-orange\">\n            <div class=\"m-button-content\">\n                <span>Iscriviti ora<\/span>\n                <span><\/span>\n            <\/div>\n        <\/button>\n<\/div>\n<div class=\"WelcomePack\">\n<p><img loading=\"lazy\" decoding=\"async\" class=\"alignnone size-full wp-image-1847\" src=\"https:\/\/thecowboyspin.org\/wp-content\/uploads\/2026\/03\/welcome-crown-1.png\" alt=\"welcome crown\" width=\"25\" height=\"26\" \/><\/p>\n<div class=\"WelcomePack-Info\">Cashback settimanale fino al 25%<\/div>\n<p><img loading=\"lazy\" decoding=\"async\" class=\"alignnone size-full wp-image-1847\" src=\"https:\/\/thecowboyspin.org\/wp-content\/uploads\/2026\/03\/welcome-crown-1.png\" alt=\"welcome crown\" width=\"25\" height=\"26\" \/><\/p>\n<\/div>\n<\/div>\n<h2>Accesso mobile a Cowboyspin<\/h2>\n<p>Cowboyspin Casino offre sia un&#8217;app mobile che una versione per PC, ciascuna con i propri vantaggi. Entrambe ti danno pieno accesso ai giochi, all&#8217;elaborazione dei pagamenti e ad altri strumenti della piattaforma. La differenza principale sta nel luogo e nel modo in cui giochi.<\/p>\n<p>Puoi giocare ai giochi da casin\u00f2 ovunque tu abbia il tuo telefono e l&#8217;app Cowboyspin installata. Non devi prima aprire un browser per avviare il software. Le notifiche push sono la caratteristica migliore dell&#8217;app perch\u00e9 tengono i giocatori aggiornati su tutto ci\u00f2 che accade sulla piattaforma Cowboy Spin, come nuove promozioni, risultati dei tornei e altre notizie importanti.<\/p>\n<p>La versione per PC offre uno schermo pi\u00f9 grande. \u00c8 particolarmente indicata per le slot online e i giochi con croupier dal vivo, dove \u00e8 importante visualizzare correttamente le informazioni. Entrambe le versioni gestiscono depositi e prelievi allo stesso modo, guidano l&#8217;utente attraverso il processo di verifica senza alcun problema e offrono accesso a strumenti di gioco responsabile per tenere tutto sotto controllo.<\/p>\n<p><div class=\"scrollable-content-wrap my-5\"><div class=\"scrollable-content-inner\"><h2>App Cowboyspin per iOS<\/h2>\n<p>Puoi utilizzare l&#8217;app Cowboyspin su qualsiasi iPhone o iPad. Funziona su Safari e funge anche da scorciatoia per un accesso rapido. I giocatori ricevono avvisi su:<\/p>\n<ul>\n<li>nuove promozioni,<\/li>\n<li>risultati dei tornei,<\/li>\n<li>modifiche alla piattaforma,<\/li>\n<li>e nuovi giochi aggiunti alla libreria.<\/li>\n<\/ul>\n<p>Puoi accedere immediatamente a Cowboyspin Casino toccando l&#8217;icona sulla schermata iniziale.<\/p>\n<h3>Come installare l&#8217;app Cowboyspin Casino per iOS<\/h3>\n<p>\u00c8 facile per chiunque scaricare l&#8217;app sul proprio iPhone o iPad:<\/p>\n<ol>\n<li>Quando il sito web di Cowboyspin \u00e8 aperto, cerca il pulsante &#8220;Condividi&#8221; nella parte inferiore dello schermo. Quando lo tocchi, apparir\u00e0 un menu con diverse opzioni.<\/li>\n<li>Tocca &#8220;Aggiungi alla schermata Home&#8221; dopo aver fatto scorrere verso il basso.<\/li>\n<li>Safari ti permette di vedere un&#8217;anteprima di come apparir\u00e0 l&#8217;icona sulla tua schermata iniziale. Puoi anche modificarla se non ti piace il nome predefinito o se desideri qualcosa di pi\u00f9 breve.<\/li>\n<li>Quando tocchi &#8220;Aggiungi&#8221; nell&#8217;angolo in alto a destra per confermare tutto, l&#8217;icona dell&#8217;app Cowboy Spin apparir\u00e0 sulla tua schermata iniziale insieme a tutte le altre app.<\/li>\n<li>Per aprire subito il casin\u00f2, basta toccare l&#8217;icona come faresti con qualsiasi altra app.<\/li>\n<\/ol>\n<p><img loading=\"lazy\" decoding=\"async\" class=\"alignnone size-full wp-image-1995\" src=\"https:\/\/thecowboyspin.org\/wp-content\/uploads\/2026\/03\/Cowboyspin-iOS-App.webp\" alt=\"Cowboyspin iOS App\" width=\"1248\" height=\"536\" srcset=\"https:\/\/thecowboyspin.org\/wp-content\/uploads\/2026\/03\/Cowboyspin-iOS-App.webp 1248w, https:\/\/thecowboyspin.org\/wp-content\/uploads\/2026\/03\/Cowboyspin-iOS-App-300x129.webp 300w, https:\/\/thecowboyspin.org\/wp-content\/uploads\/2026\/03\/Cowboyspin-iOS-App-1024x440.webp 1024w, https:\/\/thecowboyspin.org\/wp-content\/uploads\/2026\/03\/Cowboyspin-iOS-App-768x330.webp 768w\" sizes=\"auto, (max-width: 1248px) 100vw, 1248px\" \/><\/p>\n<\/div><\/div><div style=\"clear: both\"><\/div><div class=\"d-flex justify-content-center\"><button data-item=\"decouvrez_link\" data-group=\"website_links\" class=\"goto fw-bold rounded-pill btn btn-orange\" aria-label=\"Scarica l&#039;app Cowboyspin\" >Scarica l&#039;app Cowboyspin<\/button><\/div><div class=\"scrollable-content-wrap my-5\"><div class=\"scrollable-content-inner\"><h2>App Cowboyspin per Android<\/h2>\n<p>Android riceve l&#8217;app Cowboyspin come app web progressiva che non richiede affatto file APK. Puoi installare la PWA direttamente dal sito web, aggiungendola alla tua schermata iniziale, e funzioner\u00e0 nel tuo browser senza alcuna fonte di terze parti. Questo formato rende pi\u00f9 facile accedere rapidamente alle cose. Ottieni l&#8217;accesso completo a tutti i giochi e agli strumenti di Cowboyspin Casino per impostazione predefinita. Giocare su smartphone Android offre un&#8217;ottima esperienza di gioco senza occupare troppo spazio.<\/p>\n<p>La versione Android dell&#8217;app Cowboy Spin \u00e8 veloce e facile da usare in ogni sua parte. Puoi giocare, effettuare pagamenti, ottenere bonus e modificare le impostazioni del tuo account proprio come su altre piattaforme. Cowboyspin Casino ti invier\u00e0 notifiche per tenerti aggiornato su ci\u00f2 che accade sulla piattaforma.<\/p>\n<p><img loading=\"lazy\" decoding=\"async\" class=\"alignnone size-full wp-image-1979\" src=\"https:\/\/thecowboyspin.org\/wp-content\/uploads\/2026\/03\/Cowboyspin-Android-App.webp\" alt=\"Cowboyspin Android App\" width=\"1248\" height=\"536\" srcset=\"https:\/\/thecowboyspin.org\/wp-content\/uploads\/2026\/03\/Cowboyspin-Android-App.webp 1248w, https:\/\/thecowboyspin.org\/wp-content\/uploads\/2026\/03\/Cowboyspin-Android-App-300x129.webp 300w, https:\/\/thecowboyspin.org\/wp-content\/uploads\/2026\/03\/Cowboyspin-Android-App-1024x440.webp 1024w, https:\/\/thecowboyspin.org\/wp-content\/uploads\/2026\/03\/Cowboyspin-Android-App-768x330.webp 768w\" sizes=\"auto, (max-width: 1248px) 100vw, 1248px\" \/><\/p>\n<\/div><\/div><div style=\"clear: both\"><\/div><div class=\"d-flex justify-content-center\"><button data-item=\"decouvrez_link\" data-group=\"website_links\" class=\"goto fw-bold rounded-pill btn btn-orange\" aria-label=\"Scarica l&#039;app Cowboyspin\" >Scarica l&#039;app Cowboyspin<\/button><\/div><div class=\"scrollable-content-wrap my-5\"><div class=\"scrollable-content-inner\"><h2>Applicazioni per Windows e Mac<\/h2>\n<p>L&#8217;app di Cowboyspin Casino funziona sia su computer Windows che Mac. Non ci sono configurazioni complicate o download pesanti. I giocatori creano collegamenti sul desktop che li portano direttamente al sito web del casin\u00f2. Questi collegamenti funzionano come app web indipendenti che consentono ai giocatori di accedere al sito con un solo clic.<\/p>\n<p>L&#8217;interfaccia \u00e8 stata progettata per schermi desktop di grandi dimensioni e supporta lo streaming di alta qualit\u00e0, consentendoti di sfruttare appieno il potenziale delle dimensioni del monitor. I computer desktop sono pi\u00f9 veloci dei processori mobili; pertanto, i giochi vengono trasmessi in streaming con ottima qualit\u00e0.<\/p>\n<h3>Vantaggi della sicurezza PWA<\/h3>\n<p>L&#8217;architettura della Progressive Web App di Cowboyspin offre reali vantaggi in termini di sicurezza oltre alla facilit\u00e0 d&#8217;uso. Se non scarichi alcun file, non c&#8217;\u00e8 alcuna possibilit\u00e0 di prendere un virus. Stai semplicemente utilizzando il tuo browser per accedere a una piattaforma web sicura. Tutto funziona su HTTPS, il che significa che i dati sono crittografati di default. Gli aggiornamenti avvengono semplicemente quando apri la PWA, quindi non eseguirai mai per errore una versione vecchia e vulnerabile di un&#8217;app che presenta eventuali vulnerabilit\u00e0.<\/p>\n<table>\n<tbody>\n<tr>\n<td>Funzionalit\u00e0 di sicurezza di Cowboyspin<\/td>\n<td>Come ti protegge<\/td>\n<td>Cosa ottieni<\/td>\n<\/tr>\n<tr>\n<td>Ambiente sandbox<\/td>\n<td>La PWA accede solo alle informazioni di cui ha bisogno, quindi i tuoi dati personali rimangono separati<\/td>\n<td>I tuoi contatti, le immagini e le informazioni sono al sicuro e riservati<\/td>\n<\/tr>\n<tr>\n<td>Nessun download di file<\/td>\n<td>Non devi installare nulla per usarla; funziona direttamente nel tuo browser<\/td>\n<td>Dispositivo pulito, senza file extra o informazioni nascoste<\/td>\n<\/tr>\n<tr>\n<td>HTTPS sempre attivo<\/td>\n<td>Ogni bit di dati viaggia crittografato tra te e Cowboy Spin<\/td>\n<td>Le tue password, i pagamenti e le informazioni personali sono tutti al sicuro grazie a una crittografia di livello bancario<\/td>\n<\/tr>\n<tr>\n<td>Aggiornamenti automatici<\/td>\n<td>Gli ultimi aggiornamenti di sicurezza vengono applicati immediatamente in background<\/td>\n<td>Grazie alle protezioni pi\u00f9 recenti, sei sempre al sicuro e non devi fare nulla per ottenerle<\/td>\n<\/tr>\n<\/tbody>\n<\/table>\n<p><img loading=\"lazy\" decoding=\"async\" class=\"alignnone size-full wp-image-1987\" src=\"https:\/\/thecowboyspin.org\/wp-content\/uploads\/2026\/03\/Cowboyspin-Desktop.webp\" alt=\"Cowboyspin Desktop\" width=\"1248\" height=\"536\" srcset=\"https:\/\/thecowboyspin.org\/wp-content\/uploads\/2026\/03\/Cowboyspin-Desktop.webp 1248w, https:\/\/thecowboyspin.org\/wp-content\/uploads\/2026\/03\/Cowboyspin-Desktop-300x129.webp 300w, https:\/\/thecowboyspin.org\/wp-content\/uploads\/2026\/03\/Cowboyspin-Desktop-1024x440.webp 1024w, https:\/\/thecowboyspin.org\/wp-content\/uploads\/2026\/03\/Cowboyspin-Desktop-768x330.webp 768w\" sizes=\"auto, (max-width: 1248px) 100vw, 1248px\" \/><\/p>\n<\/div><\/div><div style=\"clear: both\"><\/div><div class=\"d-flex justify-content-center\"><button data-item=\"decouvrez_link\" data-group=\"website_links\" class=\"goto fw-bold rounded-pill btn btn-orange\" aria-label=\"Scarica l&#039;app Cowboyspin\" >Scarica l&#039;app Cowboyspin<\/button><\/div><div class=\"scrollable-content-wrap my-5\"><div class=\"scrollable-content-inner\"><h2>Domande frequenti<\/h2>\n<h3>Posso installare l&#8217;app al di fuori degli app store ufficiali?<\/h3>\n<p>Questo \u00e8 proprio il punto forte di Cowboyspin che utilizza la tecnologia PWA. Puoi installarla direttamente dal sito web utilizzando il tuo browser, senza passare dall&#8217;App Store o da Google Play. Basta andare sul sito e aggiungerla alla schermata iniziale da solo.<\/p>\n<h3>\u00c8 necessario creare un account per utilizzare l&#8217;app Cowboyspin?<\/h3>\n<p>Prima di poter utilizzare l&#8217;app Cowboy Spin, devi creare un account. Una volta effettuata la registrazione, potrai giocare, ottenere bonus, depositare e prelevare denaro. Senza un account, la piattaforma rimane bloccata perch\u00e9 la modalit\u00e0 demo non copre tutte le funzionalit\u00e0.<\/p>\n<h3>L&#8217;app del casin\u00f2 offre assistenza clienti?<\/h3>\n<p>L&#8217;app Cowboyspin Casino dispone di una funzione di chat live integrata nell&#8217;interfaccia che ti consente di parlare immediatamente con il servizio clienti. L&#8217;assistenza \u00e8 disponibile 24 ore su 24, 7 giorni su 7, e risponde rapidamente alle domande. Il team di assistenza esperto pu\u00f2 aiutarti in qualsiasi cosa. Se il tuo caso richiede una spiegazione pi\u00f9 approfondita di quella che pu\u00f2 fornire la chat, \u00e8 disponibile anche l&#8217;assistenza via e-mail.<\/p>\n<\/div><\/div><\/p>\n","protected":false},"excerpt":{"rendered":"<p>Utilizzo di Cowboy Spin su dispositivi mobili Cowboyspin App offre una nuova esperienza di gioco da casin\u00f2 mobile che funziona esattamente come desiderano i giocatori italiani. Il software funziona su smartphone Android e iOS e offre pieno accesso a tutti i giochi e agli strumenti di gestione del casin\u00f2. Indipendentemente dalle dimensioni dello schermo che [&hellip;]<\/p>\n","protected":false},"author":1,"featured_media":0,"parent":0,"menu_order":0,"comment_status":"closed","ping_status":"closed","template":"template-builder.php","meta":{"_acf_changed":false,"inline_featured_image":false,"footnotes":""},"class_list":["post-1445","page","type-page","status-publish","hentry"],"acf":[],"yoast_head":"<!-- This site is optimized with the Yoast SEO plugin v27.3 - https:\/\/yoast.com\/product\/yoast-seo-wordpress\/ -->\n<title>Cowboyspin Casino App | Scarica per dispositivi mobili<\/title>\n<meta name=\"description\" content=\"L&#039;app Cowboyspin ti d\u00e0 accesso a tutti i tuoi giochi preferiti su smartphone, tablet e computer. I giocatori possono godere di tempi di caricamento veloci, transazioni bancarie sicure nell&#039;app e bonus e dettagli dell&#039;account sincronizzati.\" \/>\n<meta name=\"robots\" content=\"index, follow, max-snippet:-1, max-image-preview:large, max-video-preview:-1\" \/>\n<link rel=\"canonical\" href=\"https:\/\/thecowboyspin.org\/it\/applicazione\/\" \/>\n<meta property=\"og:locale\" content=\"it_IT\" \/>\n<meta property=\"og:type\" content=\"article\" \/>\n<meta property=\"og:title\" content=\"Cowboyspin Casino App | Scarica per dispositivi mobili\" \/>\n<meta property=\"og:description\" content=\"L&#039;app Cowboyspin ti d\u00e0 accesso a tutti i tuoi giochi preferiti su smartphone, tablet e computer. I giocatori possono godere di tempi di caricamento veloci, transazioni bancarie sicure nell&#039;app e bonus e dettagli dell&#039;account sincronizzati.\" \/>\n<meta property=\"og:url\" content=\"https:\/\/thecowboyspin.org\/it\/applicazione\/\" \/>\n<meta property=\"og:site_name\" content=\"cowboyspin\" \/>\n<meta property=\"article:modified_time\" content=\"2026-03-24T08:11:04+00:00\" \/>\n<meta name=\"twitter:card\" content=\"summary_large_image\" \/>\n<meta name=\"twitter:label1\" content=\"Est. reading time\" \/>\n\t<meta name=\"twitter:data1\" content=\"2 minutes\" \/>\n<script type=\"application\/ld+json\" class=\"yoast-schema-graph\">{\"@context\":\"https:\\\/\\\/schema.org\",\"@graph\":[{\"@type\":\"WebPage\",\"@id\":\"https:\\\/\\\/thecowboyspin.org\\\/it\\\/applicazione\\\/\",\"url\":\"https:\\\/\\\/thecowboyspin.org\\\/it\\\/applicazione\\\/\",\"name\":\"Cowboyspin Casino App | Scarica per dispositivi mobili\",\"isPartOf\":{\"@id\":\"https:\\\/\\\/thecowboyspin.org\\\/it\\\/#website\"},\"datePublished\":\"2026-01-20T12:08:23+00:00\",\"dateModified\":\"2026-03-24T08:11:04+00:00\",\"description\":\"L'app Cowboyspin ti d\u00e0 accesso a tutti i tuoi giochi preferiti su smartphone, tablet e computer. I giocatori possono godere di tempi di caricamento veloci, transazioni bancarie sicure nell'app e bonus e dettagli dell'account sincronizzati.\",\"breadcrumb\":{\"@id\":\"https:\\\/\\\/thecowboyspin.org\\\/it\\\/applicazione\\\/#breadcrumb\"},\"inLanguage\":\"it-IT\",\"potentialAction\":[{\"@type\":\"ReadAction\",\"target\":[\"https:\\\/\\\/thecowboyspin.org\\\/it\\\/applicazione\\\/\"]}]},{\"@type\":\"BreadcrumbList\",\"@id\":\"https:\\\/\\\/thecowboyspin.org\\\/it\\\/applicazione\\\/#breadcrumb\",\"itemListElement\":[{\"@type\":\"ListItem\",\"position\":1,\"name\":\"Cowboyspin\",\"item\":\"https:\\\/\\\/thecowboyspin.org\\\/it\\\/\"},{\"@type\":\"ListItem\",\"position\":2,\"name\":\"Applicazione\"}]},{\"@type\":\"WebSite\",\"@id\":\"https:\\\/\\\/thecowboyspin.org\\\/it\\\/#website\",\"url\":\"https:\\\/\\\/thecowboyspin.org\\\/it\\\/\",\"name\":\"Cowboyspin\",\"description\":\"\",\"publisher\":{\"@id\":\"https:\\\/\\\/thecowboyspin.org\\\/it\\\/#organization\"},\"potentialAction\":[{\"@type\":\"SearchAction\",\"target\":{\"@type\":\"EntryPoint\",\"urlTemplate\":\"https:\\\/\\\/thecowboyspin.org\\\/it\\\/?s={search_term_string}\"},\"query-input\":{\"@type\":\"PropertyValueSpecification\",\"valueRequired\":true,\"valueName\":\"search_term_string\"}}],\"inLanguage\":\"it-IT\"},{\"@type\":\"Organization\",\"@id\":\"https:\\\/\\\/thecowboyspin.org\\\/it\\\/#organization\",\"name\":\"Cowboyspin\",\"url\":\"https:\\\/\\\/thecowboyspin.org\\\/it\\\/\",\"logo\":{\"@type\":\"ImageObject\",\"inLanguage\":\"it-IT\",\"@id\":\"https:\\\/\\\/thecowboyspin.org\\\/it\\\/#\\\/schema\\\/logo\\\/image\\\/\",\"url\":\"https:\\\/\\\/thecowboyspin.org\\\/wp-content\\\/uploads\\\/2026\\\/03\\\/cowboyspin-logo.png\",\"contentUrl\":\"https:\\\/\\\/thecowboyspin.org\\\/wp-content\\\/uploads\\\/2026\\\/03\\\/cowboyspin-logo.png\",\"width\":180,\"height\":66,\"caption\":\"Cowboyspin\"},\"image\":{\"@id\":\"https:\\\/\\\/thecowboyspin.org\\\/it\\\/#\\\/schema\\\/logo\\\/image\\\/\"}}]}<\/script>\n<!-- \/ Yoast SEO plugin. -->","yoast_head_json":{"title":"Cowboyspin Casino App | Scarica per dispositivi mobili","description":"L'app Cowboyspin ti d\u00e0 accesso a tutti i tuoi giochi preferiti su smartphone, tablet e computer. I giocatori possono godere di tempi di caricamento veloci, transazioni bancarie sicure nell'app e bonus e dettagli dell'account sincronizzati.","robots":{"index":"index","follow":"follow","max-snippet":"max-snippet:-1","max-image-preview":"max-image-preview:large","max-video-preview":"max-video-preview:-1"},"canonical":"https:\/\/thecowboyspin.org\/it\/applicazione\/","og_locale":"it_IT","og_type":"article","og_title":"Cowboyspin Casino App | Scarica per dispositivi mobili","og_description":"L'app Cowboyspin ti d\u00e0 accesso a tutti i tuoi giochi preferiti su smartphone, tablet e computer. I giocatori possono godere di tempi di caricamento veloci, transazioni bancarie sicure nell'app e bonus e dettagli dell'account sincronizzati.","og_url":"https:\/\/thecowboyspin.org\/it\/applicazione\/","og_site_name":"cowboyspin","article_modified_time":"2026-03-24T08:11:04+00:00","twitter_card":"summary_large_image","twitter_misc":{"Est. reading time":"2 minutes"},"schema":{"@context":"https:\/\/schema.org","@graph":[{"@type":"WebPage","@id":"https:\/\/thecowboyspin.org\/it\/applicazione\/","url":"https:\/\/thecowboyspin.org\/it\/applicazione\/","name":"Cowboyspin Casino App | Scarica per dispositivi mobili","isPartOf":{"@id":"https:\/\/thecowboyspin.org\/it\/#website"},"datePublished":"2026-01-20T12:08:23+00:00","dateModified":"2026-03-24T08:11:04+00:00","description":"L'app Cowboyspin ti d\u00e0 accesso a tutti i tuoi giochi preferiti su smartphone, tablet e computer. I giocatori possono godere di tempi di caricamento veloci, transazioni bancarie sicure nell'app e bonus e dettagli dell'account sincronizzati.","breadcrumb":{"@id":"https:\/\/thecowboyspin.org\/it\/applicazione\/#breadcrumb"},"inLanguage":"it-IT","potentialAction":[{"@type":"ReadAction","target":["https:\/\/thecowboyspin.org\/it\/applicazione\/"]}]},{"@type":"BreadcrumbList","@id":"https:\/\/thecowboyspin.org\/it\/applicazione\/#breadcrumb","itemListElement":[{"@type":"ListItem","position":1,"name":"Cowboyspin","item":"https:\/\/thecowboyspin.org\/it\/"},{"@type":"ListItem","position":2,"name":"Applicazione"}]},{"@type":"WebSite","@id":"https:\/\/thecowboyspin.org\/it\/#website","url":"https:\/\/thecowboyspin.org\/it\/","name":"Cowboyspin","description":"","publisher":{"@id":"https:\/\/thecowboyspin.org\/it\/#organization"},"potentialAction":[{"@type":"SearchAction","target":{"@type":"EntryPoint","urlTemplate":"https:\/\/thecowboyspin.org\/it\/?s={search_term_string}"},"query-input":{"@type":"PropertyValueSpecification","valueRequired":true,"valueName":"search_term_string"}}],"inLanguage":"it-IT"},{"@type":"Organization","@id":"https:\/\/thecowboyspin.org\/it\/#organization","name":"Cowboyspin","url":"https:\/\/thecowboyspin.org\/it\/","logo":{"@type":"ImageObject","inLanguage":"it-IT","@id":"https:\/\/thecowboyspin.org\/it\/#\/schema\/logo\/image\/","url":"https:\/\/thecowboyspin.org\/wp-content\/uploads\/2026\/03\/cowboyspin-logo.png","contentUrl":"https:\/\/thecowboyspin.org\/wp-content\/uploads\/2026\/03\/cowboyspin-logo.png","width":180,"height":66,"caption":"Cowboyspin"},"image":{"@id":"https:\/\/thecowboyspin.org\/it\/#\/schema\/logo\/image\/"}}]}},"_links":{"self":[{"href":"https:\/\/thecowboyspin.org\/it\/wp-json\/wp\/v2\/pages\/1445","targetHints":{"allow":["GET"]}}],"collection":[{"href":"https:\/\/thecowboyspin.org\/it\/wp-json\/wp\/v2\/pages"}],"about":[{"href":"https:\/\/thecowboyspin.org\/it\/wp-json\/wp\/v2\/types\/page"}],"author":[{"embeddable":true,"href":"https:\/\/thecowboyspin.org\/it\/wp-json\/wp\/v2\/users\/1"}],"replies":[{"embeddable":true,"href":"https:\/\/thecowboyspin.org\/it\/wp-json\/wp\/v2\/comments?post=1445"}],"version-history":[{"count":4,"href":"https:\/\/thecowboyspin.org\/it\/wp-json\/wp\/v2\/pages\/1445\/revisions"}],"predecessor-version":[{"id":2076,"href":"https:\/\/thecowboyspin.org\/it\/wp-json\/wp\/v2\/pages\/1445\/revisions\/2076"}],"wp:attachment":[{"href":"https:\/\/thecowboyspin.org\/it\/wp-json\/wp\/v2\/media?parent=1445"}],"curies":[{"name":"wp","href":"https:\/\/api.w.org\/{rel}","templated":true}]}}