{"id":1482,"date":"2026-01-20T12:11:11","date_gmt":"2026-01-20T12:11:11","guid":{"rendered":"https:\/\/bonuskongcasino.com\/login-and-registration\/"},"modified":"2026-03-24T09:14:50","modified_gmt":"2026-03-24T09:14:50","slug":"connexion-et-inscription","status":"publish","type":"page","link":"https:\/\/thecowboyspin.org\/fr\/connexion-et-inscription\/","title":{"rendered":"Connexion et inscription"},"content":{"rendered":"<h1>Cr\u00e9ation de compte et connexion \u00e0 Cowboyspin<\/h1>\n<p>Quel que soit l&rsquo;appareil que vous utilisez, le Cowboyspin login est rapide et facile. Une fois vos identifiants configur\u00e9s, la connexion ne prend que quelques secondes sur un ordinateur, une tablette ou un t\u00e9l\u00e9phone. Les personnes qui jouent pour la premi\u00e8re fois doivent cr\u00e9er un compte avant de commencer \u00e0 jouer ; le processus ne prend pas trop de temps.<\/p>\n<p><div class=\"banner-wrap\" aria-label=\"Banner\"><img src=\"https:\/\/thecowboyspin.org\/wp-content\/uploads\/2026\/03\/banner-desktop2x.webp\" class=\"w-100 d-none d-lg-block img-pc main-banner-img\" alt=\"Cowboyspin bonus desktop\" fetchpriority=\"high\" decoding=\"async\"><img src=\"https:\/\/thecowboyspin.org\/wp-content\/uploads\/2026\/03\/banner-mobile2x.webp\" class=\"w-100 d-none d-md-block d-lg-none main-banner-img\" alt=\"Cowboyspin mobile\" fetchpriority=\"high\" decoding=\"async\"><img src=\"https:\/\/thecowboyspin.org\/wp-content\/uploads\/2026\/03\/banner-mobile2x.webp\" class=\"w-100 d-md-none\" alt=\"Cowboyspin mobile\" fetchpriority=\"high\" decoding=\"async\"><div class=\"banner-description\">\n<div class=\"banner-title\">Bonus de bienvenue<\/div>\n<p class=\"banner-header-title\">1500 \u20ac<\/p>\n<div class=\"banner-header-AdditionalText\">+ 250 Tours gratuits<\/div>\n<button data-item=\"homepage_banner_link\" class=\"goto m-button m-gradient-border m-button--primary m-button--large banner-button btn-orange\">\n            <div class=\"m-button-content\">\n                <span>Inscrivez-vous d\u00e8s maintenant<\/span>\n                <span><\/span>\n            <\/div>\n        <\/button>\n<\/div>\n<div class=\"WelcomePack\">\n<p><img loading=\"lazy\" decoding=\"async\" class=\"alignnone size-full wp-image-1844\" src=\"https:\/\/thecowboyspin.org\/wp-content\/uploads\/2026\/03\/welcome-crown-1.png\" alt=\"welcome crown\" width=\"25\" height=\"26\" \/><\/p>\n<div class=\"WelcomePack-Info\">Cashback hebdomadaire jusqu&rsquo;\u00e0 25 %<\/div>\n<p><img loading=\"lazy\" decoding=\"async\" class=\"alignnone size-full wp-image-1844\" src=\"https:\/\/thecowboyspin.org\/wp-content\/uploads\/2026\/03\/welcome-crown-1.png\" alt=\"welcome crown\" width=\"25\" height=\"26\" \/><\/p>\n<\/div>\n<\/div><div class=\"scrollable-content-wrap my-5\"><div class=\"scrollable-content-inner\"><h2>Inscription d&rsquo;un nouvel utilisateur sur Cowboyspin<\/h2>\n<p>Seuls les joueurs inscrits peuvent acc\u00e9der \u00e0 l&rsquo;int\u00e9gralit\u00e9 de la plateforme Cowboyspin Casino. La cr\u00e9ation d&rsquo;un compte vous donne acc\u00e8s \u00e0 plus de 6 000 jeux, \u00e0 un syst\u00e8me de bonus qui tient ses promesses et \u00e0 des fonctionnalit\u00e9s qui am\u00e9liorent votre exp\u00e9rience. Une fois la connexion \u00e0 Cowboyspin effectu\u00e9e, la gestion des d\u00e9p\u00f4ts et des retraits devient incroyablement simple.<\/p>\n<p>Des outils de jeu responsable sont disponibles pour vous aider \u00e0 \u00e9tablir des limites saines, et vous aurez de nombreuses occasions de participer \u00e0 des promotions. Des mesures de s\u00e9curit\u00e9 associ\u00e9es \u00e0 des normes de cryptage modernes prot\u00e8gent votre compte contre les tentatives d&rsquo;acc\u00e8s non autoris\u00e9es et les activit\u00e9s de connexion suspectes.<\/p>\n<table>\n<tbody>\n<tr>\n<td>Ce qui s&rsquo;affiche apr\u00e8s l&rsquo;inscription<\/td>\n<td>D\u00e9tails<\/td>\n<td>Pourquoi c&rsquo;est important<\/td>\n<\/tr>\n<tr>\n<td>1 500 \u20ac de bonus<\/td>\n<td>R\u00e9parti sur vos trois premiers d\u00e9p\u00f4ts, et non vers\u00e9 en une seule fois<\/td>\n<td>Il dure plusieurs semaines au lieu de dispara\u00eetre en une nuit<\/td>\n<\/tr>\n<tr>\n<td>250 tours gratuits<\/td>\n<td>Vous les recevez par petits lots que vous pouvez r\u00e9ellement utiliser<\/td>\n<td>Vous ne gaspillez pas 250 tours avant qu&rsquo;ils n&rsquo;expirent demain<\/td>\n<\/tr>\n<tr>\n<td>Acc\u00e8s complet aux jeux de Cowboy Spin Casino<\/td>\n<td>Tous les jeux de la biblioth\u00e8que de plus de 6 000 titres sont disponibles imm\u00e9diatement<\/td>\n<td>Nous n&rsquo;avons pas de barri\u00e8res \u00ab r\u00e9serv\u00e9es aux membres VIP \u00bb qui bloquent les bonnes offres<\/td>\n<\/tr>\n<tr>\n<td>Tournois<\/td>\n<td>Des comp\u00e9titions quotidiennes et hebdomadaires auxquelles vous pouvez participer d\u00e8s maintenant<\/td>\n<td>Les utilisateurs peuvent commencer \u00e0 concourir pour remporter de vrais prix<\/td>\n<\/tr>\n<tr>\n<td>Contr\u00f4les de s\u00e9curit\u00e9<\/td>\n<td>Des limites de d\u00e9p\u00f4t et l&rsquo;auto-exclusion sont \u00e0 votre disposition dans les param\u00e8tres de votre compte<\/td>\n<td>Vous pouvez d\u00e9finir des limites pour jouer de mani\u00e8re responsable<\/td>\n<\/tr>\n<\/tbody>\n<\/table>\n<h3>Bonus d&rsquo;inscription<\/h3>\n<p>D\u00e8s que votre premier d\u00e9p\u00f4t est valid\u00e9, les nouveaux comptes re\u00e7oivent automatiquement le pack de bienvenue Cowboyspin. Ce n&rsquo;est pas un petit cadeau : il s&rsquo;agit de 1 500 \u20ac de bonus et de 250 tours gratuits r\u00e9partis sur vos trois premiers d\u00e9p\u00f4ts, pour que le plaisir ne s&rsquo;arr\u00eate pas apr\u00e8s le premier jour.<\/p>\n<p>Les conditions de mise du pack de bienvenue sont \u00e9quitables. Cowboyspin Casino est clair sur ce que vous devez faire. Il n&rsquo;y a pas de multiplicateurs cach\u00e9s dans les notes de bas de page qui vous surprendront au moment de retirer vos gains.<\/p>\n<h3>Cr\u00e9ez votre compte<\/h3>\n<p>Pour commencer, cliquez sur le bouton \u00ab S&rsquo;inscrire \u00bb pour ouvrir la page d&rsquo;inscription sur Cowboy Spin.<\/p>\n<ol>\n<li>Commencez par saisir votre adresse e-mail et votre mot de passe. Assurez-vous que votre mot de passe est s\u00fbr en utilisant des lettres, des chiffres et des symboles.<\/li>\n<li>Lisez les conditions g\u00e9n\u00e9rales avant de cliquer sur \u00ab Accepter \u00bb. Cliquez ensuite sur \u00ab S&rsquo;inscrire \u00bb pour continuer.<\/li>\n<li>La fen\u00eatre suivante vous demande votre pr\u00e9nom et votre nom, votre date de naissance, votre num\u00e9ro de t\u00e9l\u00e9phone et d&rsquo;autres informations personnelles de base n\u00e9cessaires \u00e0 la cr\u00e9ation d&rsquo;un compte.<\/li>\n<li>Cliquez sur \u00ab Enregistrer \u00bb pour valider vos informations, puis confirmez votre adresse e-mail via un lien afin d&rsquo;activer votre compte.<\/li>\n<\/ol>\n<p><img loading=\"lazy\" decoding=\"async\" class=\"alignnone size-full wp-image-2002\" src=\"https:\/\/thecowboyspin.org\/wp-content\/uploads\/2026\/03\/Cowboyspin.webp\" alt=\"Cowboyspin login\" width=\"1248\" height=\"536\" srcset=\"https:\/\/thecowboyspin.org\/wp-content\/uploads\/2026\/03\/Cowboyspin.webp 1248w, https:\/\/thecowboyspin.org\/wp-content\/uploads\/2026\/03\/Cowboyspin-300x129.webp 300w, https:\/\/thecowboyspin.org\/wp-content\/uploads\/2026\/03\/Cowboyspin-1024x440.webp 1024w, https:\/\/thecowboyspin.org\/wp-content\/uploads\/2026\/03\/Cowboyspin-768x330.webp 768w\" sizes=\"auto, (max-width: 1248px) 100vw, 1248px\" \/><\/p>\n<h2>G\u00e9rer un compte Cowboyspin<\/h2>\n<p>La connexion \u00e0 Cowboyspin reste simple et rapide. Vous pouvez utiliser n&rsquo;importe quel appareil pour acc\u00e9der \u00e0 toutes les fonctionnalit\u00e9s du casino sans aucune restriction. Une fois connect\u00e9 \u00e0 Cowboyspin, vous pouvez tout faire depuis le m\u00eame tableau de bord : g\u00e9rer votre compte, jouer \u00e0 des jeux et suivre vos activit\u00e9s.<\/p>\n<p>Cliquez sur le bouton de connexion, saisissez votre adresse e-mail et votre mot de passe, puis cliquez \u00e0 nouveau sur \u00ab Se Connecter \u00bb. Une fois connect\u00e9, vous pouvez imm\u00e9diatement acc\u00e9der aux param\u00e8tres de votre compte, \u00e0 vos d\u00e9p\u00f4ts, \u00e0 vos retraits et \u00e0 la progression de vos jeux. Les promotions, les r\u00e9compenses pour les VIP et la possibilit\u00e9 de participer \u00e0 des tournois sont toutes \u00e0 port\u00e9e de main.<\/p>\n<p>Depuis votre compte Cowboy Spin Casino, vous pouvez :<\/p>\n<ul>\n<li>Jouer \u00e0 toutes sortes de machines \u00e0 sous en ligne, de jeux de table, de jeux de casino en direct et de jeux \u00e0 gains instantan\u00e9s.<\/li>\n<li>Consulter l&rsquo;historique de vos sessions de jeu et vos r\u00e9sultats.<\/li>\n<li>Retirez vos gains d\u00e8s que vous avez atteint un montant qui vaut la peine d&rsquo;\u00eatre encaiss\u00e9.<\/li>\n<li>Participez aux \u00e9v\u00e9nements et aux offres propos\u00e9s sur toute la plateforme.<\/li>\n<li>Si vous estimez qu&rsquo;il est judicieux de vous fixer des limites, activez les outils de jeu responsable.<\/li>\n<li>Modifiez vos param\u00e8tres personnels lorsque vos informations changent.<\/li>\n<li>Participez aux tournois Cowboyspin o\u00f9 vous pouvez gagner des prix en jouant contre d&rsquo;autres joueurs.<\/li>\n<\/ul>\n<h3>Mot de passe oubli\u00e9 ?<\/h3>\n<p>Il arrive parfois que les mots de passe s&rsquo;effacent de la m\u00e9moire. Ne vous inqui\u00e9tez pas, cela arrive \u00e0 tout le monde. Il ne vous faudra que quelques minutes pour revenir sur le casino et terminer la proc\u00e9dure de connexion \u00e0 Cowboyspin.<\/p>\n<ol>\n<li>Tout d&rsquo;abord, rendez-vous sur la page de connexion de Cowboy Spin.<\/li>\n<li>Cliquez sur \u00ab Mot de passe oubli\u00e9 ? \u00bb \u00e0 un endroit bien visible \u00e0 c\u00f4t\u00e9 des champs de connexion.<\/li>\n<li>Veuillez indiquer votre adresse e-mail enregistr\u00e9e afin que le syst\u00e8me puisse identifier le bon compte \u00e0 r\u00e9initialiser.<\/li>\n<li>Vous devriez recevoir un e-mail de Cowboyspin Casino dans votre bo\u00eete de r\u00e9ception contenant un lien pour modifier votre mot de passe.<\/li>\n<li>Cr\u00e9ez un nouveau mot de passe fort, puis utilisez-le pour vous connecter.<\/li>\n<\/ol>\n<h2>V\u00e9rification du compte et mesures de s\u00e9curit\u00e9 de Cowboyspin Casino<\/h2>\n<p>Nous v\u00e9rifions chaque compte Cowboyspin afin de garantir la s\u00e9curit\u00e9 des joueurs et de pr\u00e9server l&rsquo;int\u00e9grit\u00e9 du site. Pour v\u00e9rifier votre identit\u00e9, vous devez fournir des documents clairs et confirmer votre adresse. Seuls les comptes v\u00e9rifi\u00e9s peuvent effectuer des retraits et recevoir des bonus.<\/p>\n<p>Notre \u00e9quipe examine les documents dans un d\u00e9lai de 48 heures, bien que ce processus puisse \u00eatre achev\u00e9 plus rapidement s&rsquo;il n&rsquo;y a pas beaucoup de demandes. Le processus de v\u00e9rification fait partie de la proc\u00e9dure KYC de Cowboy Spin. Cette proc\u00e9dure comprend la transmission de donn\u00e9es crypt\u00e9es, la mise \u00e0 disposition d&rsquo;une authentification \u00e0 deux facteurs pour les utilisateurs et la surveillance manuelle des transactions \u00e0 la recherche d&rsquo;activit\u00e9s suspectes.<\/p>\n<h2>FAQ<\/h2>\n<h3>Que dois-je faire si mon compte est bloqu\u00e9 ?<\/h3>\n<p>La plupart du temps, ce sont les mesures de s\u00e9curit\u00e9 qui bloquent les comptes Cowboyspin Casino. D\u00e9connectez-vous, puis reconnectez-vous. Cela peut r\u00e9soudre les blocages qui ne sont que temporaires. Assurez-vous que votre connexion Internet reste stable.<\/p>\n<p>Si vous ne parvenez toujours pas \u00e0 vous connecter, contactez l&rsquo;\u00e9quipe d&rsquo;assistance de Cowboyspin. Notre service d&rsquo;assistance multilingue est l\u00e0 pour vous aider via le chat en direct pour les questions simples ou par e-mail si vous avez besoin d&rsquo;une r\u00e9ponse plus d\u00e9taill\u00e9e.<\/p>\n<h3>Comment mettre \u00e0 jour le mot de passe ou l&rsquo;adresse e-mail ?<\/h3>\n<p>Dans les param\u00e8tres de votre compte Cowboy Spin, il est facile de modifier votre adresse e-mail ou votre mot de passe. Sur votre page de profil personnel, cliquez sur \u00ab Param\u00e8tres du compte \u00bb, puis s\u00e9lectionnez l&rsquo;\u00e9l\u00e9ment que vous souhaitez modifier. Saisissez les nouvelles informations et v\u00e9rifiez qu&rsquo;elles sont correctes. Le syst\u00e8me mettra imm\u00e9diatement \u00e0 jour les donn\u00e9es, sans d\u00e9lai ni validation. Vous pourrez ensuite vous connecter \u00e0 Cowboyspin sans aucun probl\u00e8me.<\/p>\n<h3>Puis-je activer ou d\u00e9sactiver l&rsquo;authentification \u00e0 deux facteurs ?<\/h3>\n<p>Vous pouvez activer ou d\u00e9sactiver l&rsquo;authentification \u00e0 deux facteurs dans les param\u00e8tres de s\u00e9curit\u00e9 de votre compte quand vous le souhaitez. Pour vous connecter, vous aurez besoin de votre mot de passe et d&rsquo;un jeton \u00e0 dur\u00e9e limit\u00e9e provenant d&rsquo;une application d&rsquo;authentification comme Google Authenticator. Cela ajoute une couche de s\u00e9curit\u00e9 suppl\u00e9mentaire. M\u00eame si quelqu&rsquo;un parvient \u00e0 obtenir votre mot de passe, il lui sera plus difficile de prendre le contr\u00f4le de votre compte. Si vous la d\u00e9sactivez, vous n&rsquo;avez pas \u00e0 passer par cette \u00e9tape, ce qui rend la connexion \u00e0 Cowboyspin plus rapide mais moins s\u00fbre.<\/p>\n<\/div><\/div><\/p>\n","protected":false},"excerpt":{"rendered":"<p>Cr\u00e9ation de compte et connexion \u00e0 Cowboyspin Quel que soit l&rsquo;appareil que vous utilisez, le Cowboyspin login est rapide et facile. Une fois vos identifiants configur\u00e9s, la connexion ne prend que quelques secondes sur un ordinateur, une tablette ou un t\u00e9l\u00e9phone. Les personnes qui jouent pour la premi\u00e8re fois doivent cr\u00e9er un compte avant de [&hellip;]<\/p>\n","protected":false},"author":1,"featured_media":0,"parent":0,"menu_order":0,"comment_status":"closed","ping_status":"closed","template":"template-builder.php","meta":{"_acf_changed":false,"inline_featured_image":false,"footnotes":""},"class_list":["post-1482","page","type-page","status-publish","hentry"],"acf":[],"yoast_head":"<!-- This site is optimized with the Yoast SEO plugin v27.3 - https:\/\/yoast.com\/product\/yoast-seo-wordpress\/ -->\n<title>Cowboyspin Login | Se connecter ou cr\u00e9er un nouveau compte<\/title>\n<meta name=\"description\" content=\"Votre identifiant personnel Cowboyspin vous permet d&#039;acc\u00e9der rapidement \u00e0 votre compte. L&#039;inscription des nouveaux joueurs est rapide et enti\u00e8rement s\u00e9curis\u00e9e. L&#039;acc\u00e8s aux outils de gestion de compte garantit une exp\u00e9rience de jeu fluide 24 heures sur 24.\" \/>\n<meta name=\"robots\" content=\"index, follow, max-snippet:-1, max-image-preview:large, max-video-preview:-1\" \/>\n<link rel=\"canonical\" href=\"https:\/\/thecowboyspin.org\/fr\/connexion-et-inscription\/\" \/>\n<meta property=\"og:locale\" content=\"fr_FR\" \/>\n<meta property=\"og:type\" content=\"article\" \/>\n<meta property=\"og:title\" content=\"Cowboyspin Login | Se connecter ou cr\u00e9er un nouveau compte\" \/>\n<meta property=\"og:description\" content=\"Votre identifiant personnel Cowboyspin vous permet d&#039;acc\u00e9der rapidement \u00e0 votre compte. L&#039;inscription des nouveaux joueurs est rapide et enti\u00e8rement s\u00e9curis\u00e9e. L&#039;acc\u00e8s aux outils de gestion de compte garantit une exp\u00e9rience de jeu fluide 24 heures sur 24.\" \/>\n<meta property=\"og:url\" content=\"https:\/\/thecowboyspin.org\/fr\/connexion-et-inscription\/\" \/>\n<meta property=\"og:site_name\" content=\"cowboyspin\" \/>\n<meta property=\"article:modified_time\" content=\"2026-03-24T09:14:50+00:00\" \/>\n<meta name=\"twitter:card\" content=\"summary_large_image\" \/>\n<meta name=\"twitter:label1\" content=\"Dur\u00e9e de lecture estim\u00e9e\" \/>\n\t<meta name=\"twitter:data1\" content=\"1 minute\" \/>\n<script type=\"application\/ld+json\" class=\"yoast-schema-graph\">{\"@context\":\"https:\\\/\\\/schema.org\",\"@graph\":[{\"@type\":\"WebPage\",\"@id\":\"https:\\\/\\\/thecowboyspin.org\\\/fr\\\/connexion-et-inscription\\\/\",\"url\":\"https:\\\/\\\/thecowboyspin.org\\\/fr\\\/connexion-et-inscription\\\/\",\"name\":\"Cowboyspin Login | Se connecter ou cr\u00e9er un nouveau compte\",\"isPartOf\":{\"@id\":\"https:\\\/\\\/thecowboyspin.org\\\/fr\\\/#website\"},\"datePublished\":\"2026-01-20T12:11:11+00:00\",\"dateModified\":\"2026-03-24T09:14:50+00:00\",\"description\":\"Votre identifiant personnel Cowboyspin vous permet d'acc\u00e9der rapidement \u00e0 votre compte. L'inscription des nouveaux joueurs est rapide et enti\u00e8rement s\u00e9curis\u00e9e. L'acc\u00e8s aux outils de gestion de compte garantit une exp\u00e9rience de jeu fluide 24 heures sur 24.\",\"breadcrumb\":{\"@id\":\"https:\\\/\\\/thecowboyspin.org\\\/fr\\\/connexion-et-inscription\\\/#breadcrumb\"},\"inLanguage\":\"fr-FR\",\"potentialAction\":[{\"@type\":\"ReadAction\",\"target\":[\"https:\\\/\\\/thecowboyspin.org\\\/fr\\\/connexion-et-inscription\\\/\"]}]},{\"@type\":\"BreadcrumbList\",\"@id\":\"https:\\\/\\\/thecowboyspin.org\\\/fr\\\/connexion-et-inscription\\\/#breadcrumb\",\"itemListElement\":[{\"@type\":\"ListItem\",\"position\":1,\"name\":\"Cowboyspin\",\"item\":\"https:\\\/\\\/thecowboyspin.org\\\/fr\\\/\"},{\"@type\":\"ListItem\",\"position\":2,\"name\":\"Connexion et inscription\"}]},{\"@type\":\"WebSite\",\"@id\":\"https:\\\/\\\/thecowboyspin.org\\\/fr\\\/#website\",\"url\":\"https:\\\/\\\/thecowboyspin.org\\\/fr\\\/\",\"name\":\"Cowboyspin\",\"description\":\"\",\"publisher\":{\"@id\":\"https:\\\/\\\/thecowboyspin.org\\\/fr\\\/#organization\"},\"potentialAction\":[{\"@type\":\"SearchAction\",\"target\":{\"@type\":\"EntryPoint\",\"urlTemplate\":\"https:\\\/\\\/thecowboyspin.org\\\/fr\\\/?s={search_term_string}\"},\"query-input\":{\"@type\":\"PropertyValueSpecification\",\"valueRequired\":true,\"valueName\":\"search_term_string\"}}],\"inLanguage\":\"fr-FR\"},{\"@type\":\"Organization\",\"@id\":\"https:\\\/\\\/thecowboyspin.org\\\/fr\\\/#organization\",\"name\":\"Cowboyspin\",\"url\":\"https:\\\/\\\/thecowboyspin.org\\\/fr\\\/\",\"logo\":{\"@type\":\"ImageObject\",\"inLanguage\":\"fr-FR\",\"@id\":\"https:\\\/\\\/thecowboyspin.org\\\/fr\\\/#\\\/schema\\\/logo\\\/image\\\/\",\"url\":\"https:\\\/\\\/thecowboyspin.org\\\/wp-content\\\/uploads\\\/2026\\\/03\\\/cowboyspin-logo.png\",\"contentUrl\":\"https:\\\/\\\/thecowboyspin.org\\\/wp-content\\\/uploads\\\/2026\\\/03\\\/cowboyspin-logo.png\",\"width\":180,\"height\":66,\"caption\":\"Cowboyspin\"},\"image\":{\"@id\":\"https:\\\/\\\/thecowboyspin.org\\\/fr\\\/#\\\/schema\\\/logo\\\/image\\\/\"}}]}<\/script>\n<!-- \/ Yoast SEO plugin. -->","yoast_head_json":{"title":"Cowboyspin Login | Se connecter ou cr\u00e9er un nouveau compte","description":"Votre identifiant personnel Cowboyspin vous permet d'acc\u00e9der rapidement \u00e0 votre compte. L'inscription des nouveaux joueurs est rapide et enti\u00e8rement s\u00e9curis\u00e9e. L'acc\u00e8s aux outils de gestion de compte garantit une exp\u00e9rience de jeu fluide 24 heures sur 24.","robots":{"index":"index","follow":"follow","max-snippet":"max-snippet:-1","max-image-preview":"max-image-preview:large","max-video-preview":"max-video-preview:-1"},"canonical":"https:\/\/thecowboyspin.org\/fr\/connexion-et-inscription\/","og_locale":"fr_FR","og_type":"article","og_title":"Cowboyspin Login | Se connecter ou cr\u00e9er un nouveau compte","og_description":"Votre identifiant personnel Cowboyspin vous permet d'acc\u00e9der rapidement \u00e0 votre compte. L'inscription des nouveaux joueurs est rapide et enti\u00e8rement s\u00e9curis\u00e9e. L'acc\u00e8s aux outils de gestion de compte garantit une exp\u00e9rience de jeu fluide 24 heures sur 24.","og_url":"https:\/\/thecowboyspin.org\/fr\/connexion-et-inscription\/","og_site_name":"cowboyspin","article_modified_time":"2026-03-24T09:14:50+00:00","twitter_card":"summary_large_image","twitter_misc":{"Dur\u00e9e de lecture estim\u00e9e":"1 minute"},"schema":{"@context":"https:\/\/schema.org","@graph":[{"@type":"WebPage","@id":"https:\/\/thecowboyspin.org\/fr\/connexion-et-inscription\/","url":"https:\/\/thecowboyspin.org\/fr\/connexion-et-inscription\/","name":"Cowboyspin Login | Se connecter ou cr\u00e9er un nouveau compte","isPartOf":{"@id":"https:\/\/thecowboyspin.org\/fr\/#website"},"datePublished":"2026-01-20T12:11:11+00:00","dateModified":"2026-03-24T09:14:50+00:00","description":"Votre identifiant personnel Cowboyspin vous permet d'acc\u00e9der rapidement \u00e0 votre compte. L'inscription des nouveaux joueurs est rapide et enti\u00e8rement s\u00e9curis\u00e9e. L'acc\u00e8s aux outils de gestion de compte garantit une exp\u00e9rience de jeu fluide 24 heures sur 24.","breadcrumb":{"@id":"https:\/\/thecowboyspin.org\/fr\/connexion-et-inscription\/#breadcrumb"},"inLanguage":"fr-FR","potentialAction":[{"@type":"ReadAction","target":["https:\/\/thecowboyspin.org\/fr\/connexion-et-inscription\/"]}]},{"@type":"BreadcrumbList","@id":"https:\/\/thecowboyspin.org\/fr\/connexion-et-inscription\/#breadcrumb","itemListElement":[{"@type":"ListItem","position":1,"name":"Cowboyspin","item":"https:\/\/thecowboyspin.org\/fr\/"},{"@type":"ListItem","position":2,"name":"Connexion et inscription"}]},{"@type":"WebSite","@id":"https:\/\/thecowboyspin.org\/fr\/#website","url":"https:\/\/thecowboyspin.org\/fr\/","name":"Cowboyspin","description":"","publisher":{"@id":"https:\/\/thecowboyspin.org\/fr\/#organization"},"potentialAction":[{"@type":"SearchAction","target":{"@type":"EntryPoint","urlTemplate":"https:\/\/thecowboyspin.org\/fr\/?s={search_term_string}"},"query-input":{"@type":"PropertyValueSpecification","valueRequired":true,"valueName":"search_term_string"}}],"inLanguage":"fr-FR"},{"@type":"Organization","@id":"https:\/\/thecowboyspin.org\/fr\/#organization","name":"Cowboyspin","url":"https:\/\/thecowboyspin.org\/fr\/","logo":{"@type":"ImageObject","inLanguage":"fr-FR","@id":"https:\/\/thecowboyspin.org\/fr\/#\/schema\/logo\/image\/","url":"https:\/\/thecowboyspin.org\/wp-content\/uploads\/2026\/03\/cowboyspin-logo.png","contentUrl":"https:\/\/thecowboyspin.org\/wp-content\/uploads\/2026\/03\/cowboyspin-logo.png","width":180,"height":66,"caption":"Cowboyspin"},"image":{"@id":"https:\/\/thecowboyspin.org\/fr\/#\/schema\/logo\/image\/"}}]}},"_links":{"self":[{"href":"https:\/\/thecowboyspin.org\/fr\/wp-json\/wp\/v2\/pages\/1482","targetHints":{"allow":["GET"]}}],"collection":[{"href":"https:\/\/thecowboyspin.org\/fr\/wp-json\/wp\/v2\/pages"}],"about":[{"href":"https:\/\/thecowboyspin.org\/fr\/wp-json\/wp\/v2\/types\/page"}],"author":[{"embeddable":true,"href":"https:\/\/thecowboyspin.org\/fr\/wp-json\/wp\/v2\/users\/1"}],"replies":[{"embeddable":true,"href":"https:\/\/thecowboyspin.org\/fr\/wp-json\/wp\/v2\/comments?post=1482"}],"version-history":[{"count":3,"href":"https:\/\/thecowboyspin.org\/fr\/wp-json\/wp\/v2\/pages\/1482\/revisions"}],"predecessor-version":[{"id":2100,"href":"https:\/\/thecowboyspin.org\/fr\/wp-json\/wp\/v2\/pages\/1482\/revisions\/2100"}],"wp:attachment":[{"href":"https:\/\/thecowboyspin.org\/fr\/wp-json\/wp\/v2\/media?parent=1482"}],"curies":[{"name":"wp","href":"https:\/\/api.w.org\/{rel}","templated":true}]}}