{"id":1440,"date":"2026-01-20T12:08:23","date_gmt":"2026-01-20T12:08:23","guid":{"rendered":"https:\/\/bonuskongcasino.com\/app\/"},"modified":"2026-03-24T09:11:29","modified_gmt":"2026-03-24T09:11:29","slug":"app","status":"publish","type":"page","link":"https:\/\/thecowboyspin.org\/fr\/app\/","title":{"rendered":"App"},"content":{"rendered":"<h1>Utilisation de Cowboy Spin sur mobile<\/h1>\n<p>Cowboyspin App apporte une nouvelle dimension au jeu de casino sur mobile, qui fonctionne exactement comme vous le souhaitez. Le logiciel est compatible avec les smartphones Android et iOS et vous donne un acc\u00e8s complet \u00e0 tous les jeux et aux outils de gestion du casino.<\/p>\n<p>Quelle que soit la taille de votre \u00e9cran \u2013 t\u00e9l\u00e9phone, tablette ou autre \u2013 l&rsquo;interface de Cowboyspin s&rsquo;adaptera. Les fonctions principales restent faciles \u00e0 trouver, car tout a \u00e9t\u00e9 con\u00e7u pour une utilisation simple et confortable.<\/p>\n<div class=\"banner-wrap\" aria-label=\"Banner\"><img src=\"https:\/\/thecowboyspin.org\/wp-content\/uploads\/2026\/03\/banner-desktop2x.webp\" class=\"w-100 d-none d-lg-block img-pc main-banner-img\" alt=\"Cowboyspin bonus desktop\" fetchpriority=\"high\" decoding=\"async\"><img src=\"https:\/\/thecowboyspin.org\/wp-content\/uploads\/2026\/03\/banner-mobile2x.webp\" class=\"w-100 d-none d-md-block d-lg-none main-banner-img\" alt=\"Cowboyspin mobile\" fetchpriority=\"high\" decoding=\"async\"><img src=\"https:\/\/thecowboyspin.org\/wp-content\/uploads\/2026\/03\/banner-mobile2x.webp\" class=\"w-100 d-md-none\" alt=\"Cowboyspin mobile\" fetchpriority=\"high\" decoding=\"async\"><div class=\"banner-description\">\n<div class=\"banner-title\">Bonus de bienvenue<\/div>\n<p class=\"banner-header-title\">1500 \u20ac<\/p>\n<div class=\"banner-header-AdditionalText\">+ 250 Tours gratuits<\/div>\n<button data-item=\"homepage_banner_link\" class=\"goto m-button m-gradient-border m-button--primary m-button--large banner-button btn-orange\">\n            <div class=\"m-button-content\">\n                <span>Inscrivez-vous d\u00e8s maintenant<\/span>\n                <span><\/span>\n            <\/div>\n        <\/button>\n<\/div>\n<div class=\"WelcomePack\">\n<p><img loading=\"lazy\" decoding=\"async\" class=\"alignnone size-full wp-image-1844\" src=\"https:\/\/thecowboyspin.org\/wp-content\/uploads\/2026\/03\/welcome-crown-1.png\" alt=\"welcome crown\" width=\"25\" height=\"26\" \/><\/p>\n<div class=\"WelcomePack-Info\">Cashback hebdomadaire jusqu&rsquo;\u00e0 25 %<\/div>\n<p><img loading=\"lazy\" decoding=\"async\" class=\"alignnone size-full wp-image-1844\" src=\"https:\/\/thecowboyspin.org\/wp-content\/uploads\/2026\/03\/welcome-crown-1.png\" alt=\"welcome crown\" width=\"25\" height=\"26\" \/><\/p>\n<\/div>\n<\/div>\n<h2>Acc\u00e8s mobile \u00e0 Cowboyspin<\/h2>\n<p>Cowboyspin Casino propose \u00e0 la fois une application mobile et une version pour PC, chacune pr\u00e9sentant ses propres avantages. Les deux vous offrent un acc\u00e8s complet aux jeux, aux op\u00e9rations de paiement et aux autres outils de la plateforme. La principale diff\u00e9rence r\u00e9side dans le lieu et la mani\u00e8re dont vous jouez.<\/p>\n<p>Vous pouvez jouer aux jeux de casino partout o\u00f9 vous avez votre t\u00e9l\u00e9phone et l&rsquo;application Cowboyspin install\u00e9e. Vous n&rsquo;avez pas besoin d&rsquo;ouvrir un navigateur au pr\u00e9alable pour lancer le logiciel. Les notifications push constituent la meilleure fonctionnalit\u00e9 de l&rsquo;application, car elles tiennent les joueurs inform\u00e9s de tout ce qui se passe sur la plateforme Cowboy Spin, comme les nouvelles promotions, les r\u00e9sultats des tournois et d&rsquo;autres actualit\u00e9s importantes.<\/p>\n<p>La version PC vous offre un \u00e9cran plus grand. Elle est particuli\u00e8rement adapt\u00e9e aux machines \u00e0 sous en ligne et aux jeux avec croupier en direct, o\u00f9 il est important de bien visualiser les informations. Les deux versions g\u00e8rent les d\u00e9p\u00f4ts et les retraits de la m\u00eame mani\u00e8re, vous guident sans probl\u00e8me tout au long du processus de v\u00e9rification et vous donnent acc\u00e8s \u00e0 des outils de jeu responsable pour garder le contr\u00f4le.<\/p>\n<p><div class=\"scrollable-content-wrap my-5\"><div class=\"scrollable-content-inner\"><h2>Application Cowboyspin pour iOS<\/h2>\n<p>Vous pouvez utiliser l&rsquo;application Cowboyspin sur n&rsquo;importe quel iPhone ou iPad. Elle fonctionne dans Safari et sert \u00e9galement de raccourci pour un acc\u00e8s rapide. Les joueurs re\u00e7oivent des alertes concernant :<\/p>\n<ul>\n<li>les nouvelles promotions,<\/li>\n<li>les r\u00e9sultats des tournois,<\/li>\n<li>les changements apport\u00e9s \u00e0 la plateforme,<\/li>\n<li>et les nouveaux jeux ajout\u00e9s \u00e0 la biblioth\u00e8que.<\/li>\n<\/ul>\n<p>Vous pouvez acc\u00e9der imm\u00e9diatement au casino Cowboyspin en appuyant sur l&rsquo;ic\u00f4ne sur votre \u00e9cran d&rsquo;accueil.<\/p>\n<h3>Comment installer l&rsquo;application iOS de Cowboyspin Casino<\/h3>\n<p>Tout le monde peut facilement t\u00e9l\u00e9charger l&rsquo;application sur son iPhone ou son iPad :<\/p>\n<ol>\n<li>Lorsque le site web de Cowboyspin est ouvert, recherchez le bouton \u00ab Partager \u00bb en bas de votre \u00e9cran. Lorsque vous appuyez dessus, un menu proposant diff\u00e9rentes options s&rsquo;affiche.<\/li>\n<li>Appuyez sur \u00ab Ajouter \u00e0 l&rsquo;\u00e9cran d&rsquo;accueil \u00bb apr\u00e8s avoir fait d\u00e9filer vers le bas.<\/li>\n<li>Safari vous permet de voir un aper\u00e7u de l&rsquo;ic\u00f4ne telle qu&rsquo;elle appara\u00eetra sur votre \u00e9cran d&rsquo;accueil. Vous pouvez m\u00eame la modifier si vous n&rsquo;aimez pas le nom par d\u00e9faut ou si vous souhaitez un nom plus court.<\/li>\n<li>Lorsque vous appuyez sur \u00ab Ajouter \u00bb dans le coin sup\u00e9rieur droit pour confirmer, l&rsquo;ic\u00f4ne de l&rsquo;application Cowboy Spin appara\u00eetra sur votre \u00e9cran d&rsquo;accueil avec toutes vos autres applications.<\/li>\n<li>Pour ouvrir le casino, il vous suffit de cliquer sur l&rsquo;ic\u00f4ne comme vous le feriez pour n&rsquo;importe quelle autre application.<\/li>\n<\/ol>\n<p><img loading=\"lazy\" decoding=\"async\" class=\"alignnone size-full wp-image-1992\" src=\"https:\/\/thecowboyspin.org\/wp-content\/uploads\/2026\/03\/Cowboyspin-iOS-App.webp\" alt=\"Cowboyspin iOS App\" width=\"1248\" height=\"536\" srcset=\"https:\/\/thecowboyspin.org\/wp-content\/uploads\/2026\/03\/Cowboyspin-iOS-App.webp 1248w, https:\/\/thecowboyspin.org\/wp-content\/uploads\/2026\/03\/Cowboyspin-iOS-App-300x129.webp 300w, https:\/\/thecowboyspin.org\/wp-content\/uploads\/2026\/03\/Cowboyspin-iOS-App-1024x440.webp 1024w, https:\/\/thecowboyspin.org\/wp-content\/uploads\/2026\/03\/Cowboyspin-iOS-App-768x330.webp 768w\" sizes=\"auto, (max-width: 1248px) 100vw, 1248px\" \/><\/p>\n<\/div><\/div><div style=\"clear: both\"><\/div><div class=\"d-flex justify-content-center\"><button data-item=\"decouvrez_link\" data-group=\"website_links\" class=\"goto fw-bold rounded-pill btn btn-orange\" aria-label=\"T\u00e9l\u00e9chargez l&#039;application Cowboyspin\" >T\u00e9l\u00e9chargez l&#039;application Cowboyspin<\/button><\/div><div class=\"scrollable-content-wrap my-5\"><div class=\"scrollable-content-inner\"><h2>Application Android Cowboyspin<\/h2>\n<p>Sur Android, l&rsquo;application Cowboyspin est disponible sous forme d&rsquo;application web progressive (PWA) qui ne n\u00e9cessite aucun fichier APK. Vous pouvez installer la PWA directement depuis le site web, l&rsquo;ajouter \u00e0 votre \u00e9cran d&rsquo;accueil, et elle s&rsquo;ex\u00e9cutera dans votre navigateur sans aucune source tierce. Ce format facilite l&rsquo;acc\u00e8s rapide aux fonctionnalit\u00e9s. Vous b\u00e9n\u00e9ficiez d&rsquo;un acc\u00e8s complet \u00e0 tous les jeux et outils du casino Cowboyspin par d\u00e9faut. Jouer sur un smartphone Android offre une excellente exp\u00e9rience de jeu sans prendre trop de place.<\/p>\n<p>La version Android de l&rsquo;application Cowboy Spin est rapide et facile \u00e0 utiliser. Vous pouvez jouer, effectuer des paiements, obtenir des bonus et modifier les param\u00e8tres de votre compte, tout comme sur les autres plateformes. Cowboyspin Casino vous enverra des notifications pour vous tenir inform\u00e9 de l&rsquo;actualit\u00e9 de la plateforme.<\/p>\n<p><img loading=\"lazy\" decoding=\"async\" class=\"alignnone size-full wp-image-1976\" src=\"https:\/\/thecowboyspin.org\/wp-content\/uploads\/2026\/03\/Cowboyspin-Android-App.webp\" alt=\"Cowboyspin Android App\" width=\"1248\" height=\"536\" srcset=\"https:\/\/thecowboyspin.org\/wp-content\/uploads\/2026\/03\/Cowboyspin-Android-App.webp 1248w, https:\/\/thecowboyspin.org\/wp-content\/uploads\/2026\/03\/Cowboyspin-Android-App-300x129.webp 300w, https:\/\/thecowboyspin.org\/wp-content\/uploads\/2026\/03\/Cowboyspin-Android-App-1024x440.webp 1024w, https:\/\/thecowboyspin.org\/wp-content\/uploads\/2026\/03\/Cowboyspin-Android-App-768x330.webp 768w\" sizes=\"auto, (max-width: 1248px) 100vw, 1248px\" \/><\/p>\n<\/div><\/div><div style=\"clear: both\"><\/div><div class=\"d-flex justify-content-center\"><button data-item=\"decouvrez_link\" data-group=\"website_links\" class=\"goto fw-bold rounded-pill btn btn-orange\" aria-label=\"T\u00e9l\u00e9chargez l&#039;application Cowboyspin\" >T\u00e9l\u00e9chargez l&#039;application Cowboyspin<\/button><\/div><div class=\"scrollable-content-wrap my-5\"><div class=\"scrollable-content-inner\"><h2>Applications Windows et Mac<\/h2>\n<p>L&rsquo;application Cowboyspin Casino fonctionne \u00e0 la fois sur les ordinateurs Windows et Mac. Il n&rsquo;y a pas de configuration compliqu\u00e9e ni de t\u00e9l\u00e9chargements volumineux. Les joueurs cr\u00e9ent des raccourcis sur leur bureau qui les redirigent directement vers le site web du casino. Ces raccourcis agissent comme des applications web ind\u00e9pendantes qui permettent aux joueurs d&rsquo;acc\u00e9der au site en un seul clic.<\/p>\n<p>L&rsquo;interface a \u00e9t\u00e9 con\u00e7ue pour les grands \u00e9crans d&rsquo;ordinateur de bureau et prend en charge le streaming haute qualit\u00e9, vous permettant ainsi de tirer pleinement parti de la taille de votre \u00e9cran. Les ordinateurs de bureau sont plus rapides que les processeurs mobiles ; les jeux sont donc diffus\u00e9s en streaming avec une excellente qualit\u00e9.<\/p>\n<h3>Avantages de la s\u00e9curit\u00e9 des PWA<\/h3>\n<p>L&rsquo;architecture de l&rsquo;application web progressive Cowboyspin offre de r\u00e9els avantages en mati\u00e8re de s\u00e9curit\u00e9, en plus de sa facilit\u00e9 d&rsquo;utilisation. Si vous ne t\u00e9l\u00e9chargez aucun fichier, il n&rsquo;y a aucun risque de contracter un virus. Vous utilisez simplement votre navigateur pour acc\u00e9der \u00e0 une plateforme web s\u00e9curis\u00e9e. Tout fonctionne via HTTPS, ce qui signifie que les donn\u00e9es sont crypt\u00e9es par d\u00e9faut. Les mises \u00e0 jour s&rsquo;effectuent automatiquement lorsque vous ouvrez l&rsquo;application web progressive, vous n&rsquo;utiliserez donc jamais par erreur une ancienne version vuln\u00e9rable de l&rsquo;application susceptible de contenir des failles.<\/p>\n<table>\n<tbody>\n<tr>\n<td>Fonctionnalit\u00e9 de s\u00e9curit\u00e9 de Cowboyspin<\/td>\n<td>Comment cela vous prot\u00e8ge<\/td>\n<td>Ce que vous obtenez<\/td>\n<\/tr>\n<tr>\n<td>Environnement sandbox<\/td>\n<td>La PWA n&rsquo;acc\u00e8de qu&rsquo;aux informations dont elle a besoin, vos donn\u00e9es personnelles restent donc s\u00e9par\u00e9es<\/td>\n<td>Vos contacts, vos images et vos informations sont en s\u00e9curit\u00e9 et restent confidentiels<\/td>\n<\/tr>\n<tr>\n<td>Aucun t\u00e9l\u00e9chargement de fichiers<\/td>\n<td>Vous n&rsquo;avez rien \u00e0 installer pour l&rsquo;utiliser ; l&rsquo;application fonctionne directement dans votre navigateur<\/td>\n<td>Appareil propre, sans fichiers suppl\u00e9mentaires ni informations cach\u00e9es<\/td>\n<\/tr>\n<tr>\n<td>HTTPS toujours activ\u00e9<\/td>\n<td>Chaque bit de donn\u00e9es est crypt\u00e9 lors de son transfert entre vous et Cowboy Spin<\/td>\n<td>Vos mots de passe, vos paiements et vos informations personnelles sont tous prot\u00e9g\u00e9s par un cryptage de niveau bancaire<\/td>\n<\/tr>\n<tr>\n<td>Mises \u00e0 jour automatiques<\/td>\n<td>Les derni\u00e8res mises \u00e0 jour de s\u00e9curit\u00e9 s&rsquo;appliquent imm\u00e9diatement en arri\u00e8re-plan<\/td>\n<td>Gr\u00e2ce aux derni\u00e8res protections, vous \u00eates toujours en s\u00e9curit\u00e9, et vous n&rsquo;avez rien \u00e0 faire pour en b\u00e9n\u00e9ficier<\/td>\n<\/tr>\n<\/tbody>\n<\/table>\n<p><img loading=\"lazy\" decoding=\"async\" class=\"alignnone size-full wp-image-1984\" src=\"https:\/\/thecowboyspin.org\/wp-content\/uploads\/2026\/03\/Cowboyspin-Desktop.webp\" alt=\"Cowboyspin Desktop\" width=\"1248\" height=\"536\" srcset=\"https:\/\/thecowboyspin.org\/wp-content\/uploads\/2026\/03\/Cowboyspin-Desktop.webp 1248w, https:\/\/thecowboyspin.org\/wp-content\/uploads\/2026\/03\/Cowboyspin-Desktop-300x129.webp 300w, https:\/\/thecowboyspin.org\/wp-content\/uploads\/2026\/03\/Cowboyspin-Desktop-1024x440.webp 1024w, https:\/\/thecowboyspin.org\/wp-content\/uploads\/2026\/03\/Cowboyspin-Desktop-768x330.webp 768w\" sizes=\"auto, (max-width: 1248px) 100vw, 1248px\" \/><\/p>\n<\/div><\/div><div style=\"clear: both\"><\/div><div class=\"d-flex justify-content-center\"><button data-item=\"decouvrez_link\" data-group=\"website_links\" class=\"goto fw-bold rounded-pill btn btn-orange\" aria-label=\"T\u00e9l\u00e9chargez l&#039;application Cowboyspin\" >T\u00e9l\u00e9chargez l&#039;application Cowboyspin<\/button><\/div><div class=\"scrollable-content-wrap my-5\"><div class=\"scrollable-content-inner\"><h2>FAQ<\/h2>\n<h3>Puis-je installer l&rsquo;application en dehors des boutiques d&rsquo;applications officielles ?<\/h3>\n<p>C&rsquo;est justement l&rsquo;int\u00e9r\u00eat de Cowboyspin, qui utilise la technologie PWA. Vous pouvez l&rsquo;installer directement depuis le site web via votre navigateur, sans passer par l&rsquo;App Store ou Google Play. Il vous suffit de vous rendre sur le site et de l&rsquo;ajouter vous-m\u00eame \u00e0 votre \u00e9cran d&rsquo;accueil.<\/p>\n<h3>Faut-il cr\u00e9er un compte pour utiliser l&rsquo;application Cowboyspin ?<\/h3>\n<p>Avant de pouvoir utiliser l&rsquo;application Cowboy Spin, vous devez cr\u00e9er un compte. Une fois inscrit, vous pouvez jouer \u00e0 des jeux, obtenir des bonus, d\u00e9poser de l&rsquo;argent et effectuer des retraits. La plateforme reste verrouill\u00e9e sans compte, car le mode d\u00e9mo ne couvre pas toutes les fonctionnalit\u00e9s.<\/p>\n<h3>L&rsquo;application du casino propose-t-elle un service client ?<\/h3>\n<p>L&rsquo;application Cowboyspin Casino dispose d&rsquo;une fonctionnalit\u00e9 de chat en direct int\u00e9gr\u00e9e \u00e0 l&rsquo;interface qui vous permet de contacter imm\u00e9diatement le service client. L&rsquo;assistance est disponible 24h\/24 et 7j\/7 et r\u00e9pond rapidement aux questions. L&rsquo;\u00e9quipe d&rsquo;assistance experte peut vous aider pour tout type de probl\u00e8me. Si votre cas n\u00e9cessite plus d&rsquo;explications que ce que le chat peut fournir, une assistance par e-mail est \u00e9galement disponible.<\/p>\n<\/div><\/div><\/p>\n","protected":false},"excerpt":{"rendered":"<p>Utilisation de Cowboy Spin sur mobile Cowboyspin App apporte une nouvelle dimension au jeu de casino sur mobile, qui fonctionne exactement comme vous le souhaitez. Le logiciel est compatible avec les smartphones Android et iOS et vous donne un acc\u00e8s complet \u00e0 tous les jeux et aux outils de gestion du casino. Quelle que soit [&hellip;]<\/p>\n","protected":false},"author":1,"featured_media":0,"parent":0,"menu_order":0,"comment_status":"closed","ping_status":"closed","template":"template-builder.php","meta":{"_acf_changed":false,"inline_featured_image":false,"footnotes":""},"class_list":["post-1440","page","type-page","status-publish","hentry"],"acf":[],"yoast_head":"<!-- This site is optimized with the Yoast SEO plugin v27.3 - https:\/\/yoast.com\/product\/yoast-seo-wordpress\/ -->\n<title>Cowboyspin Casino Application | T\u00e9l\u00e9charger pour mobile<\/title>\n<meta name=\"description\" content=\"L&#039;application Cowboyspin vous donne acc\u00e8s \u00e0 tous vos jeux pr\u00e9f\u00e9r\u00e9s sur smartphones, tablettes et ordinateurs de bureau. Les joueurs b\u00e9n\u00e9ficient d&#039;un chargement rapide, d&#039;op\u00e9rations bancaires s\u00e9curis\u00e9es dans l&#039;application, ainsi que de bonus et d&#039;informations de compte synchronis\u00e9s.\" \/>\n<meta name=\"robots\" content=\"index, follow, max-snippet:-1, max-image-preview:large, max-video-preview:-1\" \/>\n<link rel=\"canonical\" href=\"https:\/\/thecowboyspin.org\/fr\/app\/\" \/>\n<meta property=\"og:locale\" content=\"fr_FR\" \/>\n<meta property=\"og:type\" content=\"article\" \/>\n<meta property=\"og:title\" content=\"Cowboyspin Casino Application | T\u00e9l\u00e9charger pour mobile\" \/>\n<meta property=\"og:description\" content=\"L&#039;application Cowboyspin vous donne acc\u00e8s \u00e0 tous vos jeux pr\u00e9f\u00e9r\u00e9s sur smartphones, tablettes et ordinateurs de bureau. Les joueurs b\u00e9n\u00e9ficient d&#039;un chargement rapide, d&#039;op\u00e9rations bancaires s\u00e9curis\u00e9es dans l&#039;application, ainsi que de bonus et d&#039;informations de compte synchronis\u00e9s.\" \/>\n<meta property=\"og:url\" content=\"https:\/\/thecowboyspin.org\/fr\/app\/\" \/>\n<meta property=\"og:site_name\" content=\"cowboyspin\" \/>\n<meta property=\"article:modified_time\" content=\"2026-03-24T09:11:29+00:00\" \/>\n<meta name=\"twitter:card\" content=\"summary_large_image\" \/>\n<meta name=\"twitter:label1\" content=\"Dur\u00e9e de lecture estim\u00e9e\" \/>\n\t<meta name=\"twitter:data1\" content=\"2 minutes\" \/>\n<script type=\"application\/ld+json\" class=\"yoast-schema-graph\">{\"@context\":\"https:\\\/\\\/schema.org\",\"@graph\":[{\"@type\":\"WebPage\",\"@id\":\"https:\\\/\\\/thecowboyspin.org\\\/fr\\\/app\\\/\",\"url\":\"https:\\\/\\\/thecowboyspin.org\\\/fr\\\/app\\\/\",\"name\":\"Cowboyspin Casino Application | T\u00e9l\u00e9charger pour mobile\",\"isPartOf\":{\"@id\":\"https:\\\/\\\/thecowboyspin.org\\\/fr\\\/#website\"},\"datePublished\":\"2026-01-20T12:08:23+00:00\",\"dateModified\":\"2026-03-24T09:11:29+00:00\",\"description\":\"L'application Cowboyspin vous donne acc\u00e8s \u00e0 tous vos jeux pr\u00e9f\u00e9r\u00e9s sur smartphones, tablettes et ordinateurs de bureau. Les joueurs b\u00e9n\u00e9ficient d'un chargement rapide, d'op\u00e9rations bancaires s\u00e9curis\u00e9es dans l'application, ainsi que de bonus et d'informations de compte synchronis\u00e9s.\",\"breadcrumb\":{\"@id\":\"https:\\\/\\\/thecowboyspin.org\\\/fr\\\/app\\\/#breadcrumb\"},\"inLanguage\":\"fr-FR\",\"potentialAction\":[{\"@type\":\"ReadAction\",\"target\":[\"https:\\\/\\\/thecowboyspin.org\\\/fr\\\/app\\\/\"]}]},{\"@type\":\"BreadcrumbList\",\"@id\":\"https:\\\/\\\/thecowboyspin.org\\\/fr\\\/app\\\/#breadcrumb\",\"itemListElement\":[{\"@type\":\"ListItem\",\"position\":1,\"name\":\"Cowboyspin\",\"item\":\"https:\\\/\\\/thecowboyspin.org\\\/fr\\\/\"},{\"@type\":\"ListItem\",\"position\":2,\"name\":\"App\"}]},{\"@type\":\"WebSite\",\"@id\":\"https:\\\/\\\/thecowboyspin.org\\\/fr\\\/#website\",\"url\":\"https:\\\/\\\/thecowboyspin.org\\\/fr\\\/\",\"name\":\"Cowboyspin\",\"description\":\"\",\"publisher\":{\"@id\":\"https:\\\/\\\/thecowboyspin.org\\\/fr\\\/#organization\"},\"potentialAction\":[{\"@type\":\"SearchAction\",\"target\":{\"@type\":\"EntryPoint\",\"urlTemplate\":\"https:\\\/\\\/thecowboyspin.org\\\/fr\\\/?s={search_term_string}\"},\"query-input\":{\"@type\":\"PropertyValueSpecification\",\"valueRequired\":true,\"valueName\":\"search_term_string\"}}],\"inLanguage\":\"fr-FR\"},{\"@type\":\"Organization\",\"@id\":\"https:\\\/\\\/thecowboyspin.org\\\/fr\\\/#organization\",\"name\":\"Cowboyspin\",\"url\":\"https:\\\/\\\/thecowboyspin.org\\\/fr\\\/\",\"logo\":{\"@type\":\"ImageObject\",\"inLanguage\":\"fr-FR\",\"@id\":\"https:\\\/\\\/thecowboyspin.org\\\/fr\\\/#\\\/schema\\\/logo\\\/image\\\/\",\"url\":\"https:\\\/\\\/thecowboyspin.org\\\/wp-content\\\/uploads\\\/2026\\\/03\\\/cowboyspin-logo.png\",\"contentUrl\":\"https:\\\/\\\/thecowboyspin.org\\\/wp-content\\\/uploads\\\/2026\\\/03\\\/cowboyspin-logo.png\",\"width\":180,\"height\":66,\"caption\":\"Cowboyspin\"},\"image\":{\"@id\":\"https:\\\/\\\/thecowboyspin.org\\\/fr\\\/#\\\/schema\\\/logo\\\/image\\\/\"}}]}<\/script>\n<!-- \/ Yoast SEO plugin. -->","yoast_head_json":{"title":"Cowboyspin Casino Application | T\u00e9l\u00e9charger pour mobile","description":"L'application Cowboyspin vous donne acc\u00e8s \u00e0 tous vos jeux pr\u00e9f\u00e9r\u00e9s sur smartphones, tablettes et ordinateurs de bureau. Les joueurs b\u00e9n\u00e9ficient d'un chargement rapide, d'op\u00e9rations bancaires s\u00e9curis\u00e9es dans l'application, ainsi que de bonus et d'informations de compte synchronis\u00e9s.","robots":{"index":"index","follow":"follow","max-snippet":"max-snippet:-1","max-image-preview":"max-image-preview:large","max-video-preview":"max-video-preview:-1"},"canonical":"https:\/\/thecowboyspin.org\/fr\/app\/","og_locale":"fr_FR","og_type":"article","og_title":"Cowboyspin Casino Application | T\u00e9l\u00e9charger pour mobile","og_description":"L'application Cowboyspin vous donne acc\u00e8s \u00e0 tous vos jeux pr\u00e9f\u00e9r\u00e9s sur smartphones, tablettes et ordinateurs de bureau. Les joueurs b\u00e9n\u00e9ficient d'un chargement rapide, d'op\u00e9rations bancaires s\u00e9curis\u00e9es dans l'application, ainsi que de bonus et d'informations de compte synchronis\u00e9s.","og_url":"https:\/\/thecowboyspin.org\/fr\/app\/","og_site_name":"cowboyspin","article_modified_time":"2026-03-24T09:11:29+00:00","twitter_card":"summary_large_image","twitter_misc":{"Dur\u00e9e de lecture estim\u00e9e":"2 minutes"},"schema":{"@context":"https:\/\/schema.org","@graph":[{"@type":"WebPage","@id":"https:\/\/thecowboyspin.org\/fr\/app\/","url":"https:\/\/thecowboyspin.org\/fr\/app\/","name":"Cowboyspin Casino Application | T\u00e9l\u00e9charger pour mobile","isPartOf":{"@id":"https:\/\/thecowboyspin.org\/fr\/#website"},"datePublished":"2026-01-20T12:08:23+00:00","dateModified":"2026-03-24T09:11:29+00:00","description":"L'application Cowboyspin vous donne acc\u00e8s \u00e0 tous vos jeux pr\u00e9f\u00e9r\u00e9s sur smartphones, tablettes et ordinateurs de bureau. Les joueurs b\u00e9n\u00e9ficient d'un chargement rapide, d'op\u00e9rations bancaires s\u00e9curis\u00e9es dans l'application, ainsi que de bonus et d'informations de compte synchronis\u00e9s.","breadcrumb":{"@id":"https:\/\/thecowboyspin.org\/fr\/app\/#breadcrumb"},"inLanguage":"fr-FR","potentialAction":[{"@type":"ReadAction","target":["https:\/\/thecowboyspin.org\/fr\/app\/"]}]},{"@type":"BreadcrumbList","@id":"https:\/\/thecowboyspin.org\/fr\/app\/#breadcrumb","itemListElement":[{"@type":"ListItem","position":1,"name":"Cowboyspin","item":"https:\/\/thecowboyspin.org\/fr\/"},{"@type":"ListItem","position":2,"name":"App"}]},{"@type":"WebSite","@id":"https:\/\/thecowboyspin.org\/fr\/#website","url":"https:\/\/thecowboyspin.org\/fr\/","name":"Cowboyspin","description":"","publisher":{"@id":"https:\/\/thecowboyspin.org\/fr\/#organization"},"potentialAction":[{"@type":"SearchAction","target":{"@type":"EntryPoint","urlTemplate":"https:\/\/thecowboyspin.org\/fr\/?s={search_term_string}"},"query-input":{"@type":"PropertyValueSpecification","valueRequired":true,"valueName":"search_term_string"}}],"inLanguage":"fr-FR"},{"@type":"Organization","@id":"https:\/\/thecowboyspin.org\/fr\/#organization","name":"Cowboyspin","url":"https:\/\/thecowboyspin.org\/fr\/","logo":{"@type":"ImageObject","inLanguage":"fr-FR","@id":"https:\/\/thecowboyspin.org\/fr\/#\/schema\/logo\/image\/","url":"https:\/\/thecowboyspin.org\/wp-content\/uploads\/2026\/03\/cowboyspin-logo.png","contentUrl":"https:\/\/thecowboyspin.org\/wp-content\/uploads\/2026\/03\/cowboyspin-logo.png","width":180,"height":66,"caption":"Cowboyspin"},"image":{"@id":"https:\/\/thecowboyspin.org\/fr\/#\/schema\/logo\/image\/"}}]}},"_links":{"self":[{"href":"https:\/\/thecowboyspin.org\/fr\/wp-json\/wp\/v2\/pages\/1440","targetHints":{"allow":["GET"]}}],"collection":[{"href":"https:\/\/thecowboyspin.org\/fr\/wp-json\/wp\/v2\/pages"}],"about":[{"href":"https:\/\/thecowboyspin.org\/fr\/wp-json\/wp\/v2\/types\/page"}],"author":[{"embeddable":true,"href":"https:\/\/thecowboyspin.org\/fr\/wp-json\/wp\/v2\/users\/1"}],"replies":[{"embeddable":true,"href":"https:\/\/thecowboyspin.org\/fr\/wp-json\/wp\/v2\/comments?post=1440"}],"version-history":[{"count":4,"href":"https:\/\/thecowboyspin.org\/fr\/wp-json\/wp\/v2\/pages\/1440\/revisions"}],"predecessor-version":[{"id":2098,"href":"https:\/\/thecowboyspin.org\/fr\/wp-json\/wp\/v2\/pages\/1440\/revisions\/2098"}],"wp:attachment":[{"href":"https:\/\/thecowboyspin.org\/fr\/wp-json\/wp\/v2\/media?parent=1440"}],"curies":[{"name":"wp","href":"https:\/\/api.w.org\/{rel}","templated":true}]}}