{"id":1449,"date":"2026-01-20T12:08:23","date_gmt":"2026-01-20T12:08:23","guid":{"rendered":"https:\/\/bonuskongcasino.com\/app-2\/"},"modified":"2026-03-24T07:29:01","modified_gmt":"2026-03-24T07:29:01","slug":"aplicacion","status":"publish","type":"page","link":"https:\/\/thecowboyspin.org\/es\/aplicacion\/","title":{"rendered":"Aplicaci\u00f3n"},"content":{"rendered":"<h1>Uso de Cowboy Spin en el m\u00f3vil<\/h1>\n<p>Cowboyspin App le da un nuevo giro a los juegos de casino en el m\u00f3vil que funciona tal y como los jugadores espa\u00f1oles quieren. El software funciona tanto en smartphones Android como iOS y te da acceso completo a todos los juegos y herramientas de gesti\u00f3n del casino.<\/p>\n<p>No importa el tama\u00f1o de la pantalla que utilices\u2014tel\u00e9fono, tableta u otro dispositivo\u2014la interfaz de Cowboyspin se adaptar\u00e1 a ella. Las funciones principales siguen siendo f\u00e1ciles de encontrar, ya que todo se ha dise\u00f1ado pensando en un uso sencillo y c\u00f3modo.<\/p>\n<div class=\"banner-wrap\" aria-label=\"Banner\"><img src=\"https:\/\/thecowboyspin.org\/wp-content\/uploads\/2026\/03\/banner-desktop2x.webp\" class=\"w-100 d-none d-lg-block img-pc main-banner-img\" alt=\"Cowboyspin bonus desktop\" fetchpriority=\"high\" decoding=\"async\"><img src=\"https:\/\/thecowboyspin.org\/wp-content\/uploads\/2026\/03\/banner-mobile2x.webp\" class=\"w-100 d-none d-md-block d-lg-none main-banner-img\" alt=\"Cowboyspin mobile\" fetchpriority=\"high\" decoding=\"async\"><img src=\"https:\/\/thecowboyspin.org\/wp-content\/uploads\/2026\/03\/banner-mobile2x.webp\" class=\"w-100 d-md-none\" alt=\"Cowboyspin mobile\" fetchpriority=\"high\" decoding=\"async\"><div class=\"banner-description\">\n<div class=\"banner-title\">Bonos de bienvenida<\/div>\n<p class=\"banner-header-title\">1500 \u20ac<\/p>\n<div class=\"banner-header-AdditionalText\">+ 250 Tiradas gratis<\/div>\n<button data-item=\"homepage_banner_link\" class=\"goto m-button m-gradient-border m-button--primary m-button--large banner-button btn-orange\">\n            <div class=\"m-button-content\">\n                <span>Reg\u00edstrate ahora<\/span>\n                <span><\/span>\n            <\/div>\n        <\/button>\n<\/div>\n<div class=\"WelcomePack\">\n<p><img loading=\"lazy\" decoding=\"async\" class=\"alignnone size-full wp-image-1849\" src=\"https:\/\/thecowboyspin.org\/wp-content\/uploads\/2026\/03\/welcome-crown-1.png\" alt=\"welcome crown\" width=\"25\" height=\"26\" \/><\/p>\n<div class=\"WelcomePack-Info\">Reembolso semanal de hasta el 25 %<\/div>\n<p><img loading=\"lazy\" decoding=\"async\" class=\"alignnone size-full wp-image-1849\" src=\"https:\/\/thecowboyspin.org\/wp-content\/uploads\/2026\/03\/welcome-crown-1.png\" alt=\"welcome crown\" width=\"25\" height=\"26\" \/><\/p>\n<\/div>\n<\/div>\n<h2>Acceso m\u00f3vil a Cowboyspin<\/h2>\n<p>Cowboyspin Casino ofrece tanto una aplicaci\u00f3n m\u00f3vil como una versi\u00f3n para PC, cada una con sus propias ventajas. Ambas te dan acceso completo a los juegos, al procesamiento de pagos y a otras herramientas de la plataforma. La principal diferencia es d\u00f3nde y c\u00f3mo juegas.<\/p>\n<p>Puedes jugar a los juegos de casino en cualquier lugar donde tengas tu tel\u00e9fono y la aplicaci\u00f3n de Cowboyspin instalada. No tienes que abrir primero un navegador para iniciar el software. Las notificaciones push son la mejor caracter\u00edstica de la aplicaci\u00f3n, ya que mantienen a los jugadores al d\u00eda de todo lo que ocurre en la plataforma de Cowboy Spin, como nuevas promociones, resultados de torneos y otras noticias importantes.<\/p>\n<p>La versi\u00f3n para PC te ofrece una pantalla m\u00e1s grande. Es especialmente buena para las tragaperras online y los juegos con crupier en vivo, donde es importante ver la informaci\u00f3n correctamente. Ambas versiones gestionan los dep\u00f3sitos y retiradas de la misma manera, te gu\u00edan a trav\u00e9s del proceso de verificaci\u00f3n sin ning\u00fan problema y te dan acceso a herramientas de juego responsable para mantener todo bajo control.<\/p>\n<p><div class=\"scrollable-content-wrap my-5\"><div class=\"scrollable-content-inner\"><h2>Aplicaci\u00f3n de Cowboyspin para iOS<\/h2>\n<p>Puedes utilizar la aplicaci\u00f3n de Cowboyspin en cualquier iPhone o iPad. Funciona en Safari y tambi\u00e9n sirve como acceso directo para un acceso r\u00e1pido. Los jugadores reciben alertas sobre:<\/p>\n<ul>\n<li>nuevas promociones,<\/li>\n<li>resultados de torneos,<\/li>\n<li>cambios en la plataforma,<\/li>\n<li>y nuevos juegos que se a\u00f1aden a la biblioteca.<\/li>\n<\/ul>\n<p>Puedes acceder a Cowboyspin Casino al instante tocando el icono en tu pantalla de inicio.<\/p>\n<h3>C\u00f3mo instalar la aplicaci\u00f3n de Cowboyspin Casino para iOS<\/h3>\n<p>Cualquiera puede descargar la aplicaci\u00f3n en su iPhone o iPad f\u00e1cilmente:<\/p>\n<ol>\n<li>Cuando tengas abierta la p\u00e1gina web de Cowboyspin, busca el bot\u00f3n \u00abCompartir\u00bb en la parte inferior de la pantalla. Al pulsarlo, aparecer\u00e1 un men\u00fa con diferentes opciones.<\/li>\n<li>Pulsa en \u00abA\u00f1adir a la pantalla de inicio\u00bb despu\u00e9s de desplazarte hacia abajo.<\/li>\n<li>Safari te permite ver una muestra de c\u00f3mo se ver\u00e1 el icono en tu pantalla de inicio. Incluso puedes cambiarlo si no te gusta el nombre predeterminado o quieres algo m\u00e1s corto.<\/li>\n<li>Cuando pulses \u00abA\u00f1adir\u00bb en la esquina superior derecha para confirmar todo, el icono de la aplicaci\u00f3n Cowboy Spin aparecer\u00e1 en tu pantalla de inicio junto con el resto de tus aplicaciones.<\/li>\n<li>Para abrir el casino ahora, solo tienes que tocar el icono como lo har\u00edas con cualquier otra aplicaci\u00f3n.<\/li>\n<\/ol>\n<p><img loading=\"lazy\" decoding=\"async\" class=\"alignnone size-full wp-image-1997\" src=\"https:\/\/thecowboyspin.org\/wp-content\/uploads\/2026\/03\/Cowboyspin-iOS-App.webp\" alt=\"Cowboyspin iOS App\" width=\"1248\" height=\"536\" srcset=\"https:\/\/thecowboyspin.org\/wp-content\/uploads\/2026\/03\/Cowboyspin-iOS-App.webp 1248w, https:\/\/thecowboyspin.org\/wp-content\/uploads\/2026\/03\/Cowboyspin-iOS-App-300x129.webp 300w, https:\/\/thecowboyspin.org\/wp-content\/uploads\/2026\/03\/Cowboyspin-iOS-App-1024x440.webp 1024w, https:\/\/thecowboyspin.org\/wp-content\/uploads\/2026\/03\/Cowboyspin-iOS-App-768x330.webp 768w\" sizes=\"auto, (max-width: 1248px) 100vw, 1248px\" \/><\/p>\n<\/div><\/div><div style=\"clear: both\"><\/div><div class=\"d-flex justify-content-center\"><button data-item=\"decouvrez_link\" data-group=\"website_links\" class=\"goto fw-bold rounded-pill btn btn-orange\" aria-label=\"Descarga la aplicaci\u00f3n Cowboyspin\" >Descarga la aplicaci\u00f3n Cowboyspin<\/button><\/div><div class=\"scrollable-content-wrap my-5\"><div class=\"scrollable-content-inner\"><h2>Aplicaci\u00f3n de Cowboyspin para Android<\/h2>\n<p>Android ofrece la aplicaci\u00f3n Cowboyspin como una aplicaci\u00f3n web progresiva que no necesita archivos APK en absoluto. Puedes instalar la PWA directamente desde el sitio web, a\u00f1adirla a tu pantalla de inicio, y se ejecutar\u00e1 en tu navegador sin necesidad de fuentes de terceros. Este formato facilita el acceso r\u00e1pido a todo. Obtienes acceso completo a todos los juegos y herramientas de Cowboyspin Casino de forma predeterminada. Jugar en smartphones Android proporciona una gran experiencia de juego sin ocupar demasiado espacio.<\/p>\n<p>La versi\u00f3n para Android de la aplicaci\u00f3n Cowboy Spin es r\u00e1pida y f\u00e1cil de usar en todo momento. Puedes jugar, realizar pagos, obtener bonificaciones y cambiar la configuraci\u00f3n de tu cuenta igual que en otras plataformas. Cowboyspin Casino te enviar\u00e1 notificaciones para mantenerte al d\u00eda de lo que ocurre en la plataforma.<\/p>\n<p><img loading=\"lazy\" decoding=\"async\" class=\"alignnone size-full wp-image-1981\" src=\"https:\/\/thecowboyspin.org\/wp-content\/uploads\/2026\/03\/Cowboyspin-Android-App.webp\" alt=\"Cowboyspin Android App\" width=\"1248\" height=\"536\" srcset=\"https:\/\/thecowboyspin.org\/wp-content\/uploads\/2026\/03\/Cowboyspin-Android-App.webp 1248w, https:\/\/thecowboyspin.org\/wp-content\/uploads\/2026\/03\/Cowboyspin-Android-App-300x129.webp 300w, https:\/\/thecowboyspin.org\/wp-content\/uploads\/2026\/03\/Cowboyspin-Android-App-1024x440.webp 1024w, https:\/\/thecowboyspin.org\/wp-content\/uploads\/2026\/03\/Cowboyspin-Android-App-768x330.webp 768w\" sizes=\"auto, (max-width: 1248px) 100vw, 1248px\" \/><\/p>\n<\/div><\/div><div style=\"clear: both\"><\/div><div class=\"d-flex justify-content-center\"><button data-item=\"decouvrez_link\" data-group=\"website_links\" class=\"goto fw-bold rounded-pill btn btn-orange\" aria-label=\"Descarga la aplicaci\u00f3n Cowboyspin\" >Descarga la aplicaci\u00f3n Cowboyspin<\/button><\/div><div class=\"scrollable-content-wrap my-5\"><div class=\"scrollable-content-inner\"><h2>Aplicaciones para Windows y Mac<\/h2>\n<p>La aplicaci\u00f3n de Cowboyspin Casino funciona tanto en ordenadores Windows como Mac. No hay configuraciones complicadas ni descargas pesadas. Los jugadores crean accesos directos en sus escritorios que les llevan directamente al sitio web del casino. Estos accesos directos funcionan como aplicaciones web independientes que permiten a los jugadores acceder al sitio con un solo clic.<\/p>\n<p>La interfaz se dise\u00f1\u00f3 para pantallas de escritorio grandes y es compatible con streaming de alta calidad, lo que te permite aprovechar todo el potencial del tama\u00f1o del monitor. Los ordenadores de escritorio son m\u00e1s r\u00e1pidos que los procesadores m\u00f3viles; por lo tanto, los juegos se transmiten con gran calidad.<\/p>\n<h3>Ventajas de la seguridad de las PWA<\/h3>\n<p>La arquitectura de la aplicaci\u00f3n web progresiva (PWA) de Cowboyspin ofrece ventajas reales en materia de seguridad, adem\u00e1s de facilidad de uso. Si no descargas ning\u00fan archivo, no hay posibilidad de contraer un virus. Simplemente utilizas tu navegador para acceder a una plataforma web segura. Todo funciona a trav\u00e9s de HTTPS, lo que significa que los datos se cifran de forma predeterminada. Las actualizaciones se producen autom\u00e1ticamente al abrir la PWA, por lo que nunca ejecutar\u00e1s por error una versi\u00f3n antigua y vulnerable de una aplicaci\u00f3n que pueda contener vulnerabilidades.<\/p>\n<table>\n<tbody>\n<tr>\n<td>Funci\u00f3n de seguridad de Cowboyspin<\/td>\n<td>C\u00f3mo te protege<\/td>\n<td>Qu\u00e9 obtienes<\/td>\n<\/tr>\n<tr>\n<td>Entorno sandbox<\/td>\n<td>La PWA solo accede a la informaci\u00f3n que necesita, por lo que tus datos personales permanecen separados<\/td>\n<td>Tus contactos, im\u00e1genes e informaci\u00f3n est\u00e1n seguros y son confidenciales<\/td>\n<\/tr>\n<tr>\n<td>No hay que descargar archivos<\/td>\n<td>No tienes que instalar nada para usarla; se ejecuta directamente en tu navegador<\/td>\n<td>Dispositivo limpio, sin archivos adicionales ni informaci\u00f3n oculta<\/td>\n<\/tr>\n<tr>\n<td>HTTPS siempre activo<\/td>\n<td>Cada bit de datos se transmite cifrado entre t\u00fa y Cowboy Spin<\/td>\n<td>Tus contrase\u00f1as, pagos e informaci\u00f3n personal se mantienen a salvo con un cifrado de nivel bancario<\/td>\n<\/tr>\n<tr>\n<td>Actualizaciones autom\u00e1ticas<\/td>\n<td>Las \u00faltimas actualizaciones de seguridad se aplican de inmediato en segundo plano<\/td>\n<td>Gracias a las \u00faltimas protecciones, siempre est\u00e1s seguro y no tienes que hacer nada para obtenerlas<\/td>\n<\/tr>\n<\/tbody>\n<\/table>\n<p><img loading=\"lazy\" decoding=\"async\" class=\"alignnone size-full wp-image-1989\" src=\"https:\/\/thecowboyspin.org\/wp-content\/uploads\/2026\/03\/Cowboyspin-Desktop.webp\" alt=\"Cowboyspin Desktop\" width=\"1248\" height=\"536\" srcset=\"https:\/\/thecowboyspin.org\/wp-content\/uploads\/2026\/03\/Cowboyspin-Desktop.webp 1248w, https:\/\/thecowboyspin.org\/wp-content\/uploads\/2026\/03\/Cowboyspin-Desktop-300x129.webp 300w, https:\/\/thecowboyspin.org\/wp-content\/uploads\/2026\/03\/Cowboyspin-Desktop-1024x440.webp 1024w, https:\/\/thecowboyspin.org\/wp-content\/uploads\/2026\/03\/Cowboyspin-Desktop-768x330.webp 768w\" sizes=\"auto, (max-width: 1248px) 100vw, 1248px\" \/><\/p>\n<\/div><\/div><div style=\"clear: both\"><\/div><div class=\"d-flex justify-content-center\"><button data-item=\"decouvrez_link\" data-group=\"website_links\" class=\"goto fw-bold rounded-pill btn btn-orange\" aria-label=\"Descarga la aplicaci\u00f3n Cowboyspin\" >Descarga la aplicaci\u00f3n Cowboyspin<\/button><\/div><div class=\"scrollable-content-wrap my-5\"><div class=\"scrollable-content-inner\"><h2>Preguntas frecuentes<\/h2>\n<h3>\u00bfPuedo instalar la aplicaci\u00f3n fuera de las tiendas de aplicaciones oficiales?<\/h3>\n<p>Esa es precisamente la ventaja de que Cowboyspin utilice tecnolog\u00eda PWA. Puedes instalarla directamente desde el sitio web utilizando tu navegador, sin pasar por la App Store o Google Play. Solo tienes que ir al sitio web y a\u00f1adirla t\u00fa mismo a tu pantalla de inicio.<\/p>\n<h3>\u00bfEs necesario crear una cuenta para usar la aplicaci\u00f3n de Cowboyspin?<\/h3>\n<p>Antes de poder utilizar la aplicaci\u00f3n de Cowboy Spin, debes crear una cuenta. Una vez te hayas registrado, podr\u00e1s jugar, obtener bonos, depositar dinero y retirar fondos. La plataforma permanece bloqueada sin una cuenta, ya que el modo demo no ofrece todas las funciones.<\/p>\n<h3>\u00bfOfrece la aplicaci\u00f3n del casino servicio de atenci\u00f3n al cliente?<\/h3>\n<p>La aplicaci\u00f3n de Cowboyspin Casino cuenta con una funci\u00f3n de chat en vivo integrada en la interfaz que te permite hablar con el servicio de atenci\u00f3n al cliente de inmediato. El servicio de atenci\u00f3n est\u00e1 disponible las 24 horas del d\u00eda, los 7 d\u00edas de la semana, y responde a las preguntas con rapidez. El equipo de expertos puede ayudarte con cualquier cosa. Si tu caso requiere m\u00e1s explicaci\u00f3n de la que puede ofrecer el chat, tambi\u00e9n hay ayuda por correo electr\u00f3nico.<\/p>\n<\/div><\/div><\/p>\n","protected":false},"excerpt":{"rendered":"<p>Uso de Cowboy Spin en el m\u00f3vil Cowboyspin App le da un nuevo giro a los juegos de casino en el m\u00f3vil que funciona tal y como los jugadores espa\u00f1oles quieren. El software funciona tanto en smartphones Android como iOS y te da acceso completo a todos los juegos y herramientas de gesti\u00f3n del casino. [&hellip;]<\/p>\n","protected":false},"author":1,"featured_media":0,"parent":0,"menu_order":0,"comment_status":"closed","ping_status":"closed","template":"template-builder.php","meta":{"_acf_changed":false,"inline_featured_image":false,"footnotes":""},"class_list":["post-1449","page","type-page","status-publish","hentry"],"acf":[],"yoast_head":"<!-- This site is optimized with the Yoast SEO plugin v27.3 - https:\/\/yoast.com\/product\/yoast-seo-wordpress\/ -->\n<title>Cowboyspin Casino Aplicaci\u00f3n | Descargar para m\u00f3vil<\/title>\n<meta name=\"description\" content=\"La aplicaci\u00f3n Cowboyspin te permite acceder a todos tus juegos favoritos desde smartphones, tabletas y ordenadores. Los jugadores disfrutan de tiempos de carga r\u00e1pidos, operaciones bancarias seguras dentro de la aplicaci\u00f3n y bonificaciones y datos de cuenta sincronizados.\" \/>\n<meta name=\"robots\" content=\"index, follow, max-snippet:-1, max-image-preview:large, max-video-preview:-1\" \/>\n<link rel=\"canonical\" href=\"https:\/\/thecowboyspin.org\/es\/aplicacion\/\" \/>\n<meta property=\"og:locale\" content=\"es_ES\" \/>\n<meta property=\"og:type\" content=\"article\" \/>\n<meta property=\"og:title\" content=\"Cowboyspin Casino Aplicaci\u00f3n | Descargar para m\u00f3vil\" \/>\n<meta property=\"og:description\" content=\"La aplicaci\u00f3n Cowboyspin te permite acceder a todos tus juegos favoritos desde smartphones, tabletas y ordenadores. Los jugadores disfrutan de tiempos de carga r\u00e1pidos, operaciones bancarias seguras dentro de la aplicaci\u00f3n y bonificaciones y datos de cuenta sincronizados.\" \/>\n<meta property=\"og:url\" content=\"https:\/\/thecowboyspin.org\/es\/aplicacion\/\" \/>\n<meta property=\"og:site_name\" content=\"cowboyspin\" \/>\n<meta property=\"article:modified_time\" content=\"2026-03-24T07:29:01+00:00\" \/>\n<meta name=\"twitter:card\" content=\"summary_large_image\" \/>\n<meta name=\"twitter:label1\" content=\"Est. reading time\" \/>\n\t<meta name=\"twitter:data1\" content=\"2 minutes\" \/>\n<script type=\"application\/ld+json\" class=\"yoast-schema-graph\">{\"@context\":\"https:\\\/\\\/schema.org\",\"@graph\":[{\"@type\":\"WebPage\",\"@id\":\"https:\\\/\\\/thecowboyspin.org\\\/es\\\/aplicacion\\\/\",\"url\":\"https:\\\/\\\/thecowboyspin.org\\\/es\\\/aplicacion\\\/\",\"name\":\"Cowboyspin Casino Aplicaci\u00f3n | Descargar para m\u00f3vil\",\"isPartOf\":{\"@id\":\"https:\\\/\\\/thecowboyspin.org\\\/es\\\/#website\"},\"datePublished\":\"2026-01-20T12:08:23+00:00\",\"dateModified\":\"2026-03-24T07:29:01+00:00\",\"description\":\"La aplicaci\u00f3n Cowboyspin te permite acceder a todos tus juegos favoritos desde smartphones, tabletas y ordenadores. Los jugadores disfrutan de tiempos de carga r\u00e1pidos, operaciones bancarias seguras dentro de la aplicaci\u00f3n y bonificaciones y datos de cuenta sincronizados.\",\"breadcrumb\":{\"@id\":\"https:\\\/\\\/thecowboyspin.org\\\/es\\\/aplicacion\\\/#breadcrumb\"},\"inLanguage\":\"es-ES\",\"potentialAction\":[{\"@type\":\"ReadAction\",\"target\":[\"https:\\\/\\\/thecowboyspin.org\\\/es\\\/aplicacion\\\/\"]}]},{\"@type\":\"BreadcrumbList\",\"@id\":\"https:\\\/\\\/thecowboyspin.org\\\/es\\\/aplicacion\\\/#breadcrumb\",\"itemListElement\":[{\"@type\":\"ListItem\",\"position\":1,\"name\":\"Cowboyspin\",\"item\":\"https:\\\/\\\/thecowboyspin.org\\\/es\\\/\"},{\"@type\":\"ListItem\",\"position\":2,\"name\":\"Aplicaci\u00f3n\"}]},{\"@type\":\"WebSite\",\"@id\":\"https:\\\/\\\/thecowboyspin.org\\\/es\\\/#website\",\"url\":\"https:\\\/\\\/thecowboyspin.org\\\/es\\\/\",\"name\":\"Cowboyspin\",\"description\":\"\",\"publisher\":{\"@id\":\"https:\\\/\\\/thecowboyspin.org\\\/es\\\/#organization\"},\"potentialAction\":[{\"@type\":\"SearchAction\",\"target\":{\"@type\":\"EntryPoint\",\"urlTemplate\":\"https:\\\/\\\/thecowboyspin.org\\\/es\\\/?s={search_term_string}\"},\"query-input\":{\"@type\":\"PropertyValueSpecification\",\"valueRequired\":true,\"valueName\":\"search_term_string\"}}],\"inLanguage\":\"es-ES\"},{\"@type\":\"Organization\",\"@id\":\"https:\\\/\\\/thecowboyspin.org\\\/es\\\/#organization\",\"name\":\"Cowboyspin\",\"url\":\"https:\\\/\\\/thecowboyspin.org\\\/es\\\/\",\"logo\":{\"@type\":\"ImageObject\",\"inLanguage\":\"es-ES\",\"@id\":\"https:\\\/\\\/thecowboyspin.org\\\/es\\\/#\\\/schema\\\/logo\\\/image\\\/\",\"url\":\"https:\\\/\\\/thecowboyspin.org\\\/wp-content\\\/uploads\\\/2026\\\/03\\\/cowboyspin-logo.png\",\"contentUrl\":\"https:\\\/\\\/thecowboyspin.org\\\/wp-content\\\/uploads\\\/2026\\\/03\\\/cowboyspin-logo.png\",\"width\":180,\"height\":66,\"caption\":\"Cowboyspin\"},\"image\":{\"@id\":\"https:\\\/\\\/thecowboyspin.org\\\/es\\\/#\\\/schema\\\/logo\\\/image\\\/\"}}]}<\/script>\n<!-- \/ Yoast SEO plugin. -->","yoast_head_json":{"title":"Cowboyspin Casino Aplicaci\u00f3n | Descargar para m\u00f3vil","description":"La aplicaci\u00f3n Cowboyspin te permite acceder a todos tus juegos favoritos desde smartphones, tabletas y ordenadores. Los jugadores disfrutan de tiempos de carga r\u00e1pidos, operaciones bancarias seguras dentro de la aplicaci\u00f3n y bonificaciones y datos de cuenta sincronizados.","robots":{"index":"index","follow":"follow","max-snippet":"max-snippet:-1","max-image-preview":"max-image-preview:large","max-video-preview":"max-video-preview:-1"},"canonical":"https:\/\/thecowboyspin.org\/es\/aplicacion\/","og_locale":"es_ES","og_type":"article","og_title":"Cowboyspin Casino Aplicaci\u00f3n | Descargar para m\u00f3vil","og_description":"La aplicaci\u00f3n Cowboyspin te permite acceder a todos tus juegos favoritos desde smartphones, tabletas y ordenadores. Los jugadores disfrutan de tiempos de carga r\u00e1pidos, operaciones bancarias seguras dentro de la aplicaci\u00f3n y bonificaciones y datos de cuenta sincronizados.","og_url":"https:\/\/thecowboyspin.org\/es\/aplicacion\/","og_site_name":"cowboyspin","article_modified_time":"2026-03-24T07:29:01+00:00","twitter_card":"summary_large_image","twitter_misc":{"Est. reading time":"2 minutes"},"schema":{"@context":"https:\/\/schema.org","@graph":[{"@type":"WebPage","@id":"https:\/\/thecowboyspin.org\/es\/aplicacion\/","url":"https:\/\/thecowboyspin.org\/es\/aplicacion\/","name":"Cowboyspin Casino Aplicaci\u00f3n | Descargar para m\u00f3vil","isPartOf":{"@id":"https:\/\/thecowboyspin.org\/es\/#website"},"datePublished":"2026-01-20T12:08:23+00:00","dateModified":"2026-03-24T07:29:01+00:00","description":"La aplicaci\u00f3n Cowboyspin te permite acceder a todos tus juegos favoritos desde smartphones, tabletas y ordenadores. Los jugadores disfrutan de tiempos de carga r\u00e1pidos, operaciones bancarias seguras dentro de la aplicaci\u00f3n y bonificaciones y datos de cuenta sincronizados.","breadcrumb":{"@id":"https:\/\/thecowboyspin.org\/es\/aplicacion\/#breadcrumb"},"inLanguage":"es-ES","potentialAction":[{"@type":"ReadAction","target":["https:\/\/thecowboyspin.org\/es\/aplicacion\/"]}]},{"@type":"BreadcrumbList","@id":"https:\/\/thecowboyspin.org\/es\/aplicacion\/#breadcrumb","itemListElement":[{"@type":"ListItem","position":1,"name":"Cowboyspin","item":"https:\/\/thecowboyspin.org\/es\/"},{"@type":"ListItem","position":2,"name":"Aplicaci\u00f3n"}]},{"@type":"WebSite","@id":"https:\/\/thecowboyspin.org\/es\/#website","url":"https:\/\/thecowboyspin.org\/es\/","name":"Cowboyspin","description":"","publisher":{"@id":"https:\/\/thecowboyspin.org\/es\/#organization"},"potentialAction":[{"@type":"SearchAction","target":{"@type":"EntryPoint","urlTemplate":"https:\/\/thecowboyspin.org\/es\/?s={search_term_string}"},"query-input":{"@type":"PropertyValueSpecification","valueRequired":true,"valueName":"search_term_string"}}],"inLanguage":"es-ES"},{"@type":"Organization","@id":"https:\/\/thecowboyspin.org\/es\/#organization","name":"Cowboyspin","url":"https:\/\/thecowboyspin.org\/es\/","logo":{"@type":"ImageObject","inLanguage":"es-ES","@id":"https:\/\/thecowboyspin.org\/es\/#\/schema\/logo\/image\/","url":"https:\/\/thecowboyspin.org\/wp-content\/uploads\/2026\/03\/cowboyspin-logo.png","contentUrl":"https:\/\/thecowboyspin.org\/wp-content\/uploads\/2026\/03\/cowboyspin-logo.png","width":180,"height":66,"caption":"Cowboyspin"},"image":{"@id":"https:\/\/thecowboyspin.org\/es\/#\/schema\/logo\/image\/"}}]}},"_links":{"self":[{"href":"https:\/\/thecowboyspin.org\/es\/wp-json\/wp\/v2\/pages\/1449","targetHints":{"allow":["GET"]}}],"collection":[{"href":"https:\/\/thecowboyspin.org\/es\/wp-json\/wp\/v2\/pages"}],"about":[{"href":"https:\/\/thecowboyspin.org\/es\/wp-json\/wp\/v2\/types\/page"}],"author":[{"embeddable":true,"href":"https:\/\/thecowboyspin.org\/es\/wp-json\/wp\/v2\/users\/1"}],"replies":[{"embeddable":true,"href":"https:\/\/thecowboyspin.org\/es\/wp-json\/wp\/v2\/comments?post=1449"}],"version-history":[{"count":4,"href":"https:\/\/thecowboyspin.org\/es\/wp-json\/wp\/v2\/pages\/1449\/revisions"}],"predecessor-version":[{"id":2057,"href":"https:\/\/thecowboyspin.org\/es\/wp-json\/wp\/v2\/pages\/1449\/revisions\/2057"}],"wp:attachment":[{"href":"https:\/\/thecowboyspin.org\/es\/wp-json\/wp\/v2\/media?parent=1449"}],"curies":[{"name":"wp","href":"https:\/\/api.w.org\/{rel}","templated":true}]}}