{"id":1483,"date":"2026-01-20T12:11:11","date_gmt":"2026-01-20T12:11:11","guid":{"rendered":"https:\/\/bonuskongcasino.com\/login-and-registration\/"},"modified":"2026-03-24T08:45:21","modified_gmt":"2026-03-24T08:45:21","slug":"anmeldung-und-registrierung","status":"publish","type":"page","link":"https:\/\/thecowboyspin.org\/de\/anmeldung-und-registrierung\/","title":{"rendered":"Anmeldung und Registrierung"},"content":{"rendered":"<h1>Cowboyspin Kontoeinrichtung und Anmeldung<\/h1>\n<p>Egal, welches Ger\u00e4t du verwendest, der Cowboyspin Login ist schnell und einfach. Sobald du deine Zugangsdaten eingerichtet hast, dauert die Anmeldung auf einem Computer, Tablet oder Smartphone nur wenige Sekunden. Wer zum ersten Mal spielt, muss vor Spielbeginn ein Konto einrichten; der Vorgang dauert nicht allzu lange.<\/p>\n<p><div class=\"banner-wrap\" aria-label=\"Banner\"><img src=\"https:\/\/thecowboyspin.org\/wp-content\/uploads\/2026\/03\/banner-desktop2x.webp\" class=\"w-100 d-none d-lg-block img-pc main-banner-img\" alt=\"Cowboyspin bonus desktop\" fetchpriority=\"high\" decoding=\"async\"><img src=\"https:\/\/thecowboyspin.org\/wp-content\/uploads\/2026\/03\/banner-mobile2x.webp\" class=\"w-100 d-none d-md-block d-lg-none main-banner-img\" alt=\"Cowboyspin mobile\" fetchpriority=\"high\" decoding=\"async\"><img src=\"https:\/\/thecowboyspin.org\/wp-content\/uploads\/2026\/03\/banner-mobile2x.webp\" class=\"w-100 d-md-none\" alt=\"Cowboyspin mobile\" fetchpriority=\"high\" decoding=\"async\"><div class=\"banner-description\">\n<div class=\"banner-title\">Willkommensboni<\/div>\n<p class=\"banner-header-title\">1500 \u20ac<\/p>\n<div class=\"banner-header-AdditionalText\">+ 250 Freispiele<\/div>\n<button data-item=\"homepage_banner_link\" class=\"goto m-button m-gradient-border m-button--primary m-button--large banner-button btn-orange\">\n            <div class=\"m-button-content\">\n                <span>Jetzt anmelden<\/span>\n                <span><\/span>\n            <\/div>\n        <\/button>\n<\/div>\n<div class=\"WelcomePack\">\n<p><img loading=\"lazy\" decoding=\"async\" class=\"alignnone size-full wp-image-1845\" src=\"https:\/\/thecowboyspin.org\/wp-content\/uploads\/2026\/03\/welcome-crown-1.png\" alt=\"welcome crown\" width=\"25\" height=\"26\" \/><\/p>\n<div class=\"WelcomePack-Info\">W\u00f6chentlicher Cashback von bis zu 25 %<\/div>\n<p><img loading=\"lazy\" decoding=\"async\" class=\"alignnone size-full wp-image-1845\" src=\"https:\/\/thecowboyspin.org\/wp-content\/uploads\/2026\/03\/welcome-crown-1.png\" alt=\"welcome crown\" width=\"25\" height=\"26\" \/><\/p>\n<\/div>\n<\/div><div class=\"scrollable-content-wrap my-5\"><div class=\"scrollable-content-inner\"><h2>Cowboyspin Registrierung f\u00fcr neue Nutzer<\/h2>\n<p>Nur registrierte Spieler haben Zugriff auf die gesamte Cowboyspin Casino Plattform. Durch die Erstellung eines Kontos schaltest du \u00fcber 6.000 Spiele, ein Bonussystem, das h\u00e4lt, was es verspricht, sowie Funktionen frei, die das Spielerlebnis verbessern. Sobald du den Cowboyspin Anmeldevorgang abgeschlossen hast, wird die Verwaltung von Ein- und Auszahlungen unglaublich einfach.<\/p>\n<p>Es stehen Tools f\u00fcr verantwortungsbewusstes Spielen zur Verf\u00fcgung, die Ihnen helfen, gesunde Grenzen zu setzen, und Sie haben zahlreiche M\u00f6glichkeiten, an Werbeaktionen teilzunehmen. Sicherheitsma\u00dfnahmen in Verbindung mit modernen Verschl\u00fcsselungsstandards sch\u00fctzen Ihr Konto vor unbefugten Zugriffsversuchen und verd\u00e4chtigen Anmeldeaktivit\u00e4ten.<\/p>\n<table>\n<tbody>\n<tr>\n<td>Was erscheint nach der Registrierung<\/td>\n<td>Details<\/td>\n<td>Warum das wichtig ist<\/td>\n<\/tr>\n<tr>\n<td>1.500 \u20ac Bonusgeld<\/td>\n<td>Auf Ihre ersten drei Einzahlungen verteilt, nicht auf einmal ausgezahlt<\/td>\n<td>Es h\u00e4lt wochenlang an, anstatt in einer Nacht zu verfliegen<\/td>\n<\/tr>\n<tr>\n<td>250 Freispiele<\/td>\n<td>Werden in kleineren Mengen gutgeschrieben, die du tats\u00e4chlich nutzen kannst<\/td>\n<td>Du verbrauchst nicht 250 Freispiele, bevor sie morgen verfallen<\/td>\n<\/tr>\n<tr>\n<td>Voller Zugang zu den Spielen im Cowboy Spin Casino<\/td>\n<td>Jedes Spiel aus der Bibliothek mit \u00fcber 6.000 Titeln ist sofort verf\u00fcgbar<\/td>\n<td>Wir haben keine \u201eNur f\u00fcr VIP-Mitglieder\u201c-Sperren, die die guten Angebote blockieren<\/td>\n<\/tr>\n<tr>\n<td>Turniere<\/td>\n<td>T\u00e4gliche und w\u00f6chentliche Wettbewerbe, an denen du sofort teilnehmen kannst<\/td>\n<td>Nutzer k\u00f6nnen um echte Preise antreten<\/td>\n<\/tr>\n<tr>\n<td>Sicherheitskontrollen<\/td>\n<td>Einzahlungslimits und Selbstausschluss stehen dir in den Kontoeinstellungen zur Verf\u00fcgung<\/td>\n<td>Sie k\u00f6nnen Grenzen setzen, um verantwortungsbewusst zu spielen<\/td>\n<\/tr>\n<\/tbody>\n<\/table>\n<h3>Anmeldeboni<\/h3>\n<p>Sobald Ihre erste Einzahlung eingegangen ist, erhalten neue Konten automatisch das Cowboyspin-Willkommenspaket. Das ist kein kleines Geschenk: Es umfasst 1.500 \u20ac Bonusgeld und 250 Freispiele, verteilt auf Ihre ersten drei Einzahlungen, damit der Spa\u00df nicht schon nach dem ersten Tag vorbei ist.<\/p>\n<p>Die Umsatzbedingungen f\u00fcr das Willkommenspaket sind fair. Cowboyspin Casino legt klar dar, was Sie tun m\u00fcssen. Es gibt keine versteckten Multiplikatoren in den Fu\u00dfnoten, die Sie bei der Auszahlung \u00fcberraschen k\u00f6nnten.<\/p>\n<h3>Erstellen Sie Ihr Konto<\/h3>\n<p>Um loszulegen, klicke auf die Schaltfl\u00e4che \u201eRegistrieren\u201c, um die Registrierungsseite bei Cowboy Spin zu \u00f6ffnen.<\/p>\n<ol>\n<li>Geben Sie zun\u00e4chst Ihre E-Mail-Adresse und Ihr Passwort ein. Achten Sie darauf, dass Ihr Passwort sicher ist, indem Sie Buchstaben, Zahlen und Sonderzeichen verwenden.<\/li>\n<li>Lies die Allgemeinen Gesch\u00e4ftsbedingungen, bevor du auf \u201eAkzeptieren\u201c klickst. Klicke dann auf \u201eRegistrieren\u201c, um fortzufahren.<\/li>\n<li>Im folgenden Feld werden Sie nach Ihren Vor- und Nachnamen, Ihrem Geburtsdatum, Ihrer Telefonnummer und anderen grundlegenden pers\u00f6nlichen Daten gefragt, die zur Einrichtung eines Kontos erforderlich sind.<\/li>\n<li>Klicken Sie auf \u201eSpeichern\u201c, um alle Angaben zu \u00fcbermitteln, und best\u00e4tigen Sie anschlie\u00dfend Ihre E-Mail-Adresse \u00fcber einen Link, um Ihr Konto zu aktivieren.<\/li>\n<\/ol>\n<p><img loading=\"lazy\" decoding=\"async\" class=\"alignnone size-full wp-image-2003\" src=\"https:\/\/thecowboyspin.org\/wp-content\/uploads\/2026\/03\/Cowboyspin.webp\" alt=\"Cowboyspin login\" width=\"1248\" height=\"536\" srcset=\"https:\/\/thecowboyspin.org\/wp-content\/uploads\/2026\/03\/Cowboyspin.webp 1248w, https:\/\/thecowboyspin.org\/wp-content\/uploads\/2026\/03\/Cowboyspin-300x129.webp 300w, https:\/\/thecowboyspin.org\/wp-content\/uploads\/2026\/03\/Cowboyspin-1024x440.webp 1024w, https:\/\/thecowboyspin.org\/wp-content\/uploads\/2026\/03\/Cowboyspin-768x330.webp 768w\" sizes=\"auto, (max-width: 1248px) 100vw, 1248px\" \/><\/p>\n<h2>Verwaltung eines Cowboyspin Kontos<\/h2>\n<p>Die Anmeldung bei Cowboyspin ist nach wie vor einfach und schnell. Du kannst jedes beliebige Ger\u00e4t verwenden, um uneingeschr\u00e4nkt auf alle Funktionen des Casinos zuzugreifen. Sobald du dich bei Cowboyspin angemeldet hast, kannst du alles \u00fcber dasselbe Dashboard erledigen \u2013 von der Kontoverwaltung \u00fcber das Spielen bis hin zur Nachverfolgung deiner Aktivit\u00e4ten.<\/p>\n<p>Klicken Sie auf die Anmeldeschaltfl\u00e4che, geben Sie Ihre E-Mail-Adresse und Ihr Passwort ein und klicken Sie dann erneut auf \u201eAnmelden\u201c. Sobald Sie angemeldet sind, k\u00f6nnen Sie sofort auf Ihre Kontoeinstellungen, Einzahlungen, Auszahlungen und Ihren Spielfortschritt zugreifen. Aktionen, Pr\u00e4mien f\u00fcr VIPs und die M\u00f6glichkeit, an Turnieren teilzunehmen, finden Sie ebenfalls dort.<\/p>\n<p>\u00dcber Ihr Cowboy Spin Casino Konto k\u00f6nnen Sie Folgendes tun:<\/p>\n<ul>\n<li>Spielen Sie alle Arten von Online-Slots, Tischspielen, Live-Casino-Titeln und Sofortgewinnen.<\/li>\n<li>Ihre gesamte Spielhistorie mit Sitzungen und Ergebnissen einsehen.<\/li>\n<li>Lass dir deine Gewinne auszahlen, sobald du einen Betrag erreicht hast, der sich auszahlen lohnt.<\/li>\n<li>Nehmen Sie an Events und Angeboten teil, die \u00fcberall auf der Plattform stattfinden.<\/li>\n<li>Wenn es sinnvoll ist, Limits zu setzen, aktivieren Sie die Tools f\u00fcr verantwortungsbewusstes Spielen.<\/li>\n<li>\u00c4ndere deine pers\u00f6nlichen Einstellungen, wenn sich deine Daten \u00e4ndern.<\/li>\n<li>Nimm an Cowboyspin Turnieren teil, bei denen du Preise gewinnen kannst, indem du gegen andere Spieler antrittst.<\/li>\n<\/ul>\n<h3>Passwort vergessen?<\/h3>\n<p>Manchmal gehen Passw\u00f6rter einfach aus dem Ged\u00e4chtnis. Mach dir keine Sorgen, das passiert jedem. Es dauert nur ein paar Minuten, um wieder ins Casino zu gelangen und den Cowboyspin-Anmeldevorgang abzuschlie\u00dfen.<\/p>\n<ol>\n<li>Gehen Sie zun\u00e4chst auf die Cowboy Spin Anmeldeseite.<\/li>\n<li>Klicken Sie auf \u201ePasswort vergessen?\u201c, das gut sichtbar neben den Anmeldefeldern zu finden ist.<\/li>\n<li>Geben Sie bitte Ihre registrierte E-Mail-Adresse ein, damit das System das richtige Konto zum Zur\u00fccksetzen finden kann.<\/li>\n<li>Sie sollten eine E-Mail von Cowboyspin Casino in Ihrem Posteingang haben, die einen Link zum \u00c4ndern Ihres Passworts enth\u00e4lt.<\/li>\n<li>Erstelle ein neues, sicheres Passwort und nutze es dann zum Einloggen.<\/li>\n<\/ol>\n<h2>Konto\u00fcberpr\u00fcfung und Sicherheitsma\u00dfnahmen bei Cowboyspin Casino<\/h2>\n<p>Wir verifizieren jedes Cowboyspin-Konto, um die Sicherheit der Spieler zu gew\u00e4hrleisten und die Integrit\u00e4t der Website zu wahren. Um Ihre Identit\u00e4t zu verifizieren, m\u00fcssen Sie eindeutige Unterlagen vorlegen und Ihre Adresse best\u00e4tigen. Nur verifizierte Konten k\u00f6nnen Geld abheben und Boni erhalten.<\/p>\n<p>Unser Team pr\u00fcft die Dokumente innerhalb von 48 Stunden, wobei dieser Vorgang schneller abgeschlossen werden kann, wenn nicht viele Antr\u00e4ge vorliegen. Der Verifizierungsprozess ist Teil des Cowboy Spin KYC-Prozesses. Dieses Verfahren umfasst die \u00dcbertragung verschl\u00fcsselter Daten, die Bereitstellung einer Zwei-Faktor-Authentifizierung f\u00fcr Nutzer sowie die manuelle \u00dcberwachung von Transaktionen auf verd\u00e4chtige Aktivit\u00e4ten.<\/p>\n<h2>FAQ<\/h2>\n<h3>Was soll ich tun, wenn mein Konto gesperrt ist?<\/h3>\n<p>Meistens sind es Sicherheitsma\u00dfnahmen, die Cowboyspin Casino Konten sperren. Melden Sie sich ab und dann wieder an. Dies kann vor\u00fcbergehende Sperren beheben. Stellen Sie sicher, dass Ihre Internetverbindung stabil bleibt.<\/p>\n<p>Wenn Sie sich immer noch nicht anmelden k\u00f6nnen, wenden Sie sich an das Cowboyspin-Supportteam. Unser mehrsprachiger Support hilft Ihnen gerne per Live-Chat bei kurzen Fragen oder per E-Mail, wenn Sie eine ausf\u00fchrlichere Antwort ben\u00f6tigen.<\/p>\n<h3>Wie aktualisiere ich mein Passwort oder meine E-Mail-Adresse?<\/h3>\n<p>In den Einstellungen deines Cowboy Spin Kontos kannst du deine E-Mail-Adresse oder dein Passwort ganz einfach \u00e4ndern. Klicke auf deiner pers\u00f6nlichen Profilseite auf \u201eKontoeinstellungen\u201c und w\u00e4hle dann aus, was du bearbeiten m\u00f6chtest. Gib die neuen Daten ein und \u00fcberpr\u00fcfe noch einmal, ob sie korrekt sind. Das System aktualisiert die Daten sofort, ohne Wartezeit oder Freigabe. Danach kannst du dich problemlos bei Cowboyspin anmelden.<\/p>\n<h3>Kann ich die Zwei-Faktor-Authentifizierung aktivieren oder deaktivieren?<\/h3>\n<p>Sie k\u00f6nnen die Zwei-Faktor-Authentifizierung in Ihren Kontosicherheitseinstellungen jederzeit aktivieren oder deaktivieren. Um sich anzumelden, ben\u00f6tigen Sie Ihr Passwort und ein zeitbasiertes Token aus einer Authentifizierungs-App wie Google Authenticator. Dies sorgt f\u00fcr eine zus\u00e4tzliche Sicherheitsebene. Selbst wenn jemand Ihr Passwort erlangt, wird es f\u00fcr ihn schwieriger, Ihr Konto zu \u00fcbernehmen. Wenn Sie sie deaktivieren, m\u00fcssen Sie diesen Schritt nicht durchf\u00fchren, was die Anmeldung bei Cowboyspin schneller, aber weniger sicher macht.<\/p>\n<\/div><\/div><\/p>\n","protected":false},"excerpt":{"rendered":"<p>Cowboyspin Kontoeinrichtung und Anmeldung Egal, welches Ger\u00e4t du verwendest, der Cowboyspin Login ist schnell und einfach. Sobald du deine Zugangsdaten eingerichtet hast, dauert die Anmeldung auf einem Computer, Tablet oder Smartphone nur wenige Sekunden. Wer zum ersten Mal spielt, muss vor Spielbeginn ein Konto einrichten; der Vorgang dauert nicht allzu lange.<\/p>\n","protected":false},"author":1,"featured_media":0,"parent":0,"menu_order":0,"comment_status":"closed","ping_status":"closed","template":"template-builder.php","meta":{"_acf_changed":false,"inline_featured_image":false,"footnotes":""},"class_list":["post-1483","page","type-page","status-publish","hentry"],"acf":[],"yoast_head":"<!-- This site is optimized with the Yoast SEO plugin v27.3 - https:\/\/yoast.com\/product\/yoast-seo-wordpress\/ -->\n<title>Cowboyspin-Login | Anmelden oder neues Konto erstellen<\/title>\n<meta name=\"description\" content=\"Mit Ihrem pers\u00f6nlichen Cowboyspin-Login gelangen Sie schnell zu Ihrem Konto. Die Registrierung f\u00fcr neue Spieler ist schnell und absolut sicher. Der Zugriff auf die Tools zur Kontoverwaltung garantiert Ihnen rund um die Uhr ein reibungsloses Spielerlebnis.\" \/>\n<meta name=\"robots\" content=\"index, follow, max-snippet:-1, max-image-preview:large, max-video-preview:-1\" \/>\n<link rel=\"canonical\" href=\"https:\/\/thecowboyspin.org\/de\/anmeldung-und-registrierung\/\" \/>\n<meta property=\"og:locale\" content=\"de_DE\" \/>\n<meta property=\"og:type\" content=\"article\" \/>\n<meta property=\"og:title\" content=\"Cowboyspin-Login | Anmelden oder neues Konto erstellen\" \/>\n<meta property=\"og:description\" content=\"Mit Ihrem pers\u00f6nlichen Cowboyspin-Login gelangen Sie schnell zu Ihrem Konto. Die Registrierung f\u00fcr neue Spieler ist schnell und absolut sicher. Der Zugriff auf die Tools zur Kontoverwaltung garantiert Ihnen rund um die Uhr ein reibungsloses Spielerlebnis.\" \/>\n<meta property=\"og:url\" content=\"https:\/\/thecowboyspin.org\/de\/anmeldung-und-registrierung\/\" \/>\n<meta property=\"og:site_name\" content=\"cowboyspin\" \/>\n<meta property=\"article:modified_time\" content=\"2026-03-24T08:45:21+00:00\" \/>\n<meta name=\"twitter:card\" content=\"summary_large_image\" \/>\n<meta name=\"twitter:label1\" content=\"Gesch\u00e4tzte Lesezeit\" \/>\n\t<meta name=\"twitter:data1\" content=\"1\u00a0Minute\" \/>\n<script type=\"application\/ld+json\" class=\"yoast-schema-graph\">{\"@context\":\"https:\\\/\\\/schema.org\",\"@graph\":[{\"@type\":\"WebPage\",\"@id\":\"https:\\\/\\\/thecowboyspin.org\\\/de\\\/anmeldung-und-registrierung\\\/\",\"url\":\"https:\\\/\\\/thecowboyspin.org\\\/de\\\/anmeldung-und-registrierung\\\/\",\"name\":\"Cowboyspin-Login | Anmelden oder neues Konto erstellen\",\"isPartOf\":{\"@id\":\"https:\\\/\\\/thecowboyspin.org\\\/de\\\/#website\"},\"datePublished\":\"2026-01-20T12:11:11+00:00\",\"dateModified\":\"2026-03-24T08:45:21+00:00\",\"description\":\"Mit Ihrem pers\u00f6nlichen Cowboyspin-Login gelangen Sie schnell zu Ihrem Konto. Die Registrierung f\u00fcr neue Spieler ist schnell und absolut sicher. Der Zugriff auf die Tools zur Kontoverwaltung garantiert Ihnen rund um die Uhr ein reibungsloses Spielerlebnis.\",\"breadcrumb\":{\"@id\":\"https:\\\/\\\/thecowboyspin.org\\\/de\\\/anmeldung-und-registrierung\\\/#breadcrumb\"},\"inLanguage\":\"de\",\"potentialAction\":[{\"@type\":\"ReadAction\",\"target\":[\"https:\\\/\\\/thecowboyspin.org\\\/de\\\/anmeldung-und-registrierung\\\/\"]}]},{\"@type\":\"BreadcrumbList\",\"@id\":\"https:\\\/\\\/thecowboyspin.org\\\/de\\\/anmeldung-und-registrierung\\\/#breadcrumb\",\"itemListElement\":[{\"@type\":\"ListItem\",\"position\":1,\"name\":\"Cowboyspin\",\"item\":\"https:\\\/\\\/thecowboyspin.org\\\/de\\\/\"},{\"@type\":\"ListItem\",\"position\":2,\"name\":\"Anmeldung und Registrierung\"}]},{\"@type\":\"WebSite\",\"@id\":\"https:\\\/\\\/thecowboyspin.org\\\/de\\\/#website\",\"url\":\"https:\\\/\\\/thecowboyspin.org\\\/de\\\/\",\"name\":\"Cowboyspin\",\"description\":\"\",\"publisher\":{\"@id\":\"https:\\\/\\\/thecowboyspin.org\\\/de\\\/#organization\"},\"potentialAction\":[{\"@type\":\"SearchAction\",\"target\":{\"@type\":\"EntryPoint\",\"urlTemplate\":\"https:\\\/\\\/thecowboyspin.org\\\/de\\\/?s={search_term_string}\"},\"query-input\":{\"@type\":\"PropertyValueSpecification\",\"valueRequired\":true,\"valueName\":\"search_term_string\"}}],\"inLanguage\":\"de\"},{\"@type\":\"Organization\",\"@id\":\"https:\\\/\\\/thecowboyspin.org\\\/de\\\/#organization\",\"name\":\"Cowboyspin\",\"url\":\"https:\\\/\\\/thecowboyspin.org\\\/de\\\/\",\"logo\":{\"@type\":\"ImageObject\",\"inLanguage\":\"de\",\"@id\":\"https:\\\/\\\/thecowboyspin.org\\\/de\\\/#\\\/schema\\\/logo\\\/image\\\/\",\"url\":\"https:\\\/\\\/thecowboyspin.org\\\/wp-content\\\/uploads\\\/2026\\\/03\\\/cowboyspin-logo.png\",\"contentUrl\":\"https:\\\/\\\/thecowboyspin.org\\\/wp-content\\\/uploads\\\/2026\\\/03\\\/cowboyspin-logo.png\",\"width\":180,\"height\":66,\"caption\":\"Cowboyspin\"},\"image\":{\"@id\":\"https:\\\/\\\/thecowboyspin.org\\\/de\\\/#\\\/schema\\\/logo\\\/image\\\/\"}}]}<\/script>\n<!-- \/ Yoast SEO plugin. -->","yoast_head_json":{"title":"Cowboyspin-Login | Anmelden oder neues Konto erstellen","description":"Mit Ihrem pers\u00f6nlichen Cowboyspin-Login gelangen Sie schnell zu Ihrem Konto. Die Registrierung f\u00fcr neue Spieler ist schnell und absolut sicher. Der Zugriff auf die Tools zur Kontoverwaltung garantiert Ihnen rund um die Uhr ein reibungsloses Spielerlebnis.","robots":{"index":"index","follow":"follow","max-snippet":"max-snippet:-1","max-image-preview":"max-image-preview:large","max-video-preview":"max-video-preview:-1"},"canonical":"https:\/\/thecowboyspin.org\/de\/anmeldung-und-registrierung\/","og_locale":"de_DE","og_type":"article","og_title":"Cowboyspin-Login | Anmelden oder neues Konto erstellen","og_description":"Mit Ihrem pers\u00f6nlichen Cowboyspin-Login gelangen Sie schnell zu Ihrem Konto. Die Registrierung f\u00fcr neue Spieler ist schnell und absolut sicher. Der Zugriff auf die Tools zur Kontoverwaltung garantiert Ihnen rund um die Uhr ein reibungsloses Spielerlebnis.","og_url":"https:\/\/thecowboyspin.org\/de\/anmeldung-und-registrierung\/","og_site_name":"cowboyspin","article_modified_time":"2026-03-24T08:45:21+00:00","twitter_card":"summary_large_image","twitter_misc":{"Gesch\u00e4tzte Lesezeit":"1\u00a0Minute"},"schema":{"@context":"https:\/\/schema.org","@graph":[{"@type":"WebPage","@id":"https:\/\/thecowboyspin.org\/de\/anmeldung-und-registrierung\/","url":"https:\/\/thecowboyspin.org\/de\/anmeldung-und-registrierung\/","name":"Cowboyspin-Login | Anmelden oder neues Konto erstellen","isPartOf":{"@id":"https:\/\/thecowboyspin.org\/de\/#website"},"datePublished":"2026-01-20T12:11:11+00:00","dateModified":"2026-03-24T08:45:21+00:00","description":"Mit Ihrem pers\u00f6nlichen Cowboyspin-Login gelangen Sie schnell zu Ihrem Konto. Die Registrierung f\u00fcr neue Spieler ist schnell und absolut sicher. Der Zugriff auf die Tools zur Kontoverwaltung garantiert Ihnen rund um die Uhr ein reibungsloses Spielerlebnis.","breadcrumb":{"@id":"https:\/\/thecowboyspin.org\/de\/anmeldung-und-registrierung\/#breadcrumb"},"inLanguage":"de","potentialAction":[{"@type":"ReadAction","target":["https:\/\/thecowboyspin.org\/de\/anmeldung-und-registrierung\/"]}]},{"@type":"BreadcrumbList","@id":"https:\/\/thecowboyspin.org\/de\/anmeldung-und-registrierung\/#breadcrumb","itemListElement":[{"@type":"ListItem","position":1,"name":"Cowboyspin","item":"https:\/\/thecowboyspin.org\/de\/"},{"@type":"ListItem","position":2,"name":"Anmeldung und Registrierung"}]},{"@type":"WebSite","@id":"https:\/\/thecowboyspin.org\/de\/#website","url":"https:\/\/thecowboyspin.org\/de\/","name":"Cowboyspin","description":"","publisher":{"@id":"https:\/\/thecowboyspin.org\/de\/#organization"},"potentialAction":[{"@type":"SearchAction","target":{"@type":"EntryPoint","urlTemplate":"https:\/\/thecowboyspin.org\/de\/?s={search_term_string}"},"query-input":{"@type":"PropertyValueSpecification","valueRequired":true,"valueName":"search_term_string"}}],"inLanguage":"de"},{"@type":"Organization","@id":"https:\/\/thecowboyspin.org\/de\/#organization","name":"Cowboyspin","url":"https:\/\/thecowboyspin.org\/de\/","logo":{"@type":"ImageObject","inLanguage":"de","@id":"https:\/\/thecowboyspin.org\/de\/#\/schema\/logo\/image\/","url":"https:\/\/thecowboyspin.org\/wp-content\/uploads\/2026\/03\/cowboyspin-logo.png","contentUrl":"https:\/\/thecowboyspin.org\/wp-content\/uploads\/2026\/03\/cowboyspin-logo.png","width":180,"height":66,"caption":"Cowboyspin"},"image":{"@id":"https:\/\/thecowboyspin.org\/de\/#\/schema\/logo\/image\/"}}]}},"_links":{"self":[{"href":"https:\/\/thecowboyspin.org\/de\/wp-json\/wp\/v2\/pages\/1483","targetHints":{"allow":["GET"]}}],"collection":[{"href":"https:\/\/thecowboyspin.org\/de\/wp-json\/wp\/v2\/pages"}],"about":[{"href":"https:\/\/thecowboyspin.org\/de\/wp-json\/wp\/v2\/types\/page"}],"author":[{"embeddable":true,"href":"https:\/\/thecowboyspin.org\/de\/wp-json\/wp\/v2\/users\/1"}],"replies":[{"embeddable":true,"href":"https:\/\/thecowboyspin.org\/de\/wp-json\/wp\/v2\/comments?post=1483"}],"version-history":[{"count":3,"href":"https:\/\/thecowboyspin.org\/de\/wp-json\/wp\/v2\/pages\/1483\/revisions"}],"predecessor-version":[{"id":2092,"href":"https:\/\/thecowboyspin.org\/de\/wp-json\/wp\/v2\/pages\/1483\/revisions\/2092"}],"wp:attachment":[{"href":"https:\/\/thecowboyspin.org\/de\/wp-json\/wp\/v2\/media?parent=1483"}],"curies":[{"name":"wp","href":"https:\/\/api.w.org\/{rel}","templated":true}]}}