{"id":1442,"date":"2026-01-20T12:08:23","date_gmt":"2026-01-20T12:08:23","guid":{"rendered":"https:\/\/bonuskongcasino.com\/app-2\/"},"modified":"2026-03-24T08:43:39","modified_gmt":"2026-03-24T08:43:39","slug":"app","status":"publish","type":"page","link":"https:\/\/thecowboyspin.org\/de\/app\/","title":{"rendered":"App"},"content":{"rendered":"<h1>Cowboy Spin auf dem Handy nutzen<\/h1>\n<p>Die Cowboyspin App verleiht dem mobilen Casino Gl\u00fccksspiel eine neue Note, die genau so funktioniert, wie du es dir w\u00fcnschst. Die Software l\u00e4uft sowohl auf Android- als auch auf iOS-Smartphones und bietet dir vollen Zugriff auf alle Spiele und Casino-Verwaltungstools.<\/p>\n<p>Egal, welche Bildschirmgr\u00f6\u00dfe du nutzt \u2013 Smartphone, Tablet oder etwas anderes \u2013 die Cowboyspin Oberfl\u00e4che passt sich an. Die Hauptfunktionen sind weiterhin leicht zu finden, da bei der Entwicklung auf eine einfache und komfortable Bedienung geachtet wurde.<\/p>\n<div class=\"banner-wrap\" aria-label=\"Banner\"><img src=\"https:\/\/thecowboyspin.org\/wp-content\/uploads\/2026\/03\/banner-desktop2x.webp\" class=\"w-100 d-none d-lg-block img-pc main-banner-img\" alt=\"Cowboyspin bonus desktop\" fetchpriority=\"high\" decoding=\"async\"><img src=\"https:\/\/thecowboyspin.org\/wp-content\/uploads\/2026\/03\/banner-mobile2x.webp\" class=\"w-100 d-none d-md-block d-lg-none main-banner-img\" alt=\"Cowboyspin mobile\" fetchpriority=\"high\" decoding=\"async\"><img src=\"https:\/\/thecowboyspin.org\/wp-content\/uploads\/2026\/03\/banner-mobile2x.webp\" class=\"w-100 d-md-none\" alt=\"Cowboyspin mobile\" fetchpriority=\"high\" decoding=\"async\"><div class=\"banner-description\">\n<div class=\"banner-title\">Willkommensboni<\/div>\n<p class=\"banner-header-title\">1500 \u20ac<\/p>\n<div class=\"banner-header-AdditionalText\">+ 250 Freispiele<\/div>\n<button data-item=\"homepage_banner_link\" class=\"goto m-button m-gradient-border m-button--primary m-button--large banner-button btn-orange\">\n            <div class=\"m-button-content\">\n                <span>Jetzt anmelden<\/span>\n                <span><\/span>\n            <\/div>\n        <\/button>\n<\/div>\n<div class=\"WelcomePack\">\n<p><img loading=\"lazy\" decoding=\"async\" class=\"alignnone size-full wp-image-1845\" src=\"https:\/\/thecowboyspin.org\/wp-content\/uploads\/2026\/03\/welcome-crown-1.png\" alt=\"welcome crown\" width=\"25\" height=\"26\" \/><\/p>\n<div class=\"WelcomePack-Info\">W\u00f6chentlicher Cashback von bis zu 25 %<\/div>\n<p><img loading=\"lazy\" decoding=\"async\" class=\"alignnone size-full wp-image-1845\" src=\"https:\/\/thecowboyspin.org\/wp-content\/uploads\/2026\/03\/welcome-crown-1.png\" alt=\"welcome crown\" width=\"25\" height=\"26\" \/><\/p>\n<\/div>\n<\/div>\n<h2>Cowboyspin Zugriff \u00fcber Mobilger\u00e4te<\/h2>\n<p>Cowboyspin Casino bietet sowohl eine mobile App als auch eine PC-Version an, die jeweils ihre eigenen Vorteile haben. Beide bieten dir vollen Zugriff auf Spiele, Zahlungsabwicklung und andere Plattformfunktionen. Der Hauptunterschied besteht darin, wo und wie du spielst.<\/p>\n<p>Sie k\u00f6nnen Casinospiele \u00fcberall dort spielen, wo Sie Ihr Smartphone und die Cowboyspin App installiert haben. Sie m\u00fcssen nicht erst einen Browser \u00f6ffnen, um die Software zu starten. Push-Benachrichtigungen sind die beste Funktion der App, da sie Spieler \u00fcber alles auf dem Laufenden halten, was auf der Cowboy Spin Plattform passiert, wie z. B. neue Aktionen, Turnierergebnisse und andere wichtige Neuigkeiten.<\/p>\n<p>Die PC-Version bietet dir einen gr\u00f6\u00dferen Bildschirm. Das ist besonders gut f\u00fcr Online-Slots und Live-Dealer-Spiele, bei denen es wichtig ist, Informationen gut zu sehen. Beide Versionen wickeln Ein- und Auszahlungen auf die gleiche Weise ab, f\u00fchren dich problemlos durch den Verifizierungsprozess und bieten dir Zugang zu Tools f\u00fcr verantwortungsbewusstes Spielen, damit du alles im Griff hast.<\/p>\n<p><div class=\"scrollable-content-wrap my-5\"><div class=\"scrollable-content-inner\"><h2>Cowboyspin iOS App<\/h2>\n<p>Sie k\u00f6nnen die Cowboyspin App auf jedem iPhone oder iPad nutzen. Sie l\u00e4uft in Safari und funktioniert auch als Verkn\u00fcpfung f\u00fcr den schnellen Zugriff. Spieler erhalten Benachrichtigungen \u00fcber:<\/p>\n<ul>\n<li>neue Aktionen,<\/li>\n<li>Turnierergebnisse,<\/li>\n<li>\u00c4nderungen an der Plattform,<\/li>\n<li>und neue Spiele, die zur Bibliothek hinzugef\u00fcgt werden.<\/li>\n<\/ul>\n<p>Sie k\u00f6nnen das Cowboyspin Casino sofort aufrufen, indem Sie auf das Symbol auf Ihrem Startbildschirm tippen.<\/p>\n<h3>So installieren Sie die Cowboyspin Casino iOS App<\/h3>\n<p>Es ist ganz einfach, die App auf dein iPhone oder iPad zu laden:<\/p>\n<ol>\n<li>Wenn die Cowboyspin Website ge\u00f6ffnet ist, suchen Sie nach der Schaltfl\u00e4che \u201eTeilen\u201c am unteren Bildschirmrand. Wenn Sie darauf tippen, erscheint ein Men\u00fc mit verschiedenen Optionen.<\/li>\n<li>Tippen Sie nach dem Herunterscrollen auf \u201eZum Startbildschirm hinzuf\u00fcgen\u201c.<\/li>\n<li>Safari zeigt dir eine Vorschau, wie das Symbol auf deinem Startbildschirm aussehen wird. Du kannst es sogar \u00e4ndern, wenn dir der Standardname nicht gef\u00e4llt oder du einen k\u00fcrzeren Namen bevorzugst.<\/li>\n<li>Wenn du oben rechts auf \u201eHinzuf\u00fcgen\u201c tippst, um alles zu best\u00e4tigen, erscheint das Cowboy Spin App Symbol auf deinem Startbildschirm zusammen mit all deinen anderen Apps.<\/li>\n<li>Um das Casino jetzt zu \u00f6ffnen, tippe einfach auf das Symbol, wie du es bei jeder anderen App tun w\u00fcrdest.<\/li>\n<\/ol>\n<p><img loading=\"lazy\" decoding=\"async\" class=\"alignnone size-full wp-image-1993\" src=\"https:\/\/thecowboyspin.org\/wp-content\/uploads\/2026\/03\/Cowboyspin-iOS-App.webp\" alt=\"Cowboyspin iOS App\" width=\"1248\" height=\"536\" srcset=\"https:\/\/thecowboyspin.org\/wp-content\/uploads\/2026\/03\/Cowboyspin-iOS-App.webp 1248w, https:\/\/thecowboyspin.org\/wp-content\/uploads\/2026\/03\/Cowboyspin-iOS-App-300x129.webp 300w, https:\/\/thecowboyspin.org\/wp-content\/uploads\/2026\/03\/Cowboyspin-iOS-App-1024x440.webp 1024w, https:\/\/thecowboyspin.org\/wp-content\/uploads\/2026\/03\/Cowboyspin-iOS-App-768x330.webp 768w\" sizes=\"auto, (max-width: 1248px) 100vw, 1248px\" \/><\/p>\n<\/div><\/div><div style=\"clear: both\"><\/div><div class=\"d-flex justify-content-center\"><button data-item=\"decouvrez_link\" data-group=\"website_links\" class=\"goto fw-bold rounded-pill btn btn-orange\" aria-label=\"Laden Sie die Cowboyspin-App herunter\" >Laden Sie die Cowboyspin-App herunter<\/button><\/div><div class=\"scrollable-content-wrap my-5\"><div class=\"scrollable-content-inner\"><h2>Cowboyspin Android App<\/h2>\n<p>F\u00fcr Android ist die Cowboyspin App als Progressive Web App (PWA) verf\u00fcgbar, die keinerlei APK-Dateien ben\u00f6tigt. Du kannst die PWA direkt von der Website installieren, sie zu deinem Startbildschirm hinzuf\u00fcgen und sie l\u00e4uft in deinem Browser ohne jegliche Drittanbieter-Quellen. Dieses Format erleichtert den schnellen Zugriff auf alle Funktionen. Du erh\u00e4ltst standardm\u00e4\u00dfig vollen Zugriff auf alle Spiele und Tools des Cowboyspin Casinos. Das Spielen auf Android-Smartphones bietet ein gro\u00dfartiges Spielerlebnis, ohne zu viel Speicherplatz zu beanspruchen.<\/p>\n<p>Die Android-Version der Cowboy Spin App ist durchweg schnell und einfach zu bedienen. Du kannst Spiele spielen, Zahlungen vornehmen, Boni erhalten und deine Kontoeinstellungen \u00e4ndern, genau wie auf anderen Plattformen. Das Cowboyspin Casino sendet dir Benachrichtigungen, um dich \u00fcber die aktuellen Ereignisse auf der Plattform auf dem Laufenden zu halten.<\/p>\n<p><img loading=\"lazy\" decoding=\"async\" class=\"alignnone size-full wp-image-1977\" src=\"https:\/\/thecowboyspin.org\/wp-content\/uploads\/2026\/03\/Cowboyspin-Android-App.webp\" alt=\"Cowboyspin Android App\" width=\"1248\" height=\"536\" srcset=\"https:\/\/thecowboyspin.org\/wp-content\/uploads\/2026\/03\/Cowboyspin-Android-App.webp 1248w, https:\/\/thecowboyspin.org\/wp-content\/uploads\/2026\/03\/Cowboyspin-Android-App-300x129.webp 300w, https:\/\/thecowboyspin.org\/wp-content\/uploads\/2026\/03\/Cowboyspin-Android-App-1024x440.webp 1024w, https:\/\/thecowboyspin.org\/wp-content\/uploads\/2026\/03\/Cowboyspin-Android-App-768x330.webp 768w\" sizes=\"auto, (max-width: 1248px) 100vw, 1248px\" \/><\/p>\n<\/div><\/div><div style=\"clear: both\"><\/div><div class=\"d-flex justify-content-center\"><button data-item=\"decouvrez_link\" data-group=\"website_links\" class=\"goto fw-bold rounded-pill btn btn-orange\" aria-label=\"Laden Sie die Cowboyspin-App herunter\" >Laden Sie die Cowboyspin-App herunter<\/button><\/div><div class=\"scrollable-content-wrap my-5\"><div class=\"scrollable-content-inner\"><h2>Windows und Mac Anwendungen<\/h2>\n<p>Die Cowboyspin Casino App funktioniert sowohl auf Windows- als auch auf Mac-Computern. Es sind keine komplizierten Installationen oder umfangreichen Downloads erforderlich. Spieler erstellen Verkn\u00fcpfungen auf ihrem Desktop, die sie direkt zur Casino-Website f\u00fchren. Diese Verkn\u00fcpfungen fungieren wie eigenst\u00e4ndige Web-Apps, mit denen Spieler die Website mit nur einem Klick aufrufen k\u00f6nnen.<\/p>\n<p>Die Benutzeroberfl\u00e4che wurde f\u00fcr gro\u00dfe Desktop-Bildschirme entwickelt und unterst\u00fctzt hochwertiges Streaming, sodass du das volle Potenzial der Bildschirmgr\u00f6\u00dfe nutzen kannst. Desktop-Computer sind schneller als mobile Prozessoren; daher werden Spiele in hervorragender Qualit\u00e4t gestreamt.<\/p>\n<h3>Vorteile der PWA-Sicherheit<\/h3>\n<p>Die Architektur der Cowboyspin Progressive Web App bietet neben der Benutzerfreundlichkeit echte Sicherheitsvorteile. Wenn Sie keine Dateien herunterladen, besteht keine Gefahr, sich einen Virus einzufangen. Sie nutzen lediglich Ihren Browser, um auf eine sichere Webplattform zuzugreifen. Alles l\u00e4uft \u00fcber HTTPS, was bedeutet, dass Daten standardm\u00e4\u00dfig verschl\u00fcsselt sind. Updates erfolgen automatisch, sobald Sie die PWA \u00f6ffnen, sodass Sie niemals versehentlich eine alte, anf\u00e4llige Version einer App ausf\u00fchren, die Sicherheitsl\u00fccken aufweist.<\/p>\n<table>\n<tbody>\n<tr>\n<td>Cowboyspin Sicherheitsfunktion<\/td>\n<td>So sch\u00fctzt es Sie<\/td>\n<td>Was Sie erhalten<\/td>\n<\/tr>\n<tr>\n<td>Sandbox Umgebung<\/td>\n<td>Die PWA greift nur auf die Informationen zu, die sie ben\u00f6tigt, sodass Ihre pers\u00f6nlichen Daten getrennt bleiben<\/td>\n<td>Ihre Kontakte, Bilder und Informationen sind sicher und vertraulich<\/td>\n<\/tr>\n<tr>\n<td>Keine Dateidownloads<\/td>\n<td>Sie m\u00fcssen nichts installieren, um die Anwendung zu nutzen; sie l\u00e4uft direkt in Ihrem Browser<\/td>\n<td>Sauberes Ger\u00e4t ohne zus\u00e4tzliche Dateien oder versteckte Informationen<\/td>\n<\/tr>\n<tr>\n<td>HTTPS ist immer aktiviert<\/td>\n<td>Jedes Datenbit wird zwischen Ihnen und Cowboy Spin verschl\u00fcsselt \u00fcbertragen<\/td>\n<td>Deine Passw\u00f6rter, Zahlungen und pers\u00f6nlichen Daten werden durch Verschl\u00fcsselung auf Bankenniveau sicher gesch\u00fctzt<\/td>\n<\/tr>\n<tr>\n<td>Updates erfolgen automatisch<\/td>\n<td>Die neuesten Sicherheitsupdates werden sofort im Hintergrund wirksam<\/td>\n<td>Dank der neuesten Schutzma\u00dfnahmen sind Sie immer sicher, und Sie m\u00fcssen nichts tun, um davon zu profitieren<\/td>\n<\/tr>\n<\/tbody>\n<\/table>\n<p><img loading=\"lazy\" decoding=\"async\" class=\"alignnone size-full wp-image-1985\" src=\"https:\/\/thecowboyspin.org\/wp-content\/uploads\/2026\/03\/Cowboyspin-Desktop.webp\" alt=\"Cowboyspin Desktop\" width=\"1248\" height=\"536\" srcset=\"https:\/\/thecowboyspin.org\/wp-content\/uploads\/2026\/03\/Cowboyspin-Desktop.webp 1248w, https:\/\/thecowboyspin.org\/wp-content\/uploads\/2026\/03\/Cowboyspin-Desktop-300x129.webp 300w, https:\/\/thecowboyspin.org\/wp-content\/uploads\/2026\/03\/Cowboyspin-Desktop-1024x440.webp 1024w, https:\/\/thecowboyspin.org\/wp-content\/uploads\/2026\/03\/Cowboyspin-Desktop-768x330.webp 768w\" sizes=\"auto, (max-width: 1248px) 100vw, 1248px\" \/><\/p>\n<\/div><\/div><div style=\"clear: both\"><\/div><div class=\"d-flex justify-content-center\"><button data-item=\"decouvrez_link\" data-group=\"website_links\" class=\"goto fw-bold rounded-pill btn btn-orange\" aria-label=\"Laden Sie die Cowboyspin-App herunter\" >Laden Sie die Cowboyspin-App herunter<\/button><\/div><div class=\"scrollable-content-wrap my-5\"><div class=\"scrollable-content-inner\"><h2>FAQ<\/h2>\n<h3>Kann ich die App au\u00dferhalb der offiziellen App Stores installieren?<\/h3>\n<p>Genau darin liegt der Vorteil der PWA-Technologie bei Cowboyspin. Du kannst die App direkt \u00fcber deinen Browser von der Website installieren, ohne den App Store oder Google Play nutzen zu m\u00fcssen. Rufe einfach die Website auf und f\u00fcge sie selbst zu deinem Startbildschirm hinzu.<\/p>\n<h3>Muss man ein Konto erstellen, um die Cowboyspin App nutzen zu k\u00f6nnen?<\/h3>\n<p>Bevor du die Cowboy Spin App nutzen kannst, musst du ein Konto erstellen. Sobald du dich angemeldet hast, kannst du Spiele spielen, Boni erhalten, Geld einzahlen und Geld abheben. Ohne Konto bleibt die Plattform gesperrt, da der Demo-Modus nicht alle Funktionen abdeckt.<\/p>\n<h3>Bietet die Casino App Kundensupport?<\/h3>\n<p>Die Cowboyspin Casino App verf\u00fcgt \u00fcber eine in die Benutzeroberfl\u00e4che integrierte Live-Chat-Funktion, \u00fcber die du sofort mit dem Kundenservice sprechen kannst. Der Support ist rund um die Uhr verf\u00fcgbar und beantwortet Fragen z\u00fcgig. Das kompetente Support-Team kann dir bei allen Anliegen helfen. Falls dein Anliegen mehr Erkl\u00e4rungen erfordert, als im Chat m\u00f6glich sind, steht dir auch ein E-Mail-Support zur Verf\u00fcgung.<\/p>\n<\/div><\/div><\/p>\n","protected":false},"excerpt":{"rendered":"<p>Cowboy Spin auf dem Handy nutzen Die Cowboyspin App verleiht dem mobilen Casino Gl\u00fccksspiel eine neue Note, die genau so funktioniert, wie du es dir w\u00fcnschst. Die Software l\u00e4uft sowohl auf Android- als auch auf iOS-Smartphones und bietet dir vollen Zugriff auf alle Spiele und Casino-Verwaltungstools. Egal, welche Bildschirmgr\u00f6\u00dfe du nutzt \u2013 Smartphone, Tablet oder [&hellip;]<\/p>\n","protected":false},"author":1,"featured_media":0,"parent":0,"menu_order":0,"comment_status":"closed","ping_status":"closed","template":"template-builder.php","meta":{"_acf_changed":false,"inline_featured_image":false,"footnotes":""},"class_list":["post-1442","page","type-page","status-publish","hentry"],"acf":[],"yoast_head":"<!-- This site is optimized with the Yoast SEO plugin v27.3 - https:\/\/yoast.com\/product\/yoast-seo-wordpress\/ -->\n<title>Cowboyspin Casino App | F\u00fcr Mobilger\u00e4te herunterladen<\/title>\n<meta name=\"description\" content=\"Die Cowboyspin-App bietet Zugriff auf alle Ihre Lieblingsspiele auf Smartphones, Tablets und Desktops. Spieler profitieren von schnellen Ladezeiten, sicherem In-App-Banking und synchronisierten Boni und Kontodaten.\" \/>\n<meta name=\"robots\" content=\"index, follow, max-snippet:-1, max-image-preview:large, max-video-preview:-1\" \/>\n<link rel=\"canonical\" href=\"https:\/\/thecowboyspin.org\/de\/app\/\" \/>\n<meta property=\"og:locale\" content=\"de_DE\" \/>\n<meta property=\"og:type\" content=\"article\" \/>\n<meta property=\"og:title\" content=\"Cowboyspin Casino App | F\u00fcr Mobilger\u00e4te herunterladen\" \/>\n<meta property=\"og:description\" content=\"Die Cowboyspin-App bietet Zugriff auf alle Ihre Lieblingsspiele auf Smartphones, Tablets und Desktops. Spieler profitieren von schnellen Ladezeiten, sicherem In-App-Banking und synchronisierten Boni und Kontodaten.\" \/>\n<meta property=\"og:url\" content=\"https:\/\/thecowboyspin.org\/de\/app\/\" \/>\n<meta property=\"og:site_name\" content=\"cowboyspin\" \/>\n<meta property=\"article:modified_time\" content=\"2026-03-24T08:43:39+00:00\" \/>\n<meta name=\"twitter:card\" content=\"summary_large_image\" \/>\n<meta name=\"twitter:label1\" content=\"Gesch\u00e4tzte Lesezeit\" \/>\n\t<meta name=\"twitter:data1\" content=\"2\u00a0Minuten\" \/>\n<script type=\"application\/ld+json\" class=\"yoast-schema-graph\">{\"@context\":\"https:\\\/\\\/schema.org\",\"@graph\":[{\"@type\":\"WebPage\",\"@id\":\"https:\\\/\\\/thecowboyspin.org\\\/de\\\/app\\\/\",\"url\":\"https:\\\/\\\/thecowboyspin.org\\\/de\\\/app\\\/\",\"name\":\"Cowboyspin Casino App | F\u00fcr Mobilger\u00e4te herunterladen\",\"isPartOf\":{\"@id\":\"https:\\\/\\\/thecowboyspin.org\\\/de\\\/#website\"},\"datePublished\":\"2026-01-20T12:08:23+00:00\",\"dateModified\":\"2026-03-24T08:43:39+00:00\",\"description\":\"Die Cowboyspin-App bietet Zugriff auf alle Ihre Lieblingsspiele auf Smartphones, Tablets und Desktops. Spieler profitieren von schnellen Ladezeiten, sicherem In-App-Banking und synchronisierten Boni und Kontodaten.\",\"breadcrumb\":{\"@id\":\"https:\\\/\\\/thecowboyspin.org\\\/de\\\/app\\\/#breadcrumb\"},\"inLanguage\":\"de\",\"potentialAction\":[{\"@type\":\"ReadAction\",\"target\":[\"https:\\\/\\\/thecowboyspin.org\\\/de\\\/app\\\/\"]}]},{\"@type\":\"BreadcrumbList\",\"@id\":\"https:\\\/\\\/thecowboyspin.org\\\/de\\\/app\\\/#breadcrumb\",\"itemListElement\":[{\"@type\":\"ListItem\",\"position\":1,\"name\":\"Cowboyspin\",\"item\":\"https:\\\/\\\/thecowboyspin.org\\\/de\\\/\"},{\"@type\":\"ListItem\",\"position\":2,\"name\":\"App\"}]},{\"@type\":\"WebSite\",\"@id\":\"https:\\\/\\\/thecowboyspin.org\\\/de\\\/#website\",\"url\":\"https:\\\/\\\/thecowboyspin.org\\\/de\\\/\",\"name\":\"Cowboyspin\",\"description\":\"\",\"publisher\":{\"@id\":\"https:\\\/\\\/thecowboyspin.org\\\/de\\\/#organization\"},\"potentialAction\":[{\"@type\":\"SearchAction\",\"target\":{\"@type\":\"EntryPoint\",\"urlTemplate\":\"https:\\\/\\\/thecowboyspin.org\\\/de\\\/?s={search_term_string}\"},\"query-input\":{\"@type\":\"PropertyValueSpecification\",\"valueRequired\":true,\"valueName\":\"search_term_string\"}}],\"inLanguage\":\"de\"},{\"@type\":\"Organization\",\"@id\":\"https:\\\/\\\/thecowboyspin.org\\\/de\\\/#organization\",\"name\":\"Cowboyspin\",\"url\":\"https:\\\/\\\/thecowboyspin.org\\\/de\\\/\",\"logo\":{\"@type\":\"ImageObject\",\"inLanguage\":\"de\",\"@id\":\"https:\\\/\\\/thecowboyspin.org\\\/de\\\/#\\\/schema\\\/logo\\\/image\\\/\",\"url\":\"https:\\\/\\\/thecowboyspin.org\\\/wp-content\\\/uploads\\\/2026\\\/03\\\/cowboyspin-logo.png\",\"contentUrl\":\"https:\\\/\\\/thecowboyspin.org\\\/wp-content\\\/uploads\\\/2026\\\/03\\\/cowboyspin-logo.png\",\"width\":180,\"height\":66,\"caption\":\"Cowboyspin\"},\"image\":{\"@id\":\"https:\\\/\\\/thecowboyspin.org\\\/de\\\/#\\\/schema\\\/logo\\\/image\\\/\"}}]}<\/script>\n<!-- \/ Yoast SEO plugin. -->","yoast_head_json":{"title":"Cowboyspin Casino App | F\u00fcr Mobilger\u00e4te herunterladen","description":"Die Cowboyspin-App bietet Zugriff auf alle Ihre Lieblingsspiele auf Smartphones, Tablets und Desktops. Spieler profitieren von schnellen Ladezeiten, sicherem In-App-Banking und synchronisierten Boni und Kontodaten.","robots":{"index":"index","follow":"follow","max-snippet":"max-snippet:-1","max-image-preview":"max-image-preview:large","max-video-preview":"max-video-preview:-1"},"canonical":"https:\/\/thecowboyspin.org\/de\/app\/","og_locale":"de_DE","og_type":"article","og_title":"Cowboyspin Casino App | F\u00fcr Mobilger\u00e4te herunterladen","og_description":"Die Cowboyspin-App bietet Zugriff auf alle Ihre Lieblingsspiele auf Smartphones, Tablets und Desktops. Spieler profitieren von schnellen Ladezeiten, sicherem In-App-Banking und synchronisierten Boni und Kontodaten.","og_url":"https:\/\/thecowboyspin.org\/de\/app\/","og_site_name":"cowboyspin","article_modified_time":"2026-03-24T08:43:39+00:00","twitter_card":"summary_large_image","twitter_misc":{"Gesch\u00e4tzte Lesezeit":"2\u00a0Minuten"},"schema":{"@context":"https:\/\/schema.org","@graph":[{"@type":"WebPage","@id":"https:\/\/thecowboyspin.org\/de\/app\/","url":"https:\/\/thecowboyspin.org\/de\/app\/","name":"Cowboyspin Casino App | F\u00fcr Mobilger\u00e4te herunterladen","isPartOf":{"@id":"https:\/\/thecowboyspin.org\/de\/#website"},"datePublished":"2026-01-20T12:08:23+00:00","dateModified":"2026-03-24T08:43:39+00:00","description":"Die Cowboyspin-App bietet Zugriff auf alle Ihre Lieblingsspiele auf Smartphones, Tablets und Desktops. Spieler profitieren von schnellen Ladezeiten, sicherem In-App-Banking und synchronisierten Boni und Kontodaten.","breadcrumb":{"@id":"https:\/\/thecowboyspin.org\/de\/app\/#breadcrumb"},"inLanguage":"de","potentialAction":[{"@type":"ReadAction","target":["https:\/\/thecowboyspin.org\/de\/app\/"]}]},{"@type":"BreadcrumbList","@id":"https:\/\/thecowboyspin.org\/de\/app\/#breadcrumb","itemListElement":[{"@type":"ListItem","position":1,"name":"Cowboyspin","item":"https:\/\/thecowboyspin.org\/de\/"},{"@type":"ListItem","position":2,"name":"App"}]},{"@type":"WebSite","@id":"https:\/\/thecowboyspin.org\/de\/#website","url":"https:\/\/thecowboyspin.org\/de\/","name":"Cowboyspin","description":"","publisher":{"@id":"https:\/\/thecowboyspin.org\/de\/#organization"},"potentialAction":[{"@type":"SearchAction","target":{"@type":"EntryPoint","urlTemplate":"https:\/\/thecowboyspin.org\/de\/?s={search_term_string}"},"query-input":{"@type":"PropertyValueSpecification","valueRequired":true,"valueName":"search_term_string"}}],"inLanguage":"de"},{"@type":"Organization","@id":"https:\/\/thecowboyspin.org\/de\/#organization","name":"Cowboyspin","url":"https:\/\/thecowboyspin.org\/de\/","logo":{"@type":"ImageObject","inLanguage":"de","@id":"https:\/\/thecowboyspin.org\/de\/#\/schema\/logo\/image\/","url":"https:\/\/thecowboyspin.org\/wp-content\/uploads\/2026\/03\/cowboyspin-logo.png","contentUrl":"https:\/\/thecowboyspin.org\/wp-content\/uploads\/2026\/03\/cowboyspin-logo.png","width":180,"height":66,"caption":"Cowboyspin"},"image":{"@id":"https:\/\/thecowboyspin.org\/de\/#\/schema\/logo\/image\/"}}]}},"_links":{"self":[{"href":"https:\/\/thecowboyspin.org\/de\/wp-json\/wp\/v2\/pages\/1442","targetHints":{"allow":["GET"]}}],"collection":[{"href":"https:\/\/thecowboyspin.org\/de\/wp-json\/wp\/v2\/pages"}],"about":[{"href":"https:\/\/thecowboyspin.org\/de\/wp-json\/wp\/v2\/types\/page"}],"author":[{"embeddable":true,"href":"https:\/\/thecowboyspin.org\/de\/wp-json\/wp\/v2\/users\/1"}],"replies":[{"embeddable":true,"href":"https:\/\/thecowboyspin.org\/de\/wp-json\/wp\/v2\/comments?post=1442"}],"version-history":[{"count":4,"href":"https:\/\/thecowboyspin.org\/de\/wp-json\/wp\/v2\/pages\/1442\/revisions"}],"predecessor-version":[{"id":2090,"href":"https:\/\/thecowboyspin.org\/de\/wp-json\/wp\/v2\/pages\/1442\/revisions\/2090"}],"wp:attachment":[{"href":"https:\/\/thecowboyspin.org\/de\/wp-json\/wp\/v2\/media?parent=1442"}],"curies":[{"name":"wp","href":"https:\/\/api.w.org\/{rel}","templated":true}]}}